{"id":6559,"date":"2023-12-04T11:33:22","date_gmt":"2023-12-04T10:33:22","guid":{"rendered":"https:\/\/antcube.shop\/product\/heizmatte-26x28cm-14w\/"},"modified":"2026-03-30T10:31:01","modified_gmt":"2026-03-30T08:31:01","slug":"kuttematt-26x28cm-14w","status":"publish","type":"product","link":"https:\/\/antcube.shop\/et\/toode\/kuttematt-26x28cm-14w\/","title":{"rendered":"Soojendusmatt 26x28cm - 14W"},"content":{"rendered":"<p><strong>M\u00f5\u00f5tmed:<\/strong> 26 x 28 cm<\/p>\n<p><strong>V\u00f5imsus:<\/strong> 14 vatti<\/p>\n<p><strong>Pinnatemperatuur:<\/strong> 28-32 \u00b0C<\/p>\n<p><strong>Kirjeldus:<\/strong> K\u00fctevaip formikaariumi jaoks - eriti sobiv soojemate riikide liikidele. Soojendusmatid kiirgavad infrapunasoojust, mis sarnaneb keraamiliste kiirgussoojendajatega. Kiired soojendavad esemeid ja loomi ilma \u00f5hutemperatuuri oluliselt t\u00f5stmata. Seet\u00f5ttu on need ideaalsed \"p\u00e4evituskohtade\" pakkumiseks. Seega on v\u00f5imalik paremini saavutada ja kontrollida k\u00f5iki vajalikke temperatuuriastmeid formikaariumis. Need k\u00fcttemattid on isekleepuvad ja neid saab seega h\u00f5lpsasti formikaariumi k\u00fclge kinnitada.<\/p>\n<p><strong>M\u00e4rkus:<\/strong> \u00c4rge kunagi asetage k\u00fctteelemente otse formikaariumi alla, alati tuleb tagada, et soojus saaks \u00e4ra juhtida, et v\u00e4ltida kuumuse kuumenemist v\u00f5i formikaariumi kahjustamist.<\/p>","protected":false},"excerpt":{"rendered":"<p><strong>M\u00f5\u00f5tmed:<\/strong> 26 x 28 cm \/ Euro-pistik 230 volti jaoks<\/p>","protected":false},"featured_media":6619,"comment_status":"open","ping_status":"closed","template":"","meta":{"_acf_changed":false,"content-type":"","_monsterinsights_skip_tracking":false,"_monsterinsights_sitenote_active":false,"_monsterinsights_sitenote_note":"","_monsterinsights_sitenote_category":0},"product_brand":[],"product_cat":[359,119],"product_tag":[],"class_list":{"0":"post-6559","1":"product","2":"type-product","3":"status-publish","4":"has-post-thumbnail","6":"product_cat-light-heat-humidity","7":"product_cat-formicarium-components","9":"first","10":"instock","11":"taxable","12":"shipping-taxable","13":"purchasable","14":"product-type-simple"},"acf":[],"aioseo_notices":[],"jetpack_sharing_enabled":true,"_links":{"self":[{"href":"https:\/\/antcube.shop\/et\/wp-json\/wp\/v2\/product\/6559","targetHints":{"allow":["GET"]}}],"collection":[{"href":"https:\/\/antcube.shop\/et\/wp-json\/wp\/v2\/product"}],"about":[{"href":"https:\/\/antcube.shop\/et\/wp-json\/wp\/v2\/types\/product"}],"replies":[{"embeddable":true,"href":"https:\/\/antcube.shop\/et\/wp-json\/wp\/v2\/comments?post=6559"}],"wp:featuredmedia":[{"embeddable":true,"href":"https:\/\/antcube.shop\/et\/wp-json\/wp\/v2\/media\/6619"}],"wp:attachment":[{"href":"https:\/\/antcube.shop\/et\/wp-json\/wp\/v2\/media?parent=6559"}],"wp:term":[{"taxonomy":"product_brand","embeddable":true,"href":"https:\/\/antcube.shop\/et\/wp-json\/wp\/v2\/product_brand?post=6559"},{"taxonomy":"product_cat","embeddable":true,"href":"https:\/\/antcube.shop\/et\/wp-json\/wp\/v2\/product_cat?post=6559"},{"taxonomy":"product_tag","embeddable":true,"href":"https:\/\/antcube.shop\/et\/wp-json\/wp\/v2\/product_tag?post=6559"}],"curies":[{"name":"wp","href":"https:\/\/api.w.org\/{rel}","templated":true}]}}