{"id":6555,"date":"2023-12-04T11:27:26","date_gmt":"2023-12-04T10:27:26","guid":{"rendered":"https:\/\/antcube.shop\/product\/ameisenarena-lampenfassung-e27\/"},"modified":"2026-04-16T09:54:56","modified_gmt":"2026-04-16T07:54:56","slug":"ant-arena-lambipesa-e27","status":"publish","type":"product","link":"https:\/\/antcube.shop\/et\/toode\/ant-arena-lambipesa-e27\/","title":{"rendered":"Ant Arena - lambipesa - E27"},"content":{"rendered":"<p><strong>Sisu:<\/strong><br \/>\n- E27 plastist lambipesa koos v\u00f5rgukaabli ja l\u00fclitiga<br \/>\n- l\u00e4bipaistev akr\u00fc\u00fclr\u00f5ngas kinnitamiseks 50 mm aukudesse<\/p>\n<p><strong>Materjal:<\/strong> pistikupesa (plastik); hoidik (plastik); kaabel (vask, plastikmantliga); PMMA-r\u00f5ngas (kinnitamiseks 50 mm aukudesse)<\/p>\n<p><strong>V\u00e4rv:<\/strong> helehall<\/p>\n<p><strong>Tehnilised andmed:<\/strong><br \/>\nPistikupesa m\u00f5\u00f5tmed: 4,5\u00d74,5\u00d76 cm<br \/>\nKaabli pikkus: 3,5 m<br \/>\nV\u00f5imsus: max 60W<br \/>\nPistikupesa: E27<\/p>\n<p><strong>T\u00c4HELEPANU: <\/strong>kui seda kasutatakse koos meie h\u00fcbriidkattega ja 5 cm laiuste Arena raamidega, ei sobi see lambihoidja. H\u00fcbriidkatte jaoks on vaja 3 cm laiust raami.<\/p>\n<p><strong>Kirjeldus:<\/strong><br \/>\nSipelgasala valgustamiseks v\u00f5ib selle pesa \u00fchendada otse sipelgasala kaane k\u00fclge.<\/p>\n<p>&nbsp;<\/p>","protected":false},"excerpt":{"rendered":"<p>Sisu: - E27 plastist lambipesa koos v\u00f5rgukaabli ja l\u00fclitiga - l\u00e4bipaistev akr\u00fc\u00fclr\u00f5ngas 50 mm aukude kinnitamiseks Materjal: sokkel (plast); lambipesa (plast); juhe (vask, plastmantliga); PMMA-r\u00f5ngas (50 mm aukude kinnitamiseks) V\u00e4rv: helehall Tehnilised andmed: Pistikupesa m\u00f5\u00f5tmed: Kaabli pikkus: 3,5 m V\u00f5imsus: max 60W [...]","protected":false},"featured_media":7574,"comment_status":"open","ping_status":"closed","template":"","meta":{"_acf_changed":false,"content-type":"","_monsterinsights_skip_tracking":false,"_monsterinsights_sitenote_active":false,"_monsterinsights_sitenote_note":"","_monsterinsights_sitenote_category":0},"product_brand":[],"product_cat":[359,119],"product_tag":[],"class_list":{"0":"post-6555","1":"product","2":"type-product","3":"status-publish","4":"has-post-thumbnail","6":"product_cat-light-heat-humidity","7":"product_cat-formicarium-components","9":"first","10":"outofstock","11":"taxable","12":"shipping-taxable","13":"purchasable","14":"product-type-simple"},"acf":[],"aioseo_notices":[],"jetpack_sharing_enabled":true,"_links":{"self":[{"href":"https:\/\/antcube.shop\/et\/wp-json\/wp\/v2\/product\/6555","targetHints":{"allow":["GET"]}}],"collection":[{"href":"https:\/\/antcube.shop\/et\/wp-json\/wp\/v2\/product"}],"about":[{"href":"https:\/\/antcube.shop\/et\/wp-json\/wp\/v2\/types\/product"}],"replies":[{"embeddable":true,"href":"https:\/\/antcube.shop\/et\/wp-json\/wp\/v2\/comments?post=6555"}],"wp:featuredmedia":[{"embeddable":true,"href":"https:\/\/antcube.shop\/et\/wp-json\/wp\/v2\/media\/7574"}],"wp:attachment":[{"href":"https:\/\/antcube.shop\/et\/wp-json\/wp\/v2\/media?parent=6555"}],"wp:term":[{"taxonomy":"product_brand","embeddable":true,"href":"https:\/\/antcube.shop\/et\/wp-json\/wp\/v2\/product_brand?post=6555"},{"taxonomy":"product_cat","embeddable":true,"href":"https:\/\/antcube.shop\/et\/wp-json\/wp\/v2\/product_cat?post=6555"},{"taxonomy":"product_tag","embeddable":true,"href":"https:\/\/antcube.shop\/et\/wp-json\/wp\/v2\/product_tag?post=6555"}],"curies":[{"name":"wp","href":"https:\/\/api.w.org\/{rel}","templated":true}]}}