{"id":6377,"date":"2023-10-06T18:09:26","date_gmt":"2023-10-06T16:09:26","guid":{"rendered":"https:\/\/antcube.shop\/product\/bundle-offer-polyrhachis-dives\/"},"modified":"2026-03-27T18:08:09","modified_gmt":"2026-03-27T17:08:09","slug":"bundle-offer-polyrhachis-dives","status":"publish","type":"product","link":"https:\/\/antcube.shop\/et\/toode\/bundle-offer-polyrhachis-dives\/","title":{"rendered":"Pakkumise pakett - Polyrhachis sukeldub"},"content":{"rendered":"<p dir=\"ltr\"><span data-text-color=\"alert\"><strong><span data-text-color=\"secondary\">Komplektpakkumine, mis sisaldab Polyrhachis dives antikolooniat (kuninganna koos 26-50 t\u00f6\u00f6lisega + haudmik), stardikomplekti weaver sipelgate jaoks koos 1x formikariumi alusega, 1x dekoratiivp\u00f5\u00f5sa ja 1x pesapalliga pesapaigaks ning 1x magnetilise platvormiga lihtsamaks s\u00f6\u00f6tmiseks.<\/span><br \/>\n<\/strong><\/span><\/p>\n<p><span data-text-color=\"alert\"><strong>Ainult niikaua, kuni varusid j\u00e4tkub.<\/strong><\/span><\/p>\n<p><strong>K\u00f5ik, mida vajate Polyrhachis dives sipelgapesakoloonia jaoks<\/strong><br \/>\nSee komplekt sisaldab k\u00f5ike, mida vajate Polyrhachis dives'i koloonia edukaks \u00fclalpidamiseks esimestel kuudel. See on paindlikult laiendatav ja sobib selges\u00f5naliselt algajale sipelgate pidajale.<\/p>\n<p><strong>Sipelgaliik Polyrhachis dives:<\/strong><br \/>\nPolyrhachis dives on p\u00e4rit Aasiast ja Austraaliast ning tema levikuala on veidi suurem. Sellele liigile on iseloomulik h\u00f5bedasest kuldseteni ulatuv v\u00e4rvus muidu mustjaspruunil kehal. Nad on m\u00f5nev\u00f5rra v\u00e4iksemad kui Oecophylla, elavad sageli maapinna l\u00e4hedal ja armastavad ehitada oma pesad kividele v\u00f5i puukoore peale. Nad kasutavad pesade ketramiseks oma vastseid, kuid teaduslikust seisukohast ei kuulu nad \"t\u00f5eliste kudumism\u00fcrkide\" hulka nagu Oecophylla, kuigi nad kasutavad p\u00f5him\u00f5tteliselt peaaegu sama kudumistehnikat. Polyrhachise perekonna liikidel on m\u00f5nikord \u00fcsna v\u00e4ikesed kolooniad, mis koosnevad maksimaalselt paarist tuhandest isendist. Teadaolevalt v\u00f5ivad Polyrhachis dives'id ideaalsetes tingimustes moodustada isegi kolooniad, kus on mitusada kuningannat ja kuni mitusada tuhat t\u00f6\u00f6list. Koduses majapidamises seda siiski ei juhtu.<\/p>\n<p>Polyrhachis dives on pol\u00fcg\u00fc\u00fcnne, mis t\u00e4hendab, et tal v\u00f5ib olla mitu kuningannat korraga. See t\u00e4hendab, et koloonia suurus v\u00f5ib kasvada v\u00e4ga kiiresti ning vajab palju toitu ja ruumi. Seet\u00f5ttu peaks formikaruum olema ka laiendatav. Oma koloonia suuruse t\u00f5ttu on nad \u00fcsna agiilsed ja t\u00f5elised p\u00f5genemisspetsialistid. Seet\u00f5ttu tuleb hoolitseda hea p\u00f5genemiskaitse eest.<\/p>\n<p><strong>Polyrhachise pesa sukeldub<\/strong><br \/>\nPolyrhachis dives v\u00f5tab formicariumis vastu peaaegu igasuguse ehitusmaterjali, mida talle pakutakse. Alates liivast, v\u00e4ikestest loomaprahist v\u00f5i lehtedest kuni korgi ja puut\u00fckkide ning v\u00e4ikeste kivideni - nad p\u00f5imivad oma pesadesse k\u00f5ike, mida loodus nende kodu \u00fcmber pakub. Me oleme oma Polyrhachis-kolooniaid aastaid pidanud nn pesapallidega. Selles komplektis oleme lisanud ka dekoratiivse p\u00f5\u00f5sa, et pesapalli saaks paigutada veidi k\u00f5rgemale maapinnast, nagu see on looduses tavaline.<\/p>\n<p><strong>Polyrhachise sukeldumise toit<\/strong><br \/>\nToiduainetena oleme sellesse komplekti lisanud meie terved blan\u0161eeritud sirkad ja mesirohu. M\u00f5lemad on Polyrhachis dives'i poolt v\u00e4ga h\u00e4sti vastu v\u00f5etud ja toetavad koloonia loomulikku ja positiivset arengut t\u00e4nu sisalduvatele toitainetele.<\/p>\n<p><strong>Optimaalsed kliimatingimused Polyrhachise sukeldumiseks on j\u00e4rgmised:<\/strong><br \/>\nNiiskus:<br \/>\nAreen: 50 - 70% Pesa pindala: 60 - 80%<br \/>\nTemperatuur:<br \/>\nArena: \u00d6\u00f6sel: 24 - 28\u00b0C Pesa piirkond: p\u00e4evasel ajal: 28 - 30\u00b0C: 28- 30\u00b0C<\/p>\n<p><strong>Sisu:<\/strong><\/p>\n<p>1x Polyrhachis dives (2 queens + 26-50 workers + brood)<br \/>\n1x pesapall naturaalne 10 cm - j\u00e4me<br \/>\n1x ANTCUBE nurgaplatvorm 8\u00d78 - magnet<br \/>\n1x Dekoratiivne k\u00f5rbep\u00f5\u00f5sas 30x15cm - tumepruun<br \/>\n1x mesimagusegude j\u00e4relpakend 10ml<br \/>\n1x kriketimoos 25g<br \/>\n1x Formicarium alus 20\u00d720<\/p>\n<p>1x ANTCUBE - Arena 20x20x40 - k\u00f5rge<br \/>\n1x sipelgate areeni raam 20\u00d720<br \/>\n1x sipelgaplatsi kate 20\u00d720<br \/>\n4x kinnituspunkt areeni katte jaoks<\/p>\n<p>1x substraat - vihmamets - 1 kg<br \/>\n1x foto tagasein - vihmamets - 20\u00d740 - k\u00f5rge<br \/>\n1x pihustuspudel 0,5 liitrine pihusti - messingist otsikuga<\/p>\n<p>2x Grid insert acrylic &#8211; 50 mm with sealing ring<br \/>\n2x Grid insert acrylic &#8211; 27 mm with sealing ring<\/p>\n<p>1x vedrusterasest pintsetid laiad - pehmed<br \/>\n1x plastist pintsetid standard<br \/>\n1x plastpipett 3ml<br \/>\n1x Ant Outbreak Protection Oil 10ml<br \/>\n1x drinking clear 5ml &#8211; sponge<br \/>\n1x Feeding dish white rectangle &#8211; 3 compartments<br \/>\n1x Drinking trough 2ml &#8211; 360 Degrees<br \/>\n1x K\u00e4si suurendusklaas - 2x - 30mm<br \/>\n1x vahtplasti klaasipuhasti 150x18x2,5mm<\/p>\n<p>&nbsp;<\/p>\n<p><strong>Kirjeldus Starter set weaver ants:<\/strong><br \/>\nSee laiendatav stardikomplekt erinevate sipelgaliikide, nagu Polyrhachis spec. v\u00f5i Oecophylla spec. jaoks sisaldab lisaks optimaalselt kohandatud formikaariumile ka sobivaid tarvikuid selle sipelgaliigi pidamiseks. Sobib kuni umbes 500-1000 looma suurustele kolooniatele. Suuremate kolooniate jaoks soovitame 30x30x60cm formikaariumi. \"Selge 20ml - k\u00e4sna\" joogiklaas on m\u00f5eldud vee jaoks, \"2ml - 360 kraadi\" joogiklaas mesirohusegu jaoks.<\/p>\n<p><strong>Oluline:<\/strong> Palun niisutage substraati enne kasutamist, et segu saaks sipelgap\u00f5llul siduda ja kindlalt kinni pidada. Lisaks v\u00f5ib kuiv ja tolmune substraat p\u00f5hjustada sipelgate hingamisteede ummistumist ja halvimal juhul loomade l\u00e4mbumist.<\/p>\n<p><strong>M\u00e4rkused tootmise kohta<\/strong><br \/>\nKlaas l\u00f5igatakse m\u00f5\u00f5tu vastavalt standardile DIN 1249, lubatud h\u00e4lve on +\/- 1 mm. V\u00e4ga v\u00e4ikeste sipelgaliikide puhul on oluline t\u00e4iendav v\u00e4lja murdumiskaitse.<\/p>\n<p><strong>M\u00e4rkus blan\u0161eeritud s\u00e4rge kohta:<\/strong><br \/>\nMeie blan\u0161eeritud s\u00e4rge on lihtne viis pakkuda sipelgatele v\u00e4rskelt konserveeritud valgurikast toitu, ilma et oleks vaja toita elavaid putukaid. Sisalduvaid s\u00e4rge (Acheta domesticus) on \u00f5rnalt blan\u0161eeritud, et tagada toitev\u00e4\u00e4rtuste, maitse ja aroomi s\u00e4ilimine. Lisaks on putukate kitiinne kest sel viisil pehmendatud, et see oleks kergemini seeditav. Kollageenvalkude sidemed on l\u00f5hutud, et sipelgad saaksid neid paremini kasutada. Konserveeritud Acheta domesticus on sama toitev\u00e4\u00e4rtusega kui elusad sirkad, kuid on kergemini seeditav.<\/p>\n<p>Blan\u0161eeritud sirkad ei sobi elusat toitu n\u00f5udvate sipelgaliikide (nt poneriinid (suured sipelgad) nagu Harpegnathos v\u00f5i Odontomachus) k\u00fcttimiseks.<\/p>\n<p>T\u00e4iendavad eelised:<br \/>\nGaranteeritult lestavaba<br \/>\nSaab portsjoniteks jaotada<br \/>\nSteriliseeritud ja tolmuimeeritud<br \/>\nIlma lisaaineteta<br \/>\nPuhtalt mahep\u00f5llumajanduslikust kasvatusest p\u00e4rit ja orgaaniliste j\u00e4\u00e4tmetega toidetud kriketid.<\/p>\n<p><strong>Palun v\u00f5tke arvesse:<\/strong><br \/>\nS\u00e4ilib k\u00fclmikus umbes neli p\u00e4eva p\u00e4rast avamist. K\u00fclmutatuna s\u00e4ilivusaeg on pikem.<\/p>\n<p><strong>M\u00e4rkus mesirohu kohta:<\/strong><br \/>\nSisu: 10 ml<br \/>\nSee on looduslik toode, mida oleme p\u00e4rast p\u00f5hjalikke katseid oma laboris t\u00e4iustanud ja arendanud sipelgate poolt v\u00e4ga h\u00e4sti vastuv\u00f5etavaks toiduks. P\u00f5hjus on selles, et t\u00f6\u00f6tlemata mesimett oma kontsentreeritud algsel kujul ei v\u00f5ta sipelgad ja nende ainevahetus h\u00e4sti vastu.<br \/>\nMeie mesi on kogutud Bulgaaria saastamata metsikutest m\u00e4gimetsadest. Mesimarja toodetakse ainult v\u00e4ga piiratud aja jooksul, umbes kaks kuud suvel. Seet\u00f5ttu on see v\u00e4ga haruldane. Metsade eriliste mullaomaduste ja kliima t\u00f5ttu talletatakse puude lehtedes olulisi toitaineid, mida mesilased imavad endasse. See teebki selle mesimagusegu sipelgate jaoks nii ihaldusv\u00e4\u00e4rseks.<\/p>\n<p><strong>Taotlus:<\/strong><br \/>\nToidukogus tuleks tarbida umbes 3 p\u00e4eva jooksul.<\/p>\n<p><strong>Kirjeldus:<\/strong><br \/>\nMesimett saadakse erinevalt lillemeest taimi imevate putukate, n\u00e4iteks kirvade, eritistest. Mesimesi on populaarne toiduallikas paljudele putukatele, nagu sipelgad, mesilased ja kimalased. Mesilased ja kimalased lakuvad seda erinevate puude lehtedelt v\u00f5i n\u00f5eltelt. Sipelgad, n\u00e4iteks Lasius niger, hoiavad s\u00f5na otseses m\u00f5ttes \u00e4ra mesirohtu. Nad kaitsevad neid isegi r\u00f6\u00f6vloomade eest ja kannavad neid v\u00e4rsketele v\u00f5rsetele.<\/p>\n<p>Mesimagus on sipelgate seas eriti populaarne oma m\u00f5nev\u00f5rra teistsuguste komponentide t\u00f5ttu. Peamised suhkrud mesimagus on sahharoos ja fruktoos, kuid v\u00e4iksemas koguses leidub ka maltoosi, trehaloosi, melesitoosi, rafinoosi ja muid oligosahhariide. Lisaks suhkrule ja veele sisaldab mesimesi ka olulisi aminohappeid, mineraalaineid, mikroelemente, adenosiine, fosfaate ja muid koostisosi, n\u00e4iteks vitamiine.<\/p>\n<p><strong>Kasutage:<\/strong><br \/>\nMees\u00f6\u00f6jate sipelgaliikide (Meliphagidae) puhul.<br \/>\nSee on t\u00e4iendav s\u00f6\u00f6t<br \/>\nSeda v\u00f5ib pakkuda loomadele tarnitud kujul. Kuna niiskuse t\u00f5ttu v\u00e4heneb suhkrusisaldus ja algab k\u00e4\u00e4rimisprotsess, tuleb toit iga 3 p\u00e4eva j\u00e4rel asendada. Enne taaskasutamist puhastage s\u00f6\u00f6dakaussi\/toru p\u00f5hjalikult.<br \/>\nKui pakend on avatud, tuleb seda kuni k\u00f5lblikkusaja l\u00f5puni tihedalt suletud hoida.<br \/>\nToitumisalane teave 100 g kohta:<br \/>\numbes 2,7 % rasvad<br \/>\nmillest k\u00fcllastunud umbes 0,45 %<br \/>\numbes 95 % s\u00fcsivesikuid<br \/>\nmillest suhkur umbes 71<br \/>\numbes 2,85% valku<\/p>\n<p>Mineraalained (kaalium, kaltsium, vask, raud, naatrium, magneesium, fosfor, tsink ja muud mikroelemendid). Aminohapped (proliin, leutsiin, fen\u00fc\u00fclalaniin, alaniin, histidiin, isoleutsiin, glutamiinhape, arginiin, asparagiinhape jne) Orgaanilised happed Ens\u00fc\u00fcmid (fermente)Aroomid Inhibiinid (antibakteriaalsed ained) \u00d5ietolm \u00d5ietolm.<\/p>\n<p><strong>Ladustamine:<\/strong><br \/>\nS\u00f6\u00f6da kvaliteedi tagamiseks tuleb s\u00f6\u00f6ta hoida pimedas ja kuivas kohas.<\/p>\n<p><strong>M\u00e4rkus:<\/strong><br \/>\nTeavet s\u00f6\u00f6datorude kasutamise kohta leiate siit: Link<br \/>\nT\u00e4iendav s\u00f6\u00f6t mett s\u00f6\u00f6vate sipelgate jaoks.<br \/>\nKoostise, anal\u00fc\u00fctiliste koostisosade, s\u00e4ilimisaja ja partii numbri leiate pakendi infolehelt.<\/p>\n<p>Infotelefon +49 30 439703870<\/p>\n<p>Vastutav veterinaar- ja toiduinspektsioon:<br \/>\nSteglitzi veterinaarkabinet<br \/>\nK\u00f6nigin-Luise-Str. 92<br \/>\n14195 Berliin<\/p>\n<p><strong>Kirjeldus Dekoratiivp\u00f5\u00f5sas<\/strong><\/p>\n<p>Suurus \/ k\u00f5rgus 17 cm kuni 19 cm, l\u00e4bim\u00f5\u00f5t ~ 10 cm -12 cm, ideaalne 30x30x30 cm ja suuremate areenide jaoks.<br \/>\nKaal varieerub 50 ja 80 grammi vahel.<\/p>\n<p>Dekoratiivne ese, mis koosneb looduslikult kuivatatud puup\u00f5\u00f5sast ja s\u00fcnteetilisest vaigust alusest (alusplaadist).<br \/>\nSee dekoratiivp\u00f5\u00f5sas on valmistatud k\u00e4sitsi Saksamaal ja seda iseloomustab seet\u00f5ttu j\u00e4tkusuutlikkus.<\/p>\n<p><strong>T\u00c4HELEPANU:<\/strong> Palun \u00e4rge paigutage v\u00e4ga niiskesse formikariasse (\u00fcle 60% niiskus). P\u00f5\u00f5sas v\u00f5ib hakata hallitama. V\u00e4ga hea ventilatsiooni korral v\u00f5ib p\u00f5\u00f5sa paigutada ka niiskemasse formikariasse.<\/p>\n<p>M\u00f5ned dekoratiivp\u00f5\u00f5sad ei p\u00fcsi oma k\u00f5rguse t\u00f5ttu formikaariumis iseseisvalt. Sellisel juhul on abiks, kui alus katta pisut substraadiga v\u00f5i paigutada toode v\u00e4lisklaaside l\u00e4hedale.<\/p>\n<p><span data-text-color=\"alert\"><strong>OLULINE M\u00c4RKUS ARTIKLI KOHTA:<\/strong><\/span><br \/>\nKuna tegemist on loodustootega \/ ainulaadse esemega, ei ole siinsed illustratsioonid t\u00e4iesti identsed saadetava esemega. Minipuu suuruse, kuju ja v\u00e4rvi osas v\u00f5ib esineda k\u00f5rvalekaldeid, nagu ka kiviklibust alusplaadi osas. Me garanteerime ainult eseme maksimaalse k\u00f5rguse.<\/p>\n<p>Tellides selle toote, n\u00f5ustute ja n\u00f5ustute eespool nimetatud v\u00f5imalike k\u00f5rvalekalletega toote suuruse, kuju ja v\u00e4rvi osas ostuhetkel.<\/p>","protected":false},"excerpt":{"rendered":"<p>Komplekt koosneb 31 osast.<br \/>\nSuurus: <strong>XL<\/strong><\/p>","protected":false},"featured_media":7116,"comment_status":"open","ping_status":"closed","template":"","meta":{"_acf_changed":false,"content-type":"","_monsterinsights_skip_tracking":false,"_monsterinsights_sitenote_active":false,"_monsterinsights_sitenote_note":"","_monsterinsights_sitenote_category":0},"product_brand":[],"product_cat":[355,354,73],"product_tag":[],"class_list":{"0":"post-6377","1":"product","2":"type-product","3":"status-publish","4":"has-post-thumbnail","6":"product_cat-bundle-offers","7":"product_cat-starter-sets-for-weaver-ants","8":"product_cat-starter-sets","10":"first","11":"instock","12":"taxable","13":"shipping-taxable","14":"purchasable","15":"product-type-simple"},"acf":[],"aioseo_notices":[],"jetpack_sharing_enabled":true,"_links":{"self":[{"href":"https:\/\/antcube.shop\/et\/wp-json\/wp\/v2\/product\/6377","targetHints":{"allow":["GET"]}}],"collection":[{"href":"https:\/\/antcube.shop\/et\/wp-json\/wp\/v2\/product"}],"about":[{"href":"https:\/\/antcube.shop\/et\/wp-json\/wp\/v2\/types\/product"}],"replies":[{"embeddable":true,"href":"https:\/\/antcube.shop\/et\/wp-json\/wp\/v2\/comments?post=6377"}],"wp:featuredmedia":[{"embeddable":true,"href":"https:\/\/antcube.shop\/et\/wp-json\/wp\/v2\/media\/7116"}],"wp:attachment":[{"href":"https:\/\/antcube.shop\/et\/wp-json\/wp\/v2\/media?parent=6377"}],"wp:term":[{"taxonomy":"product_brand","embeddable":true,"href":"https:\/\/antcube.shop\/et\/wp-json\/wp\/v2\/product_brand?post=6377"},{"taxonomy":"product_cat","embeddable":true,"href":"https:\/\/antcube.shop\/et\/wp-json\/wp\/v2\/product_cat?post=6377"},{"taxonomy":"product_tag","embeddable":true,"href":"https:\/\/antcube.shop\/et\/wp-json\/wp\/v2\/product_tag?post=6377"}],"curies":[{"name":"wp","href":"https:\/\/api.w.org\/{rel}","templated":true}]}}