{"id":5935,"date":"2023-06-24T12:30:33","date_gmt":"2023-06-24T10:30:33","guid":{"rendered":"https:\/\/antcube.shop\/product\/bundle-offer-messor-angularis\/"},"modified":"2025-10-19T06:01:04","modified_gmt":"2025-10-19T04:01:04","slug":"bundle-offer-messor-angularis","status":"publish","type":"product","link":"https:\/\/antcube.shop\/et\/toode\/bundle-offer-messor-angularis\/","title":{"rendered":"Pakkumise pakett - Messor arenarius"},"content":{"rendered":"<div class=\"tab-body active\">\n<p><span data-text-color=\"secondary\"><strong>Komplektpakkumine, mis sisaldab Messor arenarius sipelgapesakolooniat (kuninganna + 5-10 t\u00f6\u00f6lise + haude), korjasipelgate stardikomplekti L Popcorn koos 3x formicarium-padjaga ja purgi meie spetsiaalsete blan\u0161eeritud s\u00e4rge (niiske valk).<\/strong><\/span><\/p>\n<p><span data-text-color=\"alert\"><strong>Ainult niikaua, kuni varusid j\u00e4tkub.<\/strong><\/span><\/p>\n<p><strong>K\u00f5ik, mida vajate Messor arenarius'e edukaks pidamiseks.<\/strong><br \/>\nSee komplekt sisaldab k\u00f5ike, mida vajate Messor arenarius'e koloonia edukaks pidamiseks esimestel kuudel. Seda saab paindlikult laiendada ja see on ideaalne sipelgate pidamisega alustamiseks.<\/p>\n<p><strong>Sipelgaliigid: Messor arenarius<\/strong><br \/>\nMessor arenarius, tuntud ka kui \"luitem\u00fcrk\", on v\u00f5rreldes teiste Messori liikidega v\u00e4ga suur ja granivoorne sipelgaliik, mida leidub peamiselt P\u00f5hja-Aafrika kuivades ja soojades piirkondades. Nende suuremad t\u00f6\u00f6tajad v\u00f5ivad ulatuda h\u00e4mmastava 18 mm suuruseni. Ta on tuntud oma kohanemisv\u00f5ime poolest kuivades elupaikades ja kuulub nn harvester-sipelgate hulka, mis on tuntud oma huvitava eluviisi ja muljetavaldavate pesaehitiste poolest.<\/p>\n<p>Visuaalselt paistab Messor arenarius silma oma l\u00e4ikiva musta keha ja v\u00f5imsa kehaehitusega suurte t\u00f6\u00f6lis-sipelgate poolest, mis on eriti muljetavaldavad. T\u00e4nu oma vastupidavale iseloomule ja lihtsatele pidamisn\u00f5uetele on see ideaalne liik algajatele, kuid oma muljetavaldava suuruse t\u00f5ttu on see huvitav ka edasij\u00f5udnud sipelgate pidajatele.<\/p>\n<p><strong>Messor arenarius'e toit<\/strong><br \/>\nMessor arenarius toitub peamiselt teradest, millest ta valmistab nn \"sipelgaleiba\". Lisaks v\u00f5tab koloonia vastu ka magusaid puuvilju, v\u00e4ikseid putukaid ja valgurikkaid toiduaineid. Suurema osa nende niiskusevajadusest katavad terad, \u00fclej\u00e4\u00e4nud osa aga putukad ja k\u00f5ik pakutavad vedelikud, n\u00e4iteks meevesi.<\/p>\n<p><strong>Vormikariumi tuleks anda j\u00e4rgmist s\u00f6\u00f6ta:<\/strong><br \/>\nTeraviljasegud<br \/>\nV\u00e4ikesed putukad (nt puuviljak\u00e4rbsed)<br \/>\nPaku alati v\u00e4rsket vett<br \/>\nVajaduse korral mett-vesi (m\u00e4rkus: katke alati avatud vedelikud, et v\u00e4ltida sipelgate sisse kukkumist).<\/p>\n<p><strong>Messor arenarius'ile sobiv formicarium<\/strong><br \/>\nNagu k\u00f5ik korjussipelgad, vajab ka Messor arenarius pesa, mis pakub nii kuivi kui ka veidi niiskeid kohti. Niiske ala on m\u00f5eldud pesade hooldamiseks, kuiv osa aga sobib ideaalselt terade s\u00e4ilitamiseks, et v\u00e4ltida hallituse teket. Meie stardikomplekt sisaldab seega kahte sipelgapesa (pesa), millest piisab esimesteks 1-2 aastaks. P\u00e4rast seda tuleks formikariumi laiendada, et luua kolooniale ruumi kasvamiseks.<\/p>\n<p><strong>Optimaalsed kliimatingimused Messor arenarius'e jaoks:<\/strong><br \/>\n<strong>Niiskus:<\/strong><br \/>\nArena: 30-50 %<br \/>\nPesa piirkond: 50-70 %<\/p>\n<p><strong>Temperatuur:<\/strong><br \/>\nAreen: 25-30 \u00b0C<br \/>\nPesa piirkond: 22-28 \u00b0C<\/p>\n<p><strong>Messor arenarius'e pesitsemismaterjal<\/strong><br \/>\nDigfix sobib eriti h\u00e4sti Messor arenarius'e pidamiseks. See on niiskuskindel ja v\u00f5imaldab selget vaadet pesakujundustele, ilma et substraadij\u00e4\u00e4gid takistaksid vaadet, nagu liiva\/savi segude puhul.<\/p>\n<p>Kuna majorid v\u00f5ivad aja jooksul ka k\u00f5vemaid materjale, nagu Ytong, n\u00e4rida, soovitame Digfixi sisestusega klaaspesasid. See kombinatsioon ei paku mitte ainult pikaealisust, vaid ka optimaalseid tingimusi koloonia j\u00e4lgimiseks ja hooldamiseks.<\/p>\n<p>Sellise seadeldisega loote ideaalse aluse Messor arenarius'e pidamiseks ning saate neid huvitavaid sipelgaid j\u00e4lgida ja hooldada aastaid.<\/p>\n<p><strong>Sisu:<\/strong><br \/>\n1x Messor arenarius (kuninganna + 1-4 t\u00f6\u00f6list + haude)<br \/>\n1x blan\u0161eeritud kriketid 10g<br \/>\n1x teraviljatoit minor 100g<br \/>\n1x formicarium pad - 20x20cm<br \/>\n2x formicarium pad - 20x6cm<\/p>\n<p>1x ANTCUBE - areenil 20x20x10 - lame<br \/>\n1x sipelgate areeni raam 20\u00d720<br \/>\n1x sipelgaplatsi kate 20\u00d720<br \/>\n1x kinnituspunktid areeni katte jaoks 4tk.<br \/>\n1x ANTCUBE - Sipelgafarm - L - 20\u00d720 - p\u00fcstine<\/p>\n<p>2x ANTCUBE - Digfix Terra nidum 20\u00d720 - L - bee\u017e<br \/>\n1x Popkornipesa 20\u00d720 - L<br \/>\n1x 1m toru l\u00e4bipaistev 20\/16 mm<br \/>\n2x ANTCUBE - punane foolium 20\u00d720 - filter<br \/>\n2x kleepsud - l\u00e4bipaistev 2 tk.<br \/>\n1x substraat - k\u00f5rbes - 1 kg<\/p>\n<p>2x v\u00f5rega sisestus - 50mm - roostevaba teras<br \/>\n1x v\u00f5rega paigaldatud lisa - 27mm - roostevabast terasest<br \/>\n1x restikork - 16mm - roostevaba teras<\/p>\n<p>1x mahuti voolikuliitmik 27-14,16,20 mm - l\u00e4bipaistev<br \/>\n1x s\u00f6\u00f6dadosaator 2ml - doseeritav<br \/>\n1x joogikaussi l\u00e4bipaistev 20ml - k\u00e4sn<br \/>\n1x kauss l\u00e4bipaistev 1\u00d720 - k\u00e4sn<br \/>\nMini termoh\u00fcgromeeter analoog - n\u00e4idik - riputatav<br \/>\n1x Sipelgap\u00f5genemise kaitse\u00f5li 10ml<br \/>\n1x Pintsetid vedrusterasest - lai - pehme<br \/>\n1x Pintsetid plastikust l\u00e4bipaistvad<br \/>\n1x plastpipett 3ml<br \/>\n1x k\u00e4sil\u00e4\u00e4tse - 2x - 30mm<br \/>\n1x vahtplasti klaasipuhasti 150x18x2,5mm<br \/>\n1x foto seljaosa - k\u00f5rb - 20\u00d710<\/p>\n<p><strong>Kirjeldus Starter Set:<\/strong><br \/>\nSee stardikomplekt on eriti sobiv teraviljakogumise sipelgaliikide Messor v\u00f5i Pogonomyrmex jaoks. Farm koos popkorniplaadiga on ette n\u00e4htud seemnete ja sipelgapesade s\u00e4ilitamiseks ja peaks seet\u00f5ttu j\u00e4\u00e4ma t\u00e4iesti kuivaks, et v\u00e4ltida sipelgate poolt sinna ladustatud seemnete\/terade idanemist v\u00f5i hallitamist.<br \/>\nTeine \"Terra nidum\" plaadiga farm on m\u00f5eldud sipelgapesade pesitsus- ja sigimisalaks. Seda tuleb alati veidi niiskena hoida.<br \/>\nEt anda teile rohkem paindlikkust formikaariumi seadistamisel, oleme lisanud teise \"Terra nidum\" plaadi, mida saate kasutada popkornipesa asemel.<\/p>\n<p><strong>Terra nidumi plaadi kirjeldus:<\/strong> Kaevatavast materjalist valmistatud Terra nidum (ladina keeles mullapesa) plaat sobib ideaalselt meie ANTCUBE sipelgafarmidele. Seda saab kasutada nii kuivalt kui ka m\u00e4rjalt. Samuti sobib see paljudele sipelgaliikidele, eriti liiva ja (surnud) puidus pesitsevatele liikidele. Seda v\u00f5ib kasutada liiva\/savi segude v\u00f5i korgist pesakinnituste asemel. Selle pesa eeliseks on see, et plaadi niisutamist on lihtsam kontrollida selgelt n\u00e4htava v\u00e4rvuse t\u00f5ttu ja plaadi v\u00e4rvus pakub super kontrasti tavaliselt tumedamatele sipelgaliikidele. Lisaks ei saa sipelgapesa siseklaasid m\u00e4\u00e4rduda substraadiga, nagu n\u00e4iteks liiva\/savi segude puhul, mis v\u00f5imaldab pesa suurep\u00e4raselt n\u00e4ha. Meie pesamaterjal on ka palju tugevama struktuuriga, nii et sipelgate kaevatud tunnelid ja kambreid ei varise kokku.<\/p>\n<p><strong>Popkornipesa kirjeldus:<\/strong> See popkornipesa, millel on kokkupandavad k\u00e4igud ja kambrid, sobib suurep\u00e4raselt n\u00e4iteks Messor-sipelgate, aga ka teiste vilja koguvate sipelgaliikide viljapesaks. Sellel on pessa juurdep\u00e4\u00e4suks auk. Popkornipesa imab endasse niiskust ja v\u00f5ib seet\u00f5ttu paisuda, seega tuleks seda alati kuivana hoida. Messor barbarus v\u00f5tab meie ANTCUBE popkornipesa v\u00e4ga h\u00e4sti vastu kui viljapesa. Aja jooksul hakkavad sipelgad popkornipesa laiendama ja s\u00f6\u00f6vad end l\u00e4bi pesamaterjali. See l\u00f5hnab karamelliseerunud mee j\u00e4rele ja on seet\u00f5ttu v\u00e4ga atraktiivne.<\/p>\n<p>Popkornipesa tuleks kasutada ainult selliste sipelgaliikide puhul, kes vajavad v\u00e4ga v\u00e4he v\u00f5i \u00fcldse mitte niiskust pesa piirkonnas.<\/p>\n<p><strong>Oluline:<\/strong> Palun niisutage substraati enne kasutamist, et segu saaks sipelgap\u00f5llul siduda ja kindlalt kinni pidada. Lisaks v\u00f5ib kuiv ja tolmune substraat p\u00f5hjustada sipelgate hingamisteede ummistumist ja halvimal juhul loomade l\u00e4mbumist.<\/p>\n<p><strong>Soovitus:<\/strong> Soovitame 2 mm k\u00f5rguse substraatkihi, et loomad ei saaks areenile kaevuda, vaid kasutaksid selleks ette n\u00e4htud talu. Samuti soovitame, et farmi pesamaterjal (liiv\/savi, Digfix jne) oleks \u00fches kohas kergelt torgatud, et loomadel oleks lihtsam kaevata.<\/p>\n<p><strong>M\u00e4rkused tootmise kohta<\/strong><br \/>\nKlaas on l\u00f5igatud vastavalt DIN 1249 standardile, tolerantsiga +\/- 1 mm. \u00c4\u00e4rmiselt v\u00e4ikeste sipelgaliikide puhul on t\u00e4iendav p\u00f5genemiskaitse h\u00e4davajalik.<\/p>\n<p><strong>M\u00e4rkused talu kohta<\/strong><br \/>\nVoolikute kinnitamisel v\u00f5i eemaldamisel v\u00f5tke arvesse j\u00e4rgmist:<br \/>\nKui toru on v\u00e4ga raske \u00fchendusmuhvile sobitada, tuleb muhvi kergelt h\u00f5\u00f5ruda tilga meie l\u00f5hkumisvastase \u00f5li v\u00f5i pulbriga. Seej\u00e4rel tuleks voolik l\u00fckata muhvile keerates v\u00f5i kruvides, ilma muhvi \u00fcles- ja allapoole liigutustega pinguldamata. Sama kehtib ka voolikute eemaldamisel p\u00f5llumajandusettev\u00f5tte \u00fchendusmuhvist. \u00c4rge t\u00f5mmake seda lihtsalt maha!<\/p>\n<p><strong>M\u00e4rkus Terra nidumi kohta:<\/strong> Looduslik v\u00e4rvus v\u00f5ib varieeruda bee\u017ei\/liivav\u00e4rvi ja helepruuni vahel. V\u00e4rv ei m\u00f5juta kvaliteeti.<br \/>\nTootmisprotsessi t\u00f5ttu v\u00f5ivad m\u00f5\u00f5tmed erineda +\/- 1 mm v\u00f5rra.<\/p>\n<p><strong>M\u00e4rkus blan\u0161eeritud s\u00e4rge kohta:<\/strong><br \/>\nMeie blan\u0161eeritud s\u00e4rge on lihtne viis pakkuda sipelgatele v\u00e4rskelt konserveeritud valgurikast toitu, ilma et oleks vaja toita elavaid putukaid. Sisalduvaid s\u00e4rge (Acheta domesticus) on \u00f5rnalt blan\u0161eeritud, et tagada toitev\u00e4\u00e4rtuste, maitse ja aroomi s\u00e4ilimine. Lisaks on putukate kitiinne kest sel viisil pehmendatud, et see oleks kergemini seeditav. Kollageenvalkude sidemed on l\u00f5hutud, et sipelgad saaksid neid paremini kasutada. Konserveeritud Acheta domesticus on sama toitev\u00e4\u00e4rtusega kui elusad sirkad, kuid on kergemini seeditav.<\/p>\n<p>Blan\u0161eeritud sirkad ei sobi elusat toitu n\u00f5udvate sipelgaliikide (nt poneriinid (suured sipelgad) nagu Harpegnathos v\u00f5i Odontomachus) k\u00fcttimiseks.<\/p>\n<p><strong>T\u00e4iendavad eelised:<\/strong><br \/>\nGaranteeritult lestavaba<br \/>\nSaab portsjoniteks jaotada<br \/>\nSteriliseeritud ja tolmuimeeritud<br \/>\nIlma lisaaineteta<br \/>\nPuhtalt mahep\u00f5llumajanduslikust kasvatusest p\u00e4rit ja orgaaniliste j\u00e4\u00e4tmetega toidetud kriketid.<\/p>\n<p><strong>Palun v\u00f5tke arvesse:<\/strong><br \/>\nS\u00e4ilib k\u00fclmikus umbes neli p\u00e4eva p\u00e4rast avamist. K\u00fclmutatuna s\u00e4ilivusaeg on pikem.<\/p>\n<\/div>","protected":false},"excerpt":{"rendered":"<p>Komplektpakkumine, mis sisaldab Messor arenarius sipelgapesakolooniat (kuninganna + 5-10 t\u00f6\u00f6list + haude), alustuskomplekti koristusm\u00fcrkidele L Popcorn koos 3x formicarium-padjaga ja purgi meie spetsiaalsete blan\u0161eeritud s\u00e4rge (niiske valk). Ainult niikaua, kuni varusid j\u00e4tkub. K\u00f5ik, mida vajate Messor arenarius'e edukaks pidamiseks See pakett sisaldab k\u00f5ike, mida vajate selleks, et","protected":false},"featured_media":10873,"comment_status":"open","ping_status":"closed","template":"","meta":{"_acf_changed":false,"content-type":"","_monsterinsights_skip_tracking":false,"_monsterinsights_sitenote_active":false,"_monsterinsights_sitenote_note":"","_monsterinsights_sitenote_category":0},"product_brand":[],"product_cat":[355,344,353,73],"product_tag":[],"class_list":{"0":"post-5935","1":"product","2":"type-product","3":"status-publish","4":"has-post-thumbnail","6":"product_cat-bundle-offers","7":"product_cat-popcorn","8":"product_cat-starter-sets-for-harvester-ants","9":"product_cat-starter-sets","11":"first","12":"outofstock","13":"taxable","14":"shipping-taxable","15":"purchasable","16":"product-type-simple"},"acf":[],"aioseo_notices":[],"jetpack_sharing_enabled":true,"_links":{"self":[{"href":"https:\/\/antcube.shop\/et\/wp-json\/wp\/v2\/product\/5935","targetHints":{"allow":["GET"]}}],"collection":[{"href":"https:\/\/antcube.shop\/et\/wp-json\/wp\/v2\/product"}],"about":[{"href":"https:\/\/antcube.shop\/et\/wp-json\/wp\/v2\/types\/product"}],"replies":[{"embeddable":true,"href":"https:\/\/antcube.shop\/et\/wp-json\/wp\/v2\/comments?post=5935"}],"wp:featuredmedia":[{"embeddable":true,"href":"https:\/\/antcube.shop\/et\/wp-json\/wp\/v2\/media\/10873"}],"wp:attachment":[{"href":"https:\/\/antcube.shop\/et\/wp-json\/wp\/v2\/media?parent=5935"}],"wp:term":[{"taxonomy":"product_brand","embeddable":true,"href":"https:\/\/antcube.shop\/et\/wp-json\/wp\/v2\/product_brand?post=5935"},{"taxonomy":"product_cat","embeddable":true,"href":"https:\/\/antcube.shop\/et\/wp-json\/wp\/v2\/product_cat?post=5935"},{"taxonomy":"product_tag","embeddable":true,"href":"https:\/\/antcube.shop\/et\/wp-json\/wp\/v2\/product_tag?post=5935"}],"curies":[{"name":"wp","href":"https:\/\/api.w.org\/{rel}","templated":true}]}}