{"id":5934,"date":"2023-06-24T12:30:09","date_gmt":"2023-06-24T10:30:09","guid":{"rendered":"https:\/\/antcube.shop\/product\/antcube-terra-nidum-20x20-l-beige\/"},"modified":"2026-04-13T09:31:07","modified_gmt":"2026-04-13T07:31:07","slug":"antcube-terra-nidum-20x20-l-beige","status":"publish","type":"product","link":"https:\/\/antcube.shop\/et\/toode\/antcube-terra-nidum-20x20-l-beige\/","title":{"rendered":"ANTCUBE - Digfix Terra nidum 20\u00d720 - L - bee\u017e"},"content":{"rendered":"<p><strong>M\u00f5\u00f5tmed:<\/strong> 183x160x20 mm<\/p>\n<p><strong>Materjal:<\/strong> kaevandatav materjal vaigup\u00f5hiselt.<\/p>\n<p><strong>Kirjeldus:<\/strong> Kaevatavast materjalist Terra nidum (lat. mullapesa) plaat sobib ideaalselt meie ANTCUBE sipelgafarmidele. Seda saab kasutada nii kuivalt kui ka m\u00e4rjalt. Samuti sobib see paljudele sipelgaliikidele, eriti neile, kes pesitsevad liivas ja (surnud) puidus. Seda v\u00f5ib kasutada liiva-mullasegude v\u00f5i korgist valmistatud pesakinnituste asemel. Selle pesa eeliseks on see, et plaadi m\u00e4rgumist on t\u00e4nu h\u00e4sti n\u00e4htavale v\u00e4rvimuutusele lihtsam kontrollida ja plaadi v\u00e4rvus pakub super kontrasti tavaliselt tumedamatele sipelgaliikidele. Lisaks ei saa sipelgapesa siseklaasid m\u00e4\u00e4rduda substraadiga, nagu n\u00e4iteks liiva-savisegude puhul, mis v\u00f5imaldab t\u00e4iuslikku sissevaadet pessa. Meie pesamaterjal on ka palju tugevama struktuuriga, nii et sipelgate poolt kaevatud k\u00e4igud ja kambreid ei varise kokku.<\/p>\n<p><strong>M\u00e4rkus:<\/strong> Looduslik v\u00e4rvitoon v\u00f5ib varieeruda bee\u017ei\/liiva ja helepruuni vahel. V\u00e4rvitoon ei m\u00f5juta kvaliteeti.<br \/>\nTootmise t\u00f5ttu v\u00f5ivad m\u00f5\u00f5tmed erineda +\/- 1mm v\u00f5rra.<\/p>","protected":false},"excerpt":{"rendered":"<p>Suurus: <strong>L<\/strong><\/p>","protected":false},"featured_media":5928,"comment_status":"open","ping_status":"closed","template":"","meta":{"_acf_changed":false,"content-type":"","_monsterinsights_skip_tracking":false,"_monsterinsights_sitenote_active":false,"_monsterinsights_sitenote_note":"","_monsterinsights_sitenote_category":0},"product_brand":[],"product_cat":[257,87,88],"product_tag":[],"class_list":{"0":"post-5934","1":"product","2":"type-product","3":"status-publish","4":"has-post-thumbnail","6":"product_cat-new-innovatve-products","7":"product_cat-nest-insets","8":"product_cat-digfix","10":"first","11":"instock","12":"taxable","13":"shipping-taxable","14":"purchasable","15":"product-type-simple"},"acf":[],"aioseo_notices":[],"jetpack_sharing_enabled":true,"_links":{"self":[{"href":"https:\/\/antcube.shop\/et\/wp-json\/wp\/v2\/product\/5934","targetHints":{"allow":["GET"]}}],"collection":[{"href":"https:\/\/antcube.shop\/et\/wp-json\/wp\/v2\/product"}],"about":[{"href":"https:\/\/antcube.shop\/et\/wp-json\/wp\/v2\/types\/product"}],"replies":[{"embeddable":true,"href":"https:\/\/antcube.shop\/et\/wp-json\/wp\/v2\/comments?post=5934"}],"wp:featuredmedia":[{"embeddable":true,"href":"https:\/\/antcube.shop\/et\/wp-json\/wp\/v2\/media\/5928"}],"wp:attachment":[{"href":"https:\/\/antcube.shop\/et\/wp-json\/wp\/v2\/media?parent=5934"}],"wp:term":[{"taxonomy":"product_brand","embeddable":true,"href":"https:\/\/antcube.shop\/et\/wp-json\/wp\/v2\/product_brand?post=5934"},{"taxonomy":"product_cat","embeddable":true,"href":"https:\/\/antcube.shop\/et\/wp-json\/wp\/v2\/product_cat?post=5934"},{"taxonomy":"product_tag","embeddable":true,"href":"https:\/\/antcube.shop\/et\/wp-json\/wp\/v2\/product_tag?post=5934"}],"curies":[{"name":"wp","href":"https:\/\/api.w.org\/{rel}","templated":true}]}}