{"id":5475,"date":"2023-02-10T13:18:16","date_gmt":"2023-02-10T12:18:16","guid":{"rendered":"https:\/\/antcube.shop\/produkt\/popcorn-nest-20x20-l\/"},"modified":"2026-03-09T17:50:04","modified_gmt":"2026-03-09T16:50:04","slug":"popcorn-pesa-20x20-l","status":"publish","type":"product","link":"https:\/\/antcube.shop\/et\/toode\/popcorn-pesa-20x20-l\/","title":{"rendered":"Popkornipesa 20\u00d720 - L"},"content":{"rendered":"<p><strong>M\u00f5\u00f5tmed:<\/strong> 184 x 160 x 18 mm<\/p>\n<p><strong>Materjal:<\/strong> sahharoosi ja valkudega pressitud popkorn<\/p>\n<p><strong>Sobib ainult<\/strong> meie sipelgafarmide suurus <strong>L<\/strong><\/p>\n<p><strong>Kirjeldus:<\/strong> See popkornipesa, millel on kokkupandavad k\u00e4igud ja kambrid, sobib ideaalselt n\u00e4iteks Messor-sipelgate, aga ka teiste sipelgaliikide jaoks viljakambriks. Sellel on pesa juurdep\u00e4\u00e4suks auk. Popkornipesa imab endasse niiskust ja v\u00f5ib seet\u00f5ttu paisuda, nii et<strong> seda tuleks kindlasti hoida kuivana<\/strong>. Messor barbarus v\u00f5tab meie ANTCUBE popkornipesa v\u00e4ga h\u00e4sti vastu terakambrina. Aja jooksul hakkavad sipelgad popkornipesa laiendama ja s\u00f6\u00f6vad end l\u00e4bi pesamaterjali.<\/p>\n<p>Popkornipesa tuleks kasutada ainult selliste sipelgaliikide puhul, kes vajavad v\u00e4ga v\u00e4he v\u00f5i \u00fcldse mitte niiskust pesapiirkonnas.<\/p>","protected":false},"excerpt":{"rendered":"<p>M\u00f5\u00f5tmed: Maht: 184 x 160 x 18 mm Materjal: sahharoosi ja valkudega pressitud popkorn Sobib ainult meie sipelgap\u00f5llundusettev\u00f5tetele suurus L Kirjeldus: See popkornipesa koos eelvalmistatud k\u00e4ikude ja kambritega sobib ideaalselt teraviljakambriks n\u00e4iteks Messor-sipelgale, aga ka teistele teraviljakogumise sipelgaliikidele. Sellel on pesana auk","protected":false},"featured_media":5459,"comment_status":"open","ping_status":"closed","template":"","meta":{"_acf_changed":false,"content-type":"","_monsterinsights_skip_tracking":false,"_monsterinsights_sitenote_active":false,"_monsterinsights_sitenote_note":"","_monsterinsights_sitenote_category":0},"product_brand":[],"product_cat":[257,344,87],"product_tag":[],"class_list":{"0":"post-5475","1":"product","2":"type-product","3":"status-publish","4":"has-post-thumbnail","6":"product_cat-new-innovatve-products","7":"product_cat-popcorn","8":"product_cat-nest-insets","10":"first","11":"instock","12":"taxable","13":"shipping-taxable","14":"purchasable","15":"product-type-simple"},"acf":[],"aioseo_notices":[],"jetpack_sharing_enabled":true,"_links":{"self":[{"href":"https:\/\/antcube.shop\/et\/wp-json\/wp\/v2\/product\/5475","targetHints":{"allow":["GET"]}}],"collection":[{"href":"https:\/\/antcube.shop\/et\/wp-json\/wp\/v2\/product"}],"about":[{"href":"https:\/\/antcube.shop\/et\/wp-json\/wp\/v2\/types\/product"}],"replies":[{"embeddable":true,"href":"https:\/\/antcube.shop\/et\/wp-json\/wp\/v2\/comments?post=5475"}],"wp:featuredmedia":[{"embeddable":true,"href":"https:\/\/antcube.shop\/et\/wp-json\/wp\/v2\/media\/5459"}],"wp:attachment":[{"href":"https:\/\/antcube.shop\/et\/wp-json\/wp\/v2\/media?parent=5475"}],"wp:term":[{"taxonomy":"product_brand","embeddable":true,"href":"https:\/\/antcube.shop\/et\/wp-json\/wp\/v2\/product_brand?post=5475"},{"taxonomy":"product_cat","embeddable":true,"href":"https:\/\/antcube.shop\/et\/wp-json\/wp\/v2\/product_cat?post=5475"},{"taxonomy":"product_tag","embeddable":true,"href":"https:\/\/antcube.shop\/et\/wp-json\/wp\/v2\/product_tag?post=5475"}],"curies":[{"name":"wp","href":"https:\/\/api.w.org\/{rel}","templated":true}]}}