{"id":5380,"date":"2023-02-01T17:57:19","date_gmt":"2023-02-01T16:57:19","guid":{"rendered":"https:\/\/antcube.shop\/produkt\/bundle-offer-lasius-niger\/"},"modified":"2026-04-18T11:41:07","modified_gmt":"2026-04-18T09:41:07","slug":"bundle-offer-lasius-niger","status":"publish","type":"product","link":"https:\/\/antcube.shop\/et\/toode\/bundle-offer-lasius-niger\/","title":{"rendered":"Pakkumine - Lasius niger"},"content":{"rendered":"<p><span data-text-color=\"secondary\"><strong>Pakett, mis sisaldab Lasius niger sipelgapesakolooniat (kuninganna + 26-50 t\u00f6\u00f6list + haude), stardikomplekti Combi M koos p\u00f5genemiskaitseraamiga, v\u00f5rega 50mm, formikaariumi alus - 20x20cm, l\u00e4bipaistev joogikauss 20ml - k\u00e4sn, purk meie spetsiaalset terveid blan\u0161eeritud s\u00e4rge 10g (niiske valk) ja mesirohu segu 10ml t\u00e4itepakendiga.<\/strong><\/span><\/p>\n<p><span data-text-color=\"alert\"><strong>Ainult niikaua, kuni varusid j\u00e4tkub.<\/strong><\/span><\/p>\n<p><strong>K\u00f5ik, mida vajate Lasius niger'i sipelgapesakonna jaoks<\/strong><br \/>\nSee komplekt sisaldab k\u00f5ike, mida vajate Lasius nigeri koloonia edukaks kasvatamiseks esimestel kuudel. See on paindlikult laiendatav ja sobib selges\u00f5naliselt algajale sipelgate pidajale.<\/p>\n<p>Sipelgaliik Lasius niger Lasius niger, tuntud ka kui \"mustad sipelgad\", on \u00fcks k\u00f5ige populaarsemaid liike, mis on sipelgate pidamise algajaile sobiv. See on \u00fcks v\u00e4ikestest kuni keskmise suurusega sipelgatest ja on v\u00e4ga kokkuhoidlik. Ta on laialt levinud kogu Euroopas, kuid teda v\u00f5ib leida ka Aasias, Aafrikas ja P\u00f5hja-Ameerikas.<\/p>\n<p><strong>Lasius niger'i toit<\/strong><br \/>\nLooduses hoiab Lasius niger sageli taimemahlast toodetud mesirohtu kogudes kirveid. Seda tehes kaitsevad nad neid ja isegi transpordivad neid noortele v\u00f5rsetele.<br \/>\nVormikarjas v\u00f5ite lihtsalt panna vaasi m\u00f5ned nakatunud oksad (nt roosid, p\u00f5ldmarjad, s\u00f5strad) ja vaadata, kuidas loomad neid l\u00fcpsavad. Formikaariumis on k\u00f5ige parem anda meelahust ja valgurikast toitu (kas elusad v\u00e4ikesed putukad v\u00f5i kuivatatud valgurikast toitu).<\/p>\n<p><strong>Lasius niger'i talvitumine<\/strong><br \/>\nLasius niger talvitub umbes oktoobri l\u00f5pu ja m\u00e4rtsi l\u00f5pu vahel 5-8 kraadi juures. Formikaariumis v\u00f5ite kogu formikaariumi lihtsalt jahedasse ruumi paigutada v\u00f5i (kui formikaariumil on eemaldatav pesakinnitus) panna pesakinnituse n\u00e4iteks k\u00fclmikusse. Siiski tuleb j\u00e4lgida, et sipelgad ei puutuks kokku temperatuuriga alla 0 kraadi, sest formikaariumis ei ole nad kunagi nii h\u00e4sti kaitstud k\u00fclma eest kui looduses. On ka teateid loomapidajatelt, kes hoiavad Lasius niger'i ilma talvituseta. See v\u00f5ib aga p\u00f5hjustada koloonia eluea l\u00fchenemist v\u00f5i aeglustada pesakonna arengut. Talveuni ajal ei ole loomi vaja toita v\u00f5i vajadusel s\u00f6\u00f6ta v\u00e4ga v\u00e4he. Siiski tuleks regulaarselt kontrollida niiskust ja hoida silma peal hallituse eest!<\/p>\n<p><strong>Sisu:<\/strong><\/p>\n<p>1x Lasius niger (kuninganna + 26-50 t\u00f6\u00f6list + haude)<br \/>\n1x kriketimoos 25g<br \/>\n1x Honeydew honey 10ml refill pack<\/p>\n<p>1x ANTCUBE - Arena 20x20x20 - Combi M<br \/>\n1x Ant arena kate 20\u00d720<br \/>\n4x Kinnituspunkt areenikatte jaoks<br \/>\n1x Ant arena raam 20\u00d720<br \/>\n1x pad for formicariums &#8211; 20x20cm<\/p>\n<p>2x grid insert &#8211; 50mm<br \/>\n2x grid insert &#8211; 27mm<br \/>\n1x ANTCUBE - Digfix plaat 20\u00d720 - M<br \/>\n1x soil &#8211; Sand-loam red &#8211; 200g<\/p>\n<p>1x Foil thermometer display<br \/>\n1x drinking clear 5ml &#8211; sponge<br \/>\n1x joogikaussi 2ml - 360 kraadi<br \/>\n1x Feeding dish white rectangle &#8211; 3 compartments<br \/>\n1x K\u00e4si suurendusklaas - 2x - 30mm<br \/>\n1x Transparent plastic tweezers<br \/>\n1x pintsett vedrusterasest - lai - pehme<br \/>\n1x plastpipett 3ml<br \/>\n1x sipelgap\u00f5genemise kaitse\u00f5li 10ml<br \/>\n1x Foam wiper 150x18x2.5mm<\/p>\n<p><strong>Kirjeldus:<\/strong><br \/>\nSee Starter Set - Combi sobib enamikule maas pesitsevatele sipelgaliikidele.<br \/>\nKomplekt on v\u00e4ga kompaktne ja kaasasolevad tarvikud on v\u00e4hendatud h\u00e4davajalikuks.<br \/>\nSeega on tegemist kvaliteetsetest materjalidest valmistatud odava komplektiga, mis sobib ideaalselt sipelgate pidamisega alustamiseks.<br \/>\nSisaldatud substraat liiv - savi bee\u017e on h\u00e4sti vastuv\u00f5etav enamiku maapesa kaevavate sipelgaliikide poolt.<\/p>\n<p>Siiski v\u00f5ib areeni pesaplatsile paigutada ka muid mullaaluseid v\u00f5i pesaplatsi sisseehitusi.<br \/>\nT\u00e4iendavaid kasulikke lisaseadmeid leiate soovituste alt (vt allpool).<\/p>\n<p><strong>Soovitus:<\/strong> Soovitame 2 mm k\u00f5rguse substraatkihi, et loomad ei saaks areenile kaevuda, vaid kasutaksid selleks ette n\u00e4htud talu. Samuti soovitame, et farmi pesamaterjal (liiv\/savi, Digfix jne) oleks \u00fches kohas kergelt torgatud, et loomadel oleks lihtsam kaevata.<\/p>\n<p><strong>Oluline:<\/strong> Palun niisutage substraati enne kasutamist, et segu saaks sipelgap\u00f5llul siduda ja kindlalt kinni pidada. Lisaks v\u00f5ib kuiv ja tolmune substraat p\u00f5hjustada sipelgate hingamisteede ummistumist ja halvimal juhul loomade l\u00e4mbumist.<\/p>\n<p><strong>M\u00e4rkus:<\/strong><br \/>\nKui kasutate meie pesa sisestusi, v\u00f5tke arvesse, et need on 8 mm kitsamad, kuna need on algselt m\u00f5eldud meie kitsamate sipelgap\u00f5dede ja areenade sisestuste jaoks! Sellisel juhul tuleb vahemaa t\u00e4ita t\u00e4itematerjaliga, n\u00e4iteks krohvi v\u00f5i saviga.<\/p>\n<p><strong>M\u00e4rkused tootmise kohta<\/strong><br \/>\nKlaas on l\u00f5igatud vastavalt DIN 1249 standardile, tolerantsiga +\/- 1 mm. \u00c4\u00e4rmiselt v\u00e4ikeste sipelgaliikide puhul on t\u00e4iendav p\u00f5genemiskaitse h\u00e4davajalik.<\/p>\n<p><strong>Juhised: <\/strong>(Versioon 2023, uuendatud versioon 2024. aastaks on saadaval hiljemalt 04\/2024)<strong><br \/>\n<\/strong><\/p>\n<p>- DE<a href=\"https:\/\/www.antstore.net\/shop\/images\/info\/de\/Gebrauchsanweisung%20Starter%20Set%20Combi.pdf\"> Gebrauchsanweisung Starter Set Combi<\/a> (PDF 7,98 MB)<\/p>\n<p>- ET<a href=\"https:\/\/www.antstore.net\/shop\/images\/info\/en\/Instructions%20for%20use%20-%20Starter%20Set%20Combi.pdf\"> Kasutusjuhend - Starter Set Combi<\/a> (PDF 7,94 MB)<\/p>\n<p>- ES<a href=\"https:\/\/www.antstore.net\/shop\/images\/info\/es\/Manual%20de%20instrucciones%20-%20Set%20de%20inicio%20Combi.pdf\"> Manual de instrucciones - Set de inicio Combi<\/a> (PDF 7,94 MB)<\/p>\n<p>- FR<a href=\"https:\/\/www.antstore.net\/shop\/images\/info\/fr\/Manuel%20d'instruction%20-%20Kit%20de%20d%C3%A9marrage%20Combi.pdf\"> Manuel d'instruction - Kit de d\u00e9marrage Combi<\/a> (PDF 7,95 MB)<\/p>\n<p><strong>M\u00e4rkused kriketimoosi kohta:<\/strong><br \/>\nMeie blan\u0161eeritud s\u00e4rge on lihtne viis pakkuda sipelgatele v\u00e4rskelt konserveeritud valgurikast toitu, ilma et oleks vaja toita elavaid putukaid. Sisalduvaid s\u00e4rge (Acheta domesticus) on \u00f5rnalt blan\u0161eeritud, et tagada toitev\u00e4\u00e4rtuste, maitse ja aroomi s\u00e4ilimine. Lisaks on putukate kitiinne kest sel viisil pehmendatud, et see oleks kergemini seeditav. Kollageenvalkude sidemed on l\u00f5hutud, et sipelgad saaksid neid paremini kasutada. Konserveeritud Acheta domesticus on sama toitev\u00e4\u00e4rtusega kui elusad sirkad, kuid on kergemini seeditav.<\/p>\n<p>Cricket Jam ei sobi elusat toitu n\u00f5udvate sipelgaliikide (nt poneriinid (suured sipelgad) nagu Harpegnathos v\u00f5i Odontomachus) k\u00fcttimiseks.<\/p>\n<p><strong>T\u00e4iendavad eelised:<\/strong><br \/>\nGaranteeritult lestavaba<br \/>\nV\u00f5ib doseerida ja veega lahjendada<br \/>\nSteriliseeritud ja vaakumpakendatud<br \/>\nIlma lisaaineteta<br \/>\nPuhtalt mahep\u00f5llumajanduslikust kasvatusest p\u00e4rit ja orgaaniliste j\u00e4\u00e4tmetega toidetud kriketid.<\/p>\n<p><strong>M\u00e4rkus:<\/strong><br \/>\nS\u00e4ilib k\u00fclmikus umbes neli p\u00e4eva p\u00e4rast avamist. K\u00fclmutatuna s\u00e4ilivusaeg on pikem.<br \/>\nT\u00e4helepanu: Esimene portsjon, seej\u00e4rel k\u00fclmutage.<\/p>\n<p><strong>M\u00e4rkus mesirohu kohta:<\/strong><br \/>\nSisu: 10 ml<br \/>\nSee on looduslik toode, mida oleme p\u00e4rast ulatuslikke katseid oma laboris t\u00e4iustanud ja arendanud sipelgate poolt v\u00e4ga h\u00e4sti vastuv\u00f5etavaks toiduks. Selle p\u00f5hjuseks on see, et t\u00f6\u00f6tlemata mesimett oma kontsentreeritud algsel kujul ei v\u00f5ta sipelgad ja nende ainevahetus h\u00e4sti vastu.<br \/>\nMeie mesi on kogutud Bulgaaria saastamata metsikutest m\u00e4gimetsadest. Mesimarja toodetakse ainult v\u00e4ga piiratud aja jooksul, umbes kaks kuud suvel. Seet\u00f5ttu on see v\u00e4ga haruldane. Metsade eriliste mullaomaduste ja kliima t\u00f5ttu talletatakse puude lehtedes olulisi toitaineid, mida mesilased imavad endasse. See teebki selle mesimagusegu sipelgate jaoks nii ihaldusv\u00e4\u00e4rseks.<\/p>\n<p><strong>Taotlus:<\/strong><br \/>\nToidukogus tuleks tarbida umbes 3 p\u00e4eva jooksul.<\/p>\n<p><strong>Kirjeldus:<\/strong><br \/>\nMesimett saadakse erinevalt lillemeest taimi imevate putukate, n\u00e4iteks kirvade, eritistest. Mesimesi on populaarne toiduallikas paljudele putukatele, nagu sipelgad, mesilased ja kimalased. Mesilased ja kimalased lakuvad seda erinevate puude lehtedelt v\u00f5i n\u00f5eltelt. Sipelgad, n\u00e4iteks Lasius niger, hoiavad s\u00f5na otseses m\u00f5ttes \u00e4ra mesirohtu. Nad kaitsevad neid isegi r\u00f6\u00f6vloomade eest ja kannavad neid v\u00e4rsketele v\u00f5rsetele.<\/p>\n<p>Mesimagus on sipelgate seas eriti populaarne oma m\u00f5nev\u00f5rra teistsuguste komponentide t\u00f5ttu. Peamised suhkrud mesimagus on sahharoos ja fruktoos, kuid v\u00e4iksemas koguses leidub ka maltoosi, trehaloosi, melesitoosi, rafinoosi ja muid oligosahhariide. Lisaks suhkrule ja veele sisaldab mesimesi ka olulisi aminohappeid, mineraalaineid, mikroelemente, adenosiine, fosfaate ja muid koostisosi, n\u00e4iteks vitamiine.<\/p>\n<p><strong>Kasutage:<\/strong><br \/>\nMees\u00f6\u00f6jate sipelgaliikide (Meliphagidae) puhul.<br \/>\nSee on t\u00e4iendav s\u00f6\u00f6t<br \/>\nSeda v\u00f5ib pakkuda loomadele tarnitud kujul. Kuna niiskuse t\u00f5ttu v\u00e4heneb suhkrusisaldus ja algab k\u00e4\u00e4rimisprotsess, tuleb toit iga 3 p\u00e4eva j\u00e4rel asendada. Enne taaskasutamist puhastage s\u00f6\u00f6dakaussi\/toru p\u00f5hjalikult.<br \/>\nP\u00e4rast avamist tuleb pakendit hoida tihedalt suletuna kuni k\u00f5lblikkusaja l\u00f5puni.<\/p>\n<p><strong>Toitumisalane teave 100 g kohta:<\/strong><br \/>\numbes 2,7 % rasvad<br \/>\nmillest k\u00fcllastunud umbes 0,45 %<br \/>\numbes 95 % s\u00fcsivesikuid<br \/>\nmillest suhkur umbes 71<br \/>\numbes 2,85% valku<br \/>\nMineraalained (kaalium, kaltsium, vask, raud, naatrium, magneesium, fosfor, tsink ja muud mikroelemendid). Aminohapped (proliin, leutsiin, fen\u00fc\u00fclalaniin, alaniin, histidiin, isoleutsiin, glutamiinhape, arginiin, asparagiinhape jne) Orgaanilised happed Ens\u00fc\u00fcmid (fermente)Aroomid Inhibiinid (antibakteriaalsed ained) \u00d5ietolm \u00d5ietolm.<\/p>\n<p><strong>Ladustamine:<\/strong><br \/>\nS\u00f6\u00f6da kvaliteedi tagamiseks tuleb s\u00f6\u00f6ta hoida pimedas ja kuivas kohas.<\/p>\n<p><strong>M\u00e4rkus:<\/strong><br \/>\nT\u00e4iendav s\u00f6\u00f6t mett s\u00f6\u00f6vate sipelgate jaoks.<br \/>\nKoostise, anal\u00fc\u00fctiliste koostisosade, s\u00e4ilimisaja ja partii numbri leiate pakendi infolehelt.<\/p>\n<p>Infotelefon +49 30 439703870<\/p>\n<p>Vastutav veterinaar- ja toiduinspektsioon:<br \/>\nSteglitzi veterinaarkabinet<br \/>\nK\u00f6nigin-Luise-Str. 92<br \/>\n14195 Berliin<\/p>","protected":false},"excerpt":{"rendered":"<p>Suurus: M<\/p>","protected":false},"featured_media":7115,"comment_status":"open","ping_status":"closed","template":"","meta":{"_acf_changed":false,"content-type":"","_monsterinsights_skip_tracking":false,"_monsterinsights_sitenote_active":false,"_monsterinsights_sitenote_note":"","_monsterinsights_sitenote_category":0},"product_brand":[],"product_cat":[355,73,78],"product_tag":[],"class_list":{"0":"post-5380","1":"product","2":"type-product","3":"status-publish","4":"has-post-thumbnail","6":"product_cat-bundle-offers","7":"product_cat-starter-sets","8":"product_cat-starter-sets-combi","10":"first","11":"instock","12":"taxable","13":"shipping-taxable","14":"purchasable","15":"product-type-simple"},"acf":[],"aioseo_notices":[],"jetpack_sharing_enabled":true,"_links":{"self":[{"href":"https:\/\/antcube.shop\/et\/wp-json\/wp\/v2\/product\/5380","targetHints":{"allow":["GET"]}}],"collection":[{"href":"https:\/\/antcube.shop\/et\/wp-json\/wp\/v2\/product"}],"about":[{"href":"https:\/\/antcube.shop\/et\/wp-json\/wp\/v2\/types\/product"}],"replies":[{"embeddable":true,"href":"https:\/\/antcube.shop\/et\/wp-json\/wp\/v2\/comments?post=5380"}],"wp:featuredmedia":[{"embeddable":true,"href":"https:\/\/antcube.shop\/et\/wp-json\/wp\/v2\/media\/7115"}],"wp:attachment":[{"href":"https:\/\/antcube.shop\/et\/wp-json\/wp\/v2\/media?parent=5380"}],"wp:term":[{"taxonomy":"product_brand","embeddable":true,"href":"https:\/\/antcube.shop\/et\/wp-json\/wp\/v2\/product_brand?post=5380"},{"taxonomy":"product_cat","embeddable":true,"href":"https:\/\/antcube.shop\/et\/wp-json\/wp\/v2\/product_cat?post=5380"},{"taxonomy":"product_tag","embeddable":true,"href":"https:\/\/antcube.shop\/et\/wp-json\/wp\/v2\/product_tag?post=5380"}],"curies":[{"name":"wp","href":"https:\/\/api.w.org\/{rel}","templated":true}]}}