{"id":5379,"date":"2023-02-01T17:48:39","date_gmt":"2023-02-01T16:48:39","guid":{"rendered":"https:\/\/antcube.shop\/produkt\/honigtau-mix-ht-nachfullpack-10ml\/"},"modified":"2026-04-06T15:55:36","modified_gmt":"2026-04-06T13:55:36","slug":"honigtau-mix-ht-nachfullpack-10ml","status":"publish","type":"product","link":"https:\/\/antcube.shop\/et\/toode\/honigtau-mix-ht-nachfullpack-10ml\/","title":{"rendered":"Honeydew - mix (HT) - j\u00e4relpakend 10ml"},"content":{"rendered":"<p><strong>Sisu:<\/strong> 10 ml<\/p>\n<p>See on looduslik toode, mida oleme p\u00e4rast p\u00f5hjalikke katseid oma laboris t\u00e4iustanud ja arendanud sipelgate poolt v\u00e4ga h\u00e4sti vastuv\u00f5etavaks toiduks. P\u00f5hjus on selles, et t\u00f6\u00f6tlemata mesimett oma kontsentreeritud algsel kujul ei v\u00f5ta sipelgad ja nende ainevahetus h\u00e4sti vastu.<\/p>\n<p>Meie mesi on kogutud Bulgaaria saastamata metsikutest m\u00e4gimetsadest. Mesilasi toodetakse ainult v\u00e4ga piiratud aja jooksul, umbes kahe kuu jooksul suvel. Seet\u00f5ttu on see v\u00e4ga haruldane. Metsade erip\u00e4ra ja kliima t\u00f5ttu on puude lehtedesse talletatud eksistentsiaalselt olulisi toitaineid, mida mesilased imavad endasse. See teebki selle mesimagusegu sipelgate jaoks nii ihaldusv\u00e4\u00e4rseks.<\/p>\n<p><strong>Taotlus:<\/strong><br \/>\nToidukogus tuleks tarbida umbes 3 p\u00e4eva jooksul.<\/p>\n<p><strong>Kirjeldus:<\/strong><br \/>\nMesimesi on erinevalt lillemeest saadud taimi imevate putukate, n\u00e4iteks kirvade, eritistest. Mesimesi on paljude putukate, n\u00e4iteks sipelgate, mesilaste ja isegi kimalaste lemmiktoiduks. Mesilased ja kimalased lakuvad seda erinevate puude lehtedelt v\u00f5i n\u00f5eltelt. Sipelgad, nagu Lasius niger, hoiavad seda regulaarselt. Nad kaitsevad neid isegi r\u00f6\u00f6vloomade eest ja kannavad neid v\u00e4rsketele v\u00f5rsetele.<\/p>\n<p>Mesimagus on sipelgate seas populaarne peamiselt oma m\u00f5nev\u00f5rra erinevate komponentide t\u00f5ttu. Peamised suhkrud mesimagus on sahharoos ja fruktoos, kuid v\u00e4iksemas koguses leidub ka maltoosi, trehaloosi, melesitoosi, rafinoosi ja muid oligosahhariide. Lisaks suhkrutele ja veele sisaldab mesimesi ka eksistentsiaalselt olulisi aminohappeid, mineraalaineid, mikroelemente, adenosiinfosfaate ja muid koostisosi, n\u00e4iteks vitamiine.<\/p>\n<p><strong>Kasutamine:<\/strong><br \/>\nMees\u00f6\u00f6jate sipelgaliikide (Meliphagidae) puhul.<br \/>\nSee on lisas\u00f6\u00f6t (\u00fchekordne s\u00f6\u00f6t).<br \/>\nSeda v\u00f5ib pakkuda loomadele tarnitud kujul. Kuna niiskus v\u00e4hendab suhkrusisaldust ja algab k\u00e4\u00e4rimisprotsess, tuleb toit iga 3 p\u00e4eva j\u00e4rel asendada. Enne taaskasutamist puhastage toidukaussi\/toru p\u00f5hjalikult.<br \/>\nAvatud pakendit tuleb kasutada tihedalt suletuna kuni m\u00e4rgitud s\u00e4ilivuskuup\u00e4evani (parim enne).<\/p>\n<p><strong>Toitev\u00e4\u00e4rtused 100 g kohta:<\/strong><br \/>\numbes 2,7 % rasvad<br \/>\nsellest k\u00fcllastunud ca. 0,45 %<br \/>\nca 95 % s\u00fcsivesikud<br \/>\nsellest suhkur ca. 71%<br \/>\numbes 2,85% valku<\/p>\n<p>Mineraalained (kaalium, kaltsium, vask, raud, naatrium, magneesium, fosfor, tsink ja muud mikroelemendid). Aminohapped (proliin, leutsiin, fen\u00fc\u00fclalaniin, alaniin, histidiin, isoleutsiin, glutamiinhape, arginiin, asparagiinhape jne) Orgaanilised happed Ens\u00fc\u00fcmid (fermente)Aroomid Inhibiinid (antibakteriaalsed ained) \u00d5ietolm \u00d5ietolm.<\/p>\n<p><strong>Ladustamine:<\/strong> s\u00f6\u00f6da kvaliteedi tagamiseks tuleb seda hoida pimedas ja kuivas kohas.<\/p>\n<p><strong>Teade:<\/strong><br \/>\nTeavet s\u00f6\u00f6datorude kasutamise kohta leiate siit: Link<br \/>\nT\u00e4iendav s\u00f6\u00f6t mett s\u00f6\u00f6vate sipelgate jaoks.<br \/>\nKoostise, anal\u00fc\u00fctiliste koostisosade, k\u00f5lblikkusaja ja partii numbri leiate pakendi infolehelt.<\/p>\n<p>Infotelefon +49 30 439703870<\/p>\n<p>Vastutav veterinaar- ja toiduj\u00e4relevalveasutus:<\/p>\n<p>Steglitzi veterinaarkabinet<br \/>\nK\u00f6nigin-Luise-Str. 92<br \/>\n14195 Berliin<\/p>\n<p>&nbsp;<\/p>\n<div style=\"width: 1020px;\" class=\"wp-video\"><video class=\"wp-video-shortcode\" id=\"video-5379-1\" width=\"1020\" height=\"1813\" preload=\"metadata\" controls=\"controls\"><source type=\"video\/mp4\" src=\"https:\/\/antcube.shop\/wp-content\/uploads\/2024\/04\/black-ant_ein-shot_aphids-.mp4?_=1\" \/><a href=\"https:\/\/antcube.shop\/wp-content\/uploads\/2024\/04\/black-ant_ein-shot_aphids-.mp4\">https:\/\/antcube.shop\/wp-content\/uploads\/2024\/04\/black-ant_ein-shot_aphids-.mp4<\/a><\/video><\/div>","protected":false},"excerpt":{"rendered":"<p>lisatoit<\/p>","protected":false},"featured_media":5382,"comment_status":"open","ping_status":"closed","template":"","meta":{"_acf_changed":false,"content-type":"","_monsterinsights_skip_tracking":false,"_monsterinsights_sitenote_active":false,"_monsterinsights_sitenote_note":"","_monsterinsights_sitenote_category":0},"product_brand":[],"product_cat":[257,115,116],"product_tag":[],"class_list":{"0":"post-5379","1":"product","2":"type-product","3":"status-publish","4":"has-post-thumbnail","6":"product_cat-new-innovatve-products","7":"product_cat-food-and-feeding","8":"product_cat-food","10":"first","11":"instock","12":"taxable","13":"shipping-taxable","14":"purchasable","15":"product-type-simple"},"acf":[],"aioseo_notices":[],"jetpack_sharing_enabled":true,"_links":{"self":[{"href":"https:\/\/antcube.shop\/et\/wp-json\/wp\/v2\/product\/5379","targetHints":{"allow":["GET"]}}],"collection":[{"href":"https:\/\/antcube.shop\/et\/wp-json\/wp\/v2\/product"}],"about":[{"href":"https:\/\/antcube.shop\/et\/wp-json\/wp\/v2\/types\/product"}],"replies":[{"embeddable":true,"href":"https:\/\/antcube.shop\/et\/wp-json\/wp\/v2\/comments?post=5379"}],"wp:featuredmedia":[{"embeddable":true,"href":"https:\/\/antcube.shop\/et\/wp-json\/wp\/v2\/media\/5382"}],"wp:attachment":[{"href":"https:\/\/antcube.shop\/et\/wp-json\/wp\/v2\/media?parent=5379"}],"wp:term":[{"taxonomy":"product_brand","embeddable":true,"href":"https:\/\/antcube.shop\/et\/wp-json\/wp\/v2\/product_brand?post=5379"},{"taxonomy":"product_cat","embeddable":true,"href":"https:\/\/antcube.shop\/et\/wp-json\/wp\/v2\/product_cat?post=5379"},{"taxonomy":"product_tag","embeddable":true,"href":"https:\/\/antcube.shop\/et\/wp-json\/wp\/v2\/product_tag?post=5379"}],"curies":[{"name":"wp","href":"https:\/\/api.w.org\/{rel}","templated":true}]}}