{"id":5347,"date":"2023-01-17T17:36:25","date_gmt":"2023-01-17T16:36:25","guid":{"rendered":"https:\/\/antcube.shop\/produkt\/bundle-offer-messor-barbarus\/"},"modified":"2026-04-19T21:49:17","modified_gmt":"2026-04-19T19:49:17","slug":"bundle-offer-messor-barbarus","status":"publish","type":"product","link":"https:\/\/antcube.shop\/et\/toode\/bundle-offer-messor-barbarus\/","title":{"rendered":"Pakettpakkumine - Messor barbarus"},"content":{"rendered":"<p><span data-text-color=\"secondary\"><strong>Komplektpakkumine, mis sisaldab Messor barbarus sipelgapesakolooniat (kuninganna + 11-25 t\u00f6\u00f6list + haude), Messor spec. stardikomplekti koos 3x formicarium matiga ja purgi meie spetsiaalset terveid blan\u0161eeritud s\u00e4rge 10g (niiske valk).<\/strong><\/span><\/p>\n<p><span data-text-color=\"alert\"><strong>Ainult niikaua, kuni varusid j\u00e4tkub.<\/strong><\/span><\/p>\n<p><strong>K\u00f5ik, mida vajate Messor barbarus sipelgapesakonna jaoks<\/strong><br \/>\nSee komplekt sisaldab k\u00f5ike, mida vajate Messor barbarus'e koloonia edukaks \u00fclalpidamiseks esimestel kuudel. See on paindlikult laiendatav ja sobib selges\u00f5naliselt algajatele sipelgate pidamisel.<\/p>\n<p><strong>Messor barbarus sipelgaliik:<\/strong><br \/>\nMessor barbarus on selgelt granivoorne (teraviljas\u00f6\u00f6ja) sipelgaliik, mis on p\u00e4rit Vahemere piirkonnast. Ta kuulub nn koristusm\u00fcrkide hulka ja on sipelgate pidajate jaoks \u00fcks algtasemel liike, kuna tema n\u00f5uded kliima ja toidu suhtes on suhteliselt lihtsad. T\u00e4nu oma v\u00e4rvusele ja v\u00e4ikeste, keskmiste ja suurte (v\u00e4iksemate ja suuremate) t\u00f6\u00f6liste moodustamisele on seda v\u00e4ga p\u00f5nev j\u00e4lgida.<\/p>\n<p><strong>Messor barbarus'e toit<\/strong><br \/>\nLooduses s\u00f6\u00f6b Messor barbarus peamiselt terasid ja kasutab neid \"sipelgaleiva\" valmistamiseks, kuid ka magusaid puuvilju ja surnud putukaid v\u00f5tab ta meeleldi vastu. Messor barbarus katab suure osa oma niiskusevajadusest teradega ja \u00fclej\u00e4\u00e4nud osa putukatega. Vormikaruumis v\u00f5ib anda terasid ja vajaduse korral mett, valgurikast toitu, v\u00e4ga v\u00e4ikeseid putukaid v\u00f5i tarretist. Meevett v\u00f5etakse vastu ainult siis, kui vedelikust on puudus. Kuna Messori liikidel on kalduvus sukelduda avatud veeallikatesse, tuleks need alati katta kivide v\u00f5i imava puuvillaga.<\/p>\n<p>Messor barbarus talvitub umbes novembri l\u00f5pust kuni veebruari l\u00f5puni. Kuid erinevalt n\u00e4iteks Lasius niger'ist on see periood oluliselt v\u00e4henenud aktiivsusega. Talveunne peaks toimuma umbes 15 \u00b0C juures, sest Messor barbarus'e p\u00e4ritolupiirkondades on temperatuurid isegi talvel v\u00e4ga harva madalamad. Selleks v\u00f5ib sipelgad lihtsalt paigutada k\u00fctmata ruumi. On ka teateid loomapidajatelt, kes hoiavad Messor barbarus't ilma talvitusperioodita. See v\u00f5ib aga p\u00f5hjustada koloonia eluea l\u00fchenemist v\u00f5i aeglustada pesakonna arengut. Talvitusperioodi ajal tuleb loomi vaid veidi toita. Siiski peaksite regulaarselt kontrollima niiskust ja j\u00e4lgima, et ei tekiks hallitust!<\/p>\n<p><strong>Formicarium Messor barbarus'e jaoks<\/strong><br \/>\nSaagikoristussipelgad vajavad veidi niisket pesapinda pesakonna jaoks ja kuiva pesapinda kogutud terade s\u00e4ilitamiseks (kuiv, et ei tekiks hallitust). See toimib k\u00f5ige paremini kahe eraldi pesaga, mis on meie stardikomplektis olemas. See kestab v\u00e4hemalt 1-2 aastat. P\u00e4rast seda tuleks nii pesa- kui ka areenialasid laiendada.<\/p>\n<p><strong>Optimaalsed kliimatingimused Messor barbarus'e jaoks on j\u00e4rgmised:<\/strong><br \/>\nNiiskus:<br \/>\nArena: Pesa ala: 50 - 70%<br \/>\nTemperatuur:<br \/>\nAreen: 25 - 30\u00b0C Pesa ala: 21 - 26\u00b0C<\/p>\n<p>Meie Digfix on k\u00f5ige sobivam pesamaterjal. See on v\u00e4ga niiskuskindel ja tagab, et vaade pessa ja selle sees olevatesse kambritesse ja k\u00e4ikudesse ei ole h\u00e4iritud substraadij\u00e4\u00e4kidest, nagu liivamuldade puhul. T\u00e4nu oma tugevatele l\u00f5uadele suudavad majorit\u00f6\u00f6tajad ka Ytongist aja jooksul probleemideta l\u00e4bi s\u00fc\u00fca. Digfixi sisestustega klaaspesad on seega parim ja ohutum viis Messor barbarus'e pidamiseks.<\/p>\n<p><strong>Sisu:<\/strong><\/p>\n<p>1x Messor barbarus (kuninganna + 11-25 t\u00f6\u00f6list + haude)<br \/>\n1x kriketimoos 25g<br \/>\n1x teraviljatoit minoor 100g<br \/>\n1x pad for formicariums &#8211; 20x20cm<br \/>\n2x pad for formicariums &#8211; 20x6cm<\/p>\n<p>1x ANTCUBE - areenil 20x20x10 - lame<br \/>\n1x sipelgate areeni raam 20\u00d720<br \/>\n1x sipelgaplatsi kate 20\u00d720<br \/>\n4x kinnituspunkt areeni katte jaoks<br \/>\n2x ANTCUBE - Sipelgafarm - L - 20\u00d720 - p\u00fcstine<\/p>\n<p>2x ANTCUBE - Digfix plaat 20\u00d720 - M<br \/>\n1x 1m toru l\u00e4bipaistev 14\/10 mm<br \/>\n2x ANTCUBE - punane foolium 20\u00d720 - filter<br \/>\n2x liimklambrid - l\u00e4bipaistev 2 tk.<br \/>\n1x substraat - k\u00f5rbes - 1 kg<\/p>\n<p>2x grid insert &#8211; 50mm<br \/>\n1x grid insert &#8211; 27mm<br \/>\n1x restikork - 10mm - roostevaba teras<\/p>\n<p>1x mahuti voolikuliitmik 27-14,16,20 mm - l\u00e4bipaistev<br \/>\n1x drinking clear 5ml &#8211; sponge<br \/>\n1x Feeding dish white rectangle &#8211; 3 compartments<br \/>\n1x Foil thermometer display<br \/>\n2x Foil thermometer farm<br \/>\n1x Sipelgap\u00f5genemise kaitse\u00f5li 10ml<br \/>\n1x Pintsetid vedrusterasest - lai - pehme<br \/>\n1x Pintsetid plastikust l\u00e4bipaistvad<br \/>\n1x plastpipett 3ml<br \/>\n1x k\u00e4sil\u00e4\u00e4tse - 2x - 30mm<br \/>\n1x vahtplasti klaasipuhasti 150x18x2,5mm<br \/>\n1x foto seljaosa - k\u00f5rb - 20\u00d710<\/p>\n<p><strong>Kirjeldus Starter Set:<\/strong><br \/>\nSee stardikomplekt sobib eriti h\u00e4sti erinevate Messori perekonna liikide jaoks. \u00dcks kahest talust on m\u00f5eldud seemnete ja sipelgapalade s\u00e4ilitamiseks ning seda tuleks seet\u00f5ttu hoida t\u00e4iesti kuivana, et sipelgate poolt sinna ladustatud seemned\/terad ei idaneks v\u00f5i ei hallitaks.<br \/>\n\"Digfixi plaadid\" saab sisestada t\u00e4iesti l\u00e4bipaistvatesse farmidesse. Alternatiivselt v\u00f5ite aga kasutada ka \"Soil - Desert\" talude t\u00e4itmiseks. Vajaduse korral saab kaanes olevate 50 mm aukude kaudu \u00fchendada lisamooduleid, nt eraldi saadaval olevad udukogujad, ventilaatorid v\u00f5i valgustid. Alternatiivselt kuuluvad sobivad v\u00f5rede sisestused avade sulgemiseks tarnekomplekti. Soovi korral saab formikaariumi kasutada ka avatud kujul, kinnitades lihtsalt eemaldatava raami ja kandes servale sipelgapesukaitse\u00f5li.<\/p>\n<p><strong>Oluline:<\/strong> Palun niisutage substraati enne kasutamist, et segu saaks sipelgap\u00f5llul siduda ja tugevalt kinni pidada. Lisaks sellele, kui substraat on liiga kuiv ja tolmune, v\u00f5ivad sipelgate hingamisteed ummistuda ja halvimal juhul v\u00f5ivad loomad l\u00e4mbuda.<\/p>\n<p><strong>Soovitus:<\/strong> Soovitame 2 mm k\u00f5rguse substraatkihi, et loomad ei saaks areenile kaevuda, vaid kasutaksid selleks ette n\u00e4htud talu. Samuti soovitame, et farmi pesamaterjal (liiv\/savi, Digfix jne) oleks \u00fches kohas kergelt torgatud, et loomadel oleks lihtsam kaevata.<\/p>\n<p><strong>M\u00e4rkused tootmise kohta<\/strong><br \/>\nKlaas on l\u00f5igatud vastavalt DIN 1249 standardile, tolerantsiga +\/- 1 mm. \u00c4\u00e4rmiselt v\u00e4ikeste sipelgaliikide puhul on t\u00e4iendav p\u00f5genemiskaitse h\u00e4davajalik.<\/p>\n<p><strong>M\u00e4rkused talu kohta<\/strong><br \/>\nVoolikute kinnitamisel v\u00f5i eemaldamisel v\u00f5tke arvesse j\u00e4rgmist:<br \/>\nKui toru on v\u00e4ga raske \u00fchendusmuhvile sobitada, tuleb muhvi kergelt h\u00f5\u00f5ruda tilga meie l\u00f5hkumisvastase \u00f5li v\u00f5i pulbriga. Seej\u00e4rel tuleks voolik l\u00fckata muhvile keerates v\u00f5i kruvides, ilma muhvi \u00fcles- ja allapoole liigutustega pinguldamata. Sama kehtib ka voolikute eemaldamisel p\u00f5llumajandusettev\u00f5tte \u00fchendusmuhvist. \u00c4rge t\u00f5mmake seda lihtsalt maha!<\/p>\n<p><strong>M\u00e4rkus Digfixi kohta:<\/strong> Looduslik v\u00e4rvus v\u00f5ib varieeruda rohelise\/hallikaspruuni ja muldpruuni vahel. V\u00e4rvitoon ei m\u00f5juta kvaliteeti.<\/p>\n<p><strong>Juhised: <\/strong>(Versioon 2023, uuendatud versioon 2024. aastaks on saadaval hiljemalt 04\/2024)<br \/>\n<span data-sheets-root=\"1\" data-sheets-value=\"{&quot;1&quot;:2,&quot;2&quot;:&quot;DE Gebrauchsanweisung Starter Set Ernteameisen (PDF 2,50 MB)&quot;}\" data-sheets-userformat=\"{&quot;2&quot;:513,&quot;3&quot;:{&quot;1&quot;:0},&quot;12&quot;:0}\" data-sheets-hyperlink=\"https:\/\/www.antstore.net\/shop\/images\/info\/de\/Gebrauchsanweisung Starter Set Ernteameisen.pdf\" data-sheets-hyperlinkruns=\"{&quot;1&quot;:3,&quot;2&quot;:&quot;https:\/\/www.antstore.net\/shop\/images\/info\/de\/Gebrauchsanweisung Starter Set Ernteameisen.pdf&quot;}\uee10{&quot;1&quot;:46}\"><a class=\"in-cell-link\" href=\"https:\/\/www.antstore.net\/shop\/images\/info\/de\/Gebrauchsanweisung Starter Set Ernteameisen.pdf\" target=\"_blank\" rel=\"noopener\">- DE <\/a><a class=\"in-cell-link\" href=\"https:\/\/www.antstore.net\/shop\/images\/info\/de\/Gebrauchsanweisung Starter Set Ernteameisen.pdf\" target=\"_blank\" rel=\"noopener\">Gebrauchsanweisung Starter Set Ernteameisen<\/a><a class=\"in-cell-link\" href=\"https:\/\/www.antstore.net\/shop\/images\/info\/de\/Gebrauchsanweisung Starter Set Ernteameisen.pdf\" target=\"_blank\" rel=\"noopener\"> (PDF 2,50 MB)<\/a><\/span><br \/>\n<a href=\"https:\/\/www.antstore.net\/shop\/images\/info\/en\/Instructions%20for%20use%20-%20Starter%20Set%20for%20Harvester%20Ants.pdf\">- ET Kasutusjuhend - Starter Set for Harvester Ants (PDF 2,50 MB)<\/a><br \/>\n<a href=\"https:\/\/www.antstore.net\/shop\/images\/info\/es\/Manual%20de%20instrucciones%20-%20Set%20de%20inicio%20para%20las%20hormigas%20de%20la%20cosecha%20_%20messor.pdf\">- ES Manual de instrucciones - Set de inicio para las hormigas de la cosecha _ messor (PDF 2,50 MB)<\/a><br \/>\n<a href=\"https:\/\/www.antstore.net\/shop\/images\/info\/fr\/Manuel%20d'instruction%20-%20Kit%20de%20d%C3%A9marrage%20pour%20les%20fourmis%20moissonneuses_%20Messor.pdf\">- FR Manuel d'instruction - Kit de d\u00e9marrage pour les fourmis moissonneuses_ Messor (PDF 2,50 MB)<\/a><\/p>\n<p><strong>M\u00e4rkused kriketimoosi kohta:<\/strong><br \/>\nMeie blan\u0161eeritud s\u00e4rge on lihtne viis pakkuda sipelgatele v\u00e4rskelt konserveeritud valgurikast toitu, ilma et oleks vaja toita elavaid putukaid. Sisalduvaid s\u00e4rge (Acheta domesticus) on \u00f5rnalt blan\u0161eeritud, et tagada toitev\u00e4\u00e4rtuste, maitse ja aroomi s\u00e4ilimine. Lisaks on putukate kitiinne kest sel viisil pehmendatud, et see oleks kergemini seeditav. Kollageenvalkude sidemed on l\u00f5hutud, et sipelgad saaksid neid paremini kasutada. Konserveeritud Acheta domesticus on sama toitev\u00e4\u00e4rtusega kui elusad sirkad, kuid on kergemini seeditav.<\/p>\n<p>Cricket Jam ei sobi elusat toitu n\u00f5udvate sipelgaliikide (nt poneriinid (suured sipelgad) nagu Harpegnathos v\u00f5i Odontomachus) k\u00fcttimiseks.<\/p>\n<p><strong>T\u00e4iendavad eelised:<\/strong><br \/>\nGaranteeritult lestavaba<br \/>\nV\u00f5ib doseerida ja veega lahjendada<br \/>\nSteriliseeritud ja vaakumpakendatud<br \/>\nIlma lisaaineteta<br \/>\nPuhtalt mahep\u00f5llumajanduslikust kasvatusest p\u00e4rit ja orgaaniliste j\u00e4\u00e4tmetega toidetud kriketid.<\/p>\n<p><strong>M\u00e4rkus:<\/strong><br \/>\nS\u00e4ilib k\u00fclmikus umbes neli p\u00e4eva p\u00e4rast avamist. K\u00fclmutatuna s\u00e4ilivusaeg on pikem.<br \/>\n<strong>T\u00e4helepanu:<\/strong> K\u00f5igepealt portsjon, seej\u00e4rel k\u00fclmutage.<\/p>","protected":false},"excerpt":{"rendered":"<p>Komplekt koosneb 39 osast<br \/>\nSuurus: M<\/p>","protected":false},"featured_media":7113,"comment_status":"open","ping_status":"closed","template":"","meta":{"_acf_changed":false,"content-type":"","_monsterinsights_skip_tracking":false,"_monsterinsights_sitenote_active":false,"_monsterinsights_sitenote_note":"","_monsterinsights_sitenote_category":0},"product_brand":[],"product_cat":[355,353,73],"product_tag":[],"class_list":{"0":"post-5347","1":"product","2":"type-product","3":"status-publish","4":"has-post-thumbnail","6":"product_cat-bundle-offers","7":"product_cat-starter-sets-for-harvester-ants","8":"product_cat-starter-sets","10":"first","11":"instock","12":"taxable","13":"shipping-taxable","14":"purchasable","15":"product-type-simple"},"acf":[],"aioseo_notices":[],"jetpack_sharing_enabled":true,"_links":{"self":[{"href":"https:\/\/antcube.shop\/et\/wp-json\/wp\/v2\/product\/5347","targetHints":{"allow":["GET"]}}],"collection":[{"href":"https:\/\/antcube.shop\/et\/wp-json\/wp\/v2\/product"}],"about":[{"href":"https:\/\/antcube.shop\/et\/wp-json\/wp\/v2\/types\/product"}],"replies":[{"embeddable":true,"href":"https:\/\/antcube.shop\/et\/wp-json\/wp\/v2\/comments?post=5347"}],"wp:featuredmedia":[{"embeddable":true,"href":"https:\/\/antcube.shop\/et\/wp-json\/wp\/v2\/media\/7113"}],"wp:attachment":[{"href":"https:\/\/antcube.shop\/et\/wp-json\/wp\/v2\/media?parent=5347"}],"wp:term":[{"taxonomy":"product_brand","embeddable":true,"href":"https:\/\/antcube.shop\/et\/wp-json\/wp\/v2\/product_brand?post=5347"},{"taxonomy":"product_cat","embeddable":true,"href":"https:\/\/antcube.shop\/et\/wp-json\/wp\/v2\/product_cat?post=5347"},{"taxonomy":"product_tag","embeddable":true,"href":"https:\/\/antcube.shop\/et\/wp-json\/wp\/v2\/product_tag?post=5347"}],"curies":[{"name":"wp","href":"https:\/\/api.w.org\/{rel}","templated":true}]}}