{"id":4873,"date":"2022-12-07T14:03:10","date_gmt":"2022-12-07T13:03:10","guid":{"rendered":"https:\/\/antcube.shop\/produkt\/combi-balkon\/"},"modified":"2026-04-13T10:48:35","modified_gmt":"2026-04-13T08:48:35","slug":"combi-balkon","status":"publish","type":"product","link":"https:\/\/antcube.shop\/et\/toode\/combi-balkon\/","title":{"rendered":"Combi - R\u00f5du"},"content":{"rendered":"<p style=\"margin-bottom: 0cm;\"><strong>M\u00f5\u00f5tmed:<\/strong> 19x6x8 cm<\/p>\n<p><strong>Materjal:<\/strong> PMMA<\/p>\n<p><strong>V\u00e4rv:<\/strong> kristallselge, l\u00e4bipaistev, l\u00e4bipaistev<\/p>\n<p><strong>Sisu:<\/strong><br \/>\n1x alusplaat<br \/>\n2x hoidja klamber<br \/>\n1x ramp kitsas (v\u00e4ikeste sipelgate jaoks)<br \/>\n1x ramp lai (suurte sipelgate jaoks)<\/p>\n<p><strong>M\u00e4rkus:<\/strong> Osad tarnitakse komplektina v\u00f5i pistikus\u00fcsteemina. Liimimine ei ole vajalik.<\/p>\n<p><strong>\u00dchendus:<\/strong><br \/>\nSaab \u00fchendada k\u00f5ikidesse Combi-areenidesse 20x20x20 cm m\u00f5\u00f5tudega S, M, L.<\/p>\n<p><strong>Kirjeldus:<\/strong> Combi-Balcony \u00fchendatakse lihtsalt olemasoleva Arena Combi k\u00fclge. R\u00f5du toimib areeni laiendina ja lihtsustab sipelgate ronimist \u00fcles v\u00f5i alla areeni \u00fclemisest pesapinnast. V\u00e4ikeste sipelgaliikide, n\u00e4iteks Lasius niger, jaoks on olemas kitsas ronimisabi ja selliste liikide, nagu Camponotus, jaoks laiem ronimisabi. T\u00f5stetud platvormi saab kasutada s\u00f6\u00f6tmisalana, kuhu saab paigutada kausid v\u00f5i joogikausse. See lihtsustab hooldus- ja hooldust\u00f6id, kuna see on \u00fclemise ava l\u00e4heduses ja hoiab alumise substraadi vabana toiduj\u00e4\u00e4kidest. T\u00e4nu l\u00e4bipaistvale materjalile sobib Combi Balcony suurep\u00e4raselt Combi Arenasse, ilma et see takistaks vaadet pesaplatsile, ning seda on ka lihtne puhastada.<\/p>\n<p style=\"margin-bottom: 0cm;\">","protected":false},"excerpt":{"rendered":"<p>M\u00f5\u00f5tmed: Materjal: 19x6x8 cm: PMMA V\u00e4rv: kristallselge, l\u00e4bipaistev, l\u00e4bikumav Sisu: PMMA, kristallselge, l\u00e4bipaistev, l\u00e4bipaistev: 1x alusplaat 2x hoidikukinnitus 1x ramp kitsas (v\u00e4ikestele sipelgastele) 1x ramp lai (suurtele sipelgastele) M\u00e4rkus: Osad tarnitakse komplektina v\u00f5i pistikupesas\u00fcsteemina. Liimimine ei ole vajalik. \u00dchendamine: Saab \u00fchendada k\u00f5ikidesse Combi areenidesse 20x20x20 cm [...]","protected":false},"featured_media":4875,"comment_status":"open","ping_status":"closed","template":"","meta":{"_acf_changed":false,"content-type":"","_monsterinsights_skip_tracking":false,"_monsterinsights_sitenote_active":false,"_monsterinsights_sitenote_note":"","_monsterinsights_sitenote_category":0},"product_brand":[],"product_cat":[239],"product_tag":[],"class_list":{"0":"post-4873","1":"product","2":"type-product","3":"status-publish","4":"has-post-thumbnail","6":"product_cat-useful-additions","8":"first","9":"instock","10":"taxable","11":"shipping-taxable","12":"purchasable","13":"product-type-simple"},"acf":[],"aioseo_notices":[],"jetpack_sharing_enabled":true,"_links":{"self":[{"href":"https:\/\/antcube.shop\/et\/wp-json\/wp\/v2\/product\/4873","targetHints":{"allow":["GET"]}}],"collection":[{"href":"https:\/\/antcube.shop\/et\/wp-json\/wp\/v2\/product"}],"about":[{"href":"https:\/\/antcube.shop\/et\/wp-json\/wp\/v2\/types\/product"}],"replies":[{"embeddable":true,"href":"https:\/\/antcube.shop\/et\/wp-json\/wp\/v2\/comments?post=4873"}],"wp:featuredmedia":[{"embeddable":true,"href":"https:\/\/antcube.shop\/et\/wp-json\/wp\/v2\/media\/4875"}],"wp:attachment":[{"href":"https:\/\/antcube.shop\/et\/wp-json\/wp\/v2\/media?parent=4873"}],"wp:term":[{"taxonomy":"product_brand","embeddable":true,"href":"https:\/\/antcube.shop\/et\/wp-json\/wp\/v2\/product_brand?post=4873"},{"taxonomy":"product_cat","embeddable":true,"href":"https:\/\/antcube.shop\/et\/wp-json\/wp\/v2\/product_cat?post=4873"},{"taxonomy":"product_tag","embeddable":true,"href":"https:\/\/antcube.shop\/et\/wp-json\/wp\/v2\/product_tag?post=4873"}],"curies":[{"name":"wp","href":"https:\/\/api.w.org\/{rel}","templated":true}]}}