{"id":4747,"date":"2022-11-14T15:08:27","date_gmt":"2022-11-14T14:08:27","guid":{"rendered":"https:\/\/antcube.shop\/produkt\/beckenverbinder-3-4-beidseitig-fur-bohrung-27-mm\/"},"modified":"2026-04-15T15:04:19","modified_gmt":"2026-04-15T13:04:19","slug":"beckenverbinder-3-4-beidseitig-fur-bohrung-27-mm","status":"publish","type":"product","link":"https:\/\/antcube.shop\/et\/toode\/beckenverbinder-3-4-beidseitig-fur-bohrung-27-mm\/","title":{"rendered":"Valamu \u00fchenduskoht 3\/4\u2033 - m\u00f5lemalt poolt 27 mm l\u00e4bim\u00f5\u00f5dule"},"content":{"rendered":"<p><strong>M\u00f5\u00f5tmed:<\/strong> 27mm puurile 27mm<\/p>\n<p><strong>Sisu:<\/strong> 1x kruviadapter (<strong>T\u00c4HELEPANU<\/strong>: Keermestatud mutrid ei kuulu komplekti, vt jaotist \"Seotud tooted\").<\/p>\n<p><strong>Kirjeldus:<\/strong> Selle basseiniliitmikuga saab \u00fchendada kaks basseini v\u00f5i ka kaks XL suurusega farmi. Aukud peavad olema \u00fchendatavates basseinides samal k\u00f5rgusel. \u00dchendaja sisestatakse l\u00e4bi m\u00f5lema augu ja kruvitakse eraldi saadaoleva lukustusmutriga. See tagab \u00fchenduse katkemiskindluse ja hoiab kindlalt ka basseinide liigutamisel.<\/p>\n<p>&nbsp;<\/p>","protected":false},"excerpt":{"rendered":"<p>M\u00f5\u00f5tmed: 27mm puurile Sisu: (T\u00c4HELEPANU: keermestatud mutrid ei kuulu komplekti, vt \"Seotud tooted\"). Kirjeldus: Selle valamu\u00fchendusega saab omavahel \u00fchendada kaks basseini v\u00f5i ka kaks XL suurusega farmi. Avad peavad olema \u00fchendatavatel valamutel samal k\u00f5rgusel. .","protected":false},"featured_media":4755,"comment_status":"open","ping_status":"closed","template":"","meta":{"_acf_changed":false,"content-type":"","_monsterinsights_skip_tracking":false,"_monsterinsights_sitenote_active":false,"_monsterinsights_sitenote_note":"","_monsterinsights_sitenote_category":0},"product_brand":[],"product_cat":[121],"product_tag":[],"class_list":{"0":"post-4747","1":"product","2":"type-product","3":"status-publish","4":"has-post-thumbnail","6":"product_cat-connectors","8":"first","9":"instock","10":"taxable","11":"shipping-taxable","12":"purchasable","13":"product-type-simple"},"acf":[],"aioseo_notices":[],"jetpack_sharing_enabled":true,"_links":{"self":[{"href":"https:\/\/antcube.shop\/et\/wp-json\/wp\/v2\/product\/4747","targetHints":{"allow":["GET"]}}],"collection":[{"href":"https:\/\/antcube.shop\/et\/wp-json\/wp\/v2\/product"}],"about":[{"href":"https:\/\/antcube.shop\/et\/wp-json\/wp\/v2\/types\/product"}],"replies":[{"embeddable":true,"href":"https:\/\/antcube.shop\/et\/wp-json\/wp\/v2\/comments?post=4747"}],"wp:featuredmedia":[{"embeddable":true,"href":"https:\/\/antcube.shop\/et\/wp-json\/wp\/v2\/media\/4755"}],"wp:attachment":[{"href":"https:\/\/antcube.shop\/et\/wp-json\/wp\/v2\/media?parent=4747"}],"wp:term":[{"taxonomy":"product_brand","embeddable":true,"href":"https:\/\/antcube.shop\/et\/wp-json\/wp\/v2\/product_brand?post=4747"},{"taxonomy":"product_cat","embeddable":true,"href":"https:\/\/antcube.shop\/et\/wp-json\/wp\/v2\/product_cat?post=4747"},{"taxonomy":"product_tag","embeddable":true,"href":"https:\/\/antcube.shop\/et\/wp-json\/wp\/v2\/product_tag?post=4747"}],"curies":[{"name":"wp","href":"https:\/\/api.w.org\/{rel}","templated":true}]}}