{"id":4738,"date":"2022-11-14T15:05:46","date_gmt":"2022-11-14T14:05:46","guid":{"rendered":"https:\/\/antcube.shop\/produkt\/formicariendichtung-3-4-zoll-transparent\/"},"modified":"2026-04-02T12:12:12","modified_gmt":"2026-04-02T10:12:12","slug":"formicariendichtung-3-4-zoll-transparent","status":"publish","type":"product","link":"https:\/\/antcube.shop\/et\/toode\/formicariendichtung-3-4-zoll-transparent\/","title":{"rendered":"Formicarium tihend 3\/4 tolli - l\u00e4bipaistev"},"content":{"rendered":"<p><strong>Sisu:<\/strong> 1x tihendusr\u00f5ngas<\/p>\n<p><strong>V\u00e4rv:<\/strong> l\u00e4bipaistev, piimjas<\/p>\n<p><strong>Materjal:<\/strong> PE plastik<\/p>\n<p><strong>Kirjeldus:<\/strong> Selle tihendusr\u00f5ngaga saab n\u00e4iteks sobivaid kruvi\u00fchendusi (3\/4\u2033) paremini ja tihedamalt kinni keerata.<br \/>\nSellega kaitsete klaasi v\u00f5i akr\u00fc\u00fcli kriimustuste eest.<\/p>\n<p>&nbsp;<\/p>","protected":false},"excerpt":{"rendered":"<p>Sisu: Materjal: 1x tihendusr\u00f5ngas V\u00e4rv: l\u00e4bipaistev, piimjas Materjal: Materjal: PE plastik Kirjeldus: Materjal: PE plastik: Selle tihendusr\u00f5ngaga saab nt. sobivaid kruvi\u00fchendusi (3\/4\") paremini ja tihedamalt kinni keerata. Sellega kaitsete klaasi v\u00f5i akr\u00fc\u00fcli kriimustuste eest. &nbsp;<\/p>","protected":false},"featured_media":4787,"comment_status":"open","ping_status":"closed","template":"","meta":{"_acf_changed":false,"content-type":"","_monsterinsights_skip_tracking":false,"_monsterinsights_sitenote_active":false,"_monsterinsights_sitenote_note":"","_monsterinsights_sitenote_category":0},"product_brand":[],"product_cat":[121],"product_tag":[],"class_list":{"0":"post-4738","1":"product","2":"type-product","3":"status-publish","4":"has-post-thumbnail","6":"product_cat-connectors","8":"first","9":"instock","10":"taxable","11":"shipping-taxable","12":"purchasable","13":"product-type-simple"},"acf":[],"aioseo_notices":[],"jetpack_sharing_enabled":true,"_links":{"self":[{"href":"https:\/\/antcube.shop\/et\/wp-json\/wp\/v2\/product\/4738","targetHints":{"allow":["GET"]}}],"collection":[{"href":"https:\/\/antcube.shop\/et\/wp-json\/wp\/v2\/product"}],"about":[{"href":"https:\/\/antcube.shop\/et\/wp-json\/wp\/v2\/types\/product"}],"replies":[{"embeddable":true,"href":"https:\/\/antcube.shop\/et\/wp-json\/wp\/v2\/comments?post=4738"}],"wp:featuredmedia":[{"embeddable":true,"href":"https:\/\/antcube.shop\/et\/wp-json\/wp\/v2\/media\/4787"}],"wp:attachment":[{"href":"https:\/\/antcube.shop\/et\/wp-json\/wp\/v2\/media?parent=4738"}],"wp:term":[{"taxonomy":"product_brand","embeddable":true,"href":"https:\/\/antcube.shop\/et\/wp-json\/wp\/v2\/product_brand?post=4738"},{"taxonomy":"product_cat","embeddable":true,"href":"https:\/\/antcube.shop\/et\/wp-json\/wp\/v2\/product_cat?post=4738"},{"taxonomy":"product_tag","embeddable":true,"href":"https:\/\/antcube.shop\/et\/wp-json\/wp\/v2\/product_tag?post=4738"}],"curies":[{"name":"wp","href":"https:\/\/api.w.org\/{rel}","templated":true}]}}