{"id":4737,"date":"2022-11-14T15:05:30","date_gmt":"2022-11-14T14:05:30","guid":{"rendered":"https:\/\/antcube.shop\/produkt\/bohrungsadapter-50-auf-27mm-transparent\/"},"modified":"2026-04-02T09:54:16","modified_gmt":"2026-04-02T07:54:16","slug":"bohrungsadapter-50-auf-27mm-labipaistev","status":"publish","type":"product","link":"https:\/\/antcube.shop\/et\/toode\/bohrungsadapter-50-auf-27mm-labipaistev\/","title":{"rendered":"L\u00e4bim\u00f5\u00f5du adapter 50-27mm - l\u00e4bipaistev"},"content":{"rendered":"<p><strong>Sisu:<\/strong><br \/>\n1x akr\u00fc\u00fclist ketas 50x4mm 27mm auguga<br \/>\n1x kleepuv foolium l\u00e4bipaistev 60mm 27mm auguga<\/p>\n<p><strong>M\u00f5\u00f5tmed:<\/strong> 60x4mm<\/p>\n<p><strong>Materjal:<\/strong> PMMA, PP<\/p>\n<p><strong>V\u00e4rv:<\/strong> l\u00e4bipaistev \/ kristallselge<\/p>\n<p><strong>Kirjeldus:<\/strong> Adapter 27 mm l\u00e4bim\u00f5\u00f5duga elementide kinnitamiseks 50 mm avasse.<br \/>\nKvaliteetne l\u00e4bipaistev 50\u00b5 kleepuv kile on kriimustuskindel, sisaldab UV-kaitsekihti ja on p\u00fcsivalt kleepuv.<br \/>\nSeega turvaline, kindel ja visuaalselt ilus kinnitus adapterile.<\/p>\n<p><strong>M\u00e4rkus:<\/strong> Puuradapterit ei tohi koormata pideva survej\u00f5u m\u00f5jul, vastasel juhul v\u00f5ib see lahti minna. See sobib ainult sirgete \u00fchenduste jaoks!<\/p>","protected":false},"excerpt":{"rendered":"<p>Sisu: 1x akr\u00fc\u00fclist ketas 50x4mm 27mm auguga 1x kleepuv foolium l\u00e4bipaistev 60mm 27mm auguga M\u00f5\u00f5tmed: 1x akr\u00fc\u00fclist ketas 50x4mm 27mm auguga: Materjal: 60x4mm: PMMA, PP V\u00e4rv: l\u00e4bipaistev \/ kristallselge Kirjeldus: PMMA, PP: Adapter 27mm l\u00e4bim\u00f5\u00f5duga elementide kinnitamiseks 50mm avasse. Kvaliteetne l\u00e4bipaistev 50\u00b5 kleepsukile on kriimustuskindel ja sisaldab UV-kaitsekihti ning on","protected":false},"featured_media":4887,"comment_status":"open","ping_status":"closed","template":"","meta":{"_acf_changed":false,"content-type":"","_monsterinsights_skip_tracking":false,"_monsterinsights_sitenote_active":false,"_monsterinsights_sitenote_note":"","_monsterinsights_sitenote_category":0},"product_brand":[],"product_cat":[119,121],"product_tag":[],"class_list":{"0":"post-4737","1":"product","2":"type-product","3":"status-publish","4":"has-post-thumbnail","6":"product_cat-formicarium-components","7":"product_cat-connectors","9":"first","10":"instock","11":"taxable","12":"shipping-taxable","13":"purchasable","14":"product-type-simple"},"acf":[],"aioseo_notices":[],"jetpack_sharing_enabled":true,"_links":{"self":[{"href":"https:\/\/antcube.shop\/et\/wp-json\/wp\/v2\/product\/4737","targetHints":{"allow":["GET"]}}],"collection":[{"href":"https:\/\/antcube.shop\/et\/wp-json\/wp\/v2\/product"}],"about":[{"href":"https:\/\/antcube.shop\/et\/wp-json\/wp\/v2\/types\/product"}],"replies":[{"embeddable":true,"href":"https:\/\/antcube.shop\/et\/wp-json\/wp\/v2\/comments?post=4737"}],"wp:featuredmedia":[{"embeddable":true,"href":"https:\/\/antcube.shop\/et\/wp-json\/wp\/v2\/media\/4887"}],"wp:attachment":[{"href":"https:\/\/antcube.shop\/et\/wp-json\/wp\/v2\/media?parent=4737"}],"wp:term":[{"taxonomy":"product_brand","embeddable":true,"href":"https:\/\/antcube.shop\/et\/wp-json\/wp\/v2\/product_brand?post=4737"},{"taxonomy":"product_cat","embeddable":true,"href":"https:\/\/antcube.shop\/et\/wp-json\/wp\/v2\/product_cat?post=4737"},{"taxonomy":"product_tag","embeddable":true,"href":"https:\/\/antcube.shop\/et\/wp-json\/wp\/v2\/product_tag?post=4737"}],"curies":[{"name":"wp","href":"https:\/\/api.w.org\/{rel}","templated":true}]}}