{"id":4734,"date":"2022-11-14T15:04:43","date_gmt":"2022-11-14T14:04:43","guid":{"rendered":"https:\/\/antcube.shop\/produkt\/rohrverbinder-glasklar-fur-32mm-t\/"},"modified":"2026-04-12T14:37:15","modified_gmt":"2026-04-12T12:37:15","slug":"rohrverbinder-glasklar-fur-32mm-t","status":"publish","type":"product","link":"https:\/\/antcube.shop\/et\/toode\/rohrverbinder-glasklar-fur-32mm-t\/","title":{"rendered":"Kristallselge toruliitmik 32mm jaoks - T"},"content":{"rendered":"<p><strong>M\u00f5\u00f5tmed (LxSxK):<\/strong> 8,1\u00d74,0x6,0cm<br \/>\n<strong>Sisemine l\u00e4bim\u00f5\u00f5t:<\/strong> 32mm<\/p>\n<p><strong>Materjal:<\/strong> Akr\u00fc\u00fcl<\/p>\n<p><strong>V\u00e4rv:<\/strong> v\u00e4rvitu\/l\u00e4bipaistev\/selge<\/p>\n<p><strong>Sisu:<\/strong> 1tk.<\/p>\n<p><strong>Tehnilised andmed:<\/strong><br \/>\nToruliitmiku kuju T akr\u00fc\u00fclist l\u00e4bim\u00f5\u00f5t 40mm 32mm toru jaoks.<\/p>\n<p><strong>Kirjeldus:<\/strong><br \/>\nL\u00e4bipaistvast akr\u00fc\u00fclist toruliitmik akr\u00fc\u00fcltorude \u00fchendamiseks.<\/p>\n<p><strong>Teade:<\/strong><br \/>\nTorude kokkupanekul arvestage palun j\u00e4rgmist:<br \/>\nAkr\u00fc\u00fclmaterjali omaduste t\u00f5ttu tuleb igal juhul v\u00e4ltida survet ja v\u00f5imendust. Kui \u00fchendus on raske, \u00fchendage ettevaatlike keerutavate liigutustega ja vajadusel h\u00f5\u00f5ruge veidi purunemisvastast \u00f5li.<\/p>","protected":false},"excerpt":{"rendered":"<p>M\u00f5\u00f5tmed (LxSxK): 6,0x4,0x6,0cm Sisemine l\u00e4bim\u00f5\u00f5t: 32mm Materjal: Materjal: Akr\u00fc\u00fcl V\u00e4rv: V\u00e4rvitu \/ L\u00e4bipaistev \/ l\u00e4bipaistev Sisu: Materjal: Akr\u00fc\u00fcl V\u00e4rv: V\u00e4rvitu \/ L\u00e4bipaistev \/ l\u00e4bipaistev: 1tk. Tehnilised andmed: L akr\u00fc\u00fcl l\u00e4bim\u00f5\u00f5t 40mm 32mm toru jaoks. Kirjeldus: L\u00e4bipaistvast akr\u00fc\u00fclist valmistatud toruliitmik akr\u00fc\u00fcltorude \u00fchendamiseks. M\u00e4rkus: Torude kokkupanekul arvestage palun j\u00e4rgmist: Akr\u00fc\u00fcli materjaliomaduste t\u00f5ttu peab r\u00f5hk ja hoovus olema","protected":false},"featured_media":4896,"comment_status":"open","ping_status":"closed","template":"","meta":{"_acf_changed":false,"content-type":"","_monsterinsights_skip_tracking":false,"_monsterinsights_sitenote_active":false,"_monsterinsights_sitenote_note":"","_monsterinsights_sitenote_category":0},"product_brand":[],"product_cat":[345],"product_tag":[],"class_list":{"0":"post-4734","1":"product","2":"type-product","3":"status-publish","4":"has-post-thumbnail","6":"product_cat-pipe-connectors","8":"first","9":"instock","10":"taxable","11":"shipping-taxable","12":"purchasable","13":"product-type-simple"},"acf":[],"aioseo_notices":[],"jetpack_sharing_enabled":true,"_links":{"self":[{"href":"https:\/\/antcube.shop\/et\/wp-json\/wp\/v2\/product\/4734","targetHints":{"allow":["GET"]}}],"collection":[{"href":"https:\/\/antcube.shop\/et\/wp-json\/wp\/v2\/product"}],"about":[{"href":"https:\/\/antcube.shop\/et\/wp-json\/wp\/v2\/types\/product"}],"replies":[{"embeddable":true,"href":"https:\/\/antcube.shop\/et\/wp-json\/wp\/v2\/comments?post=4734"}],"wp:featuredmedia":[{"embeddable":true,"href":"https:\/\/antcube.shop\/et\/wp-json\/wp\/v2\/media\/4896"}],"wp:attachment":[{"href":"https:\/\/antcube.shop\/et\/wp-json\/wp\/v2\/media?parent=4734"}],"wp:term":[{"taxonomy":"product_brand","embeddable":true,"href":"https:\/\/antcube.shop\/et\/wp-json\/wp\/v2\/product_brand?post=4734"},{"taxonomy":"product_cat","embeddable":true,"href":"https:\/\/antcube.shop\/et\/wp-json\/wp\/v2\/product_cat?post=4734"},{"taxonomy":"product_tag","embeddable":true,"href":"https:\/\/antcube.shop\/et\/wp-json\/wp\/v2\/product_tag?post=4734"}],"curies":[{"name":"wp","href":"https:\/\/api.w.org\/{rel}","templated":true}]}}