{"id":4729,"date":"2022-11-14T15:03:24","date_gmt":"2022-11-14T14:03:24","guid":{"rendered":"https:\/\/antcube.shop\/produkt\/becken-rohrverbinder-3-4-zu-32mm-gerade-transparent\/"},"modified":"2026-01-12T12:36:45","modified_gmt":"2026-01-12T11:36:45","slug":"becken-rohrverbinder-3-4-zu-32mm-gerad-labipaistev","status":"publish","type":"product","link":"https:\/\/antcube.shop\/et\/toode\/becken-rohrverbinder-3-4-zu-32mm-gerad-labipaistev\/","title":{"rendered":"Vannitoru \u00fchendus 3\/4\" kuni 32mm - sirge - l\u00e4bipaistev"},"content":{"rendered":"<p><strong>M\u00f5\u00f5tmed:<\/strong> 75x40x40mm<\/p>\n<p><strong>Kogus:<\/strong> 1tk<\/p>\n<p><strong>V\u00e4rv:<\/strong> l\u00e4bipaistev<\/p>\n<p><strong>Materjal:<\/strong> plastist<\/p>\n<p><strong>Kirjeldus:<\/strong> See valamu toruliitmik 3\/4\u2033 sobib nii 27mm auku kui ka 32mm toru v\u00e4lisl\u00e4bim\u00f5\u00f5duga torule.<\/p>","protected":false},"excerpt":{"rendered":"<p>M\u00f5\u00f5tmed: Suurus: 75x40x40mm Kogus: 75x40x40mm: Kirjeldus: 1tk V\u00e4rv: l\u00e4bipaistev Materjal: plastik Kirjeldus: 1tk: See valamu toru\u00fchendus 3\/4\" sobib nii 27mm auku kui ka 32mm toru v\u00e4lisl\u00e4bim\u00f5\u00f5dule.<\/p>","protected":false},"featured_media":4905,"comment_status":"open","ping_status":"closed","template":"","meta":{"_acf_changed":false,"content-type":"","_monsterinsights_skip_tracking":false,"_monsterinsights_sitenote_active":false,"_monsterinsights_sitenote_note":"","_monsterinsights_sitenote_category":0},"product_brand":[],"product_cat":[345],"product_tag":[],"class_list":{"0":"post-4729","1":"product","2":"type-product","3":"status-publish","4":"has-post-thumbnail","6":"product_cat-pipe-connectors","8":"first","9":"instock","10":"taxable","11":"shipping-taxable","12":"purchasable","13":"product-type-simple"},"acf":[],"aioseo_notices":[],"jetpack_sharing_enabled":true,"_links":{"self":[{"href":"https:\/\/antcube.shop\/et\/wp-json\/wp\/v2\/product\/4729","targetHints":{"allow":["GET"]}}],"collection":[{"href":"https:\/\/antcube.shop\/et\/wp-json\/wp\/v2\/product"}],"about":[{"href":"https:\/\/antcube.shop\/et\/wp-json\/wp\/v2\/types\/product"}],"replies":[{"embeddable":true,"href":"https:\/\/antcube.shop\/et\/wp-json\/wp\/v2\/comments?post=4729"}],"wp:featuredmedia":[{"embeddable":true,"href":"https:\/\/antcube.shop\/et\/wp-json\/wp\/v2\/media\/4905"}],"wp:attachment":[{"href":"https:\/\/antcube.shop\/et\/wp-json\/wp\/v2\/media?parent=4729"}],"wp:term":[{"taxonomy":"product_brand","embeddable":true,"href":"https:\/\/antcube.shop\/et\/wp-json\/wp\/v2\/product_brand?post=4729"},{"taxonomy":"product_cat","embeddable":true,"href":"https:\/\/antcube.shop\/et\/wp-json\/wp\/v2\/product_cat?post=4729"},{"taxonomy":"product_tag","embeddable":true,"href":"https:\/\/antcube.shop\/et\/wp-json\/wp\/v2\/product_tag?post=4729"}],"curies":[{"name":"wp","href":"https:\/\/api.w.org\/{rel}","templated":true}]}}