{"id":4726,"date":"2022-11-14T15:02:37","date_gmt":"2022-11-14T14:02:37","guid":{"rendered":"https:\/\/antcube.shop\/produkt\/rohrverbindungsring-fur-50mm-rohr\/"},"modified":"2026-03-20T10:38:38","modified_gmt":"2026-03-20T09:38:38","slug":"rohrverbindungsring-fur-50mm-rohr","status":"publish","type":"product","link":"https:\/\/antcube.shop\/et\/toode\/rohrverbindungsring-fur-50mm-rohr\/","title":{"rendered":"Toru \u00fchendusr\u00f5ngas 50 mm torule"},"content":{"rendered":"<p><strong>Kogus:<\/strong> 1 t\u00fckk<\/p>\n<p><strong>M\u00f5\u00f5tmed:<\/strong> 50mm (sisel\u00e4bim\u00f5\u00f5t), 60x10mm (v\u00e4lism\u00f5\u00f5tmed)<\/p>\n<p><strong>V\u00e4rv:<\/strong> l\u00e4bipaistev<\/p>\n<p><strong>Materjal:<\/strong> akr\u00fc\u00fcl<\/p>\n<p><strong>Kirjeldus:<\/strong><br \/>\nL\u00e4bipaistvast akr\u00fc\u00fclist toruliitmik akr\u00fc\u00fcltorude \u00fchendamiseks.<\/p>\n<p><strong>Taotlus:<\/strong><br \/>\nAkr\u00fc\u00fcltorude \u00fchendamiseks l\u00e4bim\u00f5\u00f5duga 50 mm.<\/p>\n<p><strong>Teade:<\/strong><br \/>\nTorude kokkupanekul arvestage palun j\u00e4rgmist:<br \/>\nKui toru on v\u00e4ga raskesti \u00fchendusmuhvile paigaldatav, tuleks tihendusr\u00f5ngast kergelt h\u00f5\u00f5ruda tilga meie l\u00e4bimurde\u00f5li v\u00f5i -pulbriga. Seej\u00e4rel tuleb toru keerates v\u00f5i kruvides l\u00fckata muhvile, ilma muhvi \u00fcles- ja allapoole liigutustega koormamata. Akr\u00fc\u00fclmaterjali omaduste t\u00f5ttu tuleks igal juhul v\u00e4ltida survet ja v\u00f5imendust.<\/p>\n<p>&nbsp;<\/p>","protected":false},"excerpt":{"rendered":"<p>Kogus: Suurus: 1 tk: V\u00e4rv: l\u00e4bipaistev Materjal: akr\u00fc\u00fcl Kirjeldus: 50mm (sisemine l\u00e4bim\u00f5\u00f5t), 60x10mm (v\u00e4lism\u00f5\u00f5tmed): L\u00e4bipaistvast akr\u00fc\u00fclist valmistatud toru\u00fchendusr\u00f5ngas akr\u00fc\u00fcltorude \u00fchendamiseks. Kasutamine: 50mm l\u00e4bim\u00f5\u00f5duga akr\u00fc\u00fcltorude \u00fchendamiseks. Teade: Torude kokkupanekul arvestage palun j\u00e4rgmist: Kui toru on v\u00e4ga raskesti \u00fchendusmuhvile paigaldatav,","protected":false},"featured_media":4921,"comment_status":"open","ping_status":"closed","template":"","meta":{"_acf_changed":false,"content-type":"","_monsterinsights_skip_tracking":false,"_monsterinsights_sitenote_active":false,"_monsterinsights_sitenote_note":"","_monsterinsights_sitenote_category":0},"product_brand":[],"product_cat":[345],"product_tag":[],"class_list":{"0":"post-4726","1":"product","2":"type-product","3":"status-publish","4":"has-post-thumbnail","6":"product_cat-pipe-connectors","8":"first","9":"instock","10":"taxable","11":"shipping-taxable","12":"purchasable","13":"product-type-simple"},"acf":[],"aioseo_notices":[],"jetpack_sharing_enabled":true,"_links":{"self":[{"href":"https:\/\/antcube.shop\/et\/wp-json\/wp\/v2\/product\/4726","targetHints":{"allow":["GET"]}}],"collection":[{"href":"https:\/\/antcube.shop\/et\/wp-json\/wp\/v2\/product"}],"about":[{"href":"https:\/\/antcube.shop\/et\/wp-json\/wp\/v2\/types\/product"}],"replies":[{"embeddable":true,"href":"https:\/\/antcube.shop\/et\/wp-json\/wp\/v2\/comments?post=4726"}],"wp:featuredmedia":[{"embeddable":true,"href":"https:\/\/antcube.shop\/et\/wp-json\/wp\/v2\/media\/4921"}],"wp:attachment":[{"href":"https:\/\/antcube.shop\/et\/wp-json\/wp\/v2\/media?parent=4726"}],"wp:term":[{"taxonomy":"product_brand","embeddable":true,"href":"https:\/\/antcube.shop\/et\/wp-json\/wp\/v2\/product_brand?post=4726"},{"taxonomy":"product_cat","embeddable":true,"href":"https:\/\/antcube.shop\/et\/wp-json\/wp\/v2\/product_cat?post=4726"},{"taxonomy":"product_tag","embeddable":true,"href":"https:\/\/antcube.shop\/et\/wp-json\/wp\/v2\/product_tag?post=4726"}],"curies":[{"name":"wp","href":"https:\/\/api.w.org\/{rel}","templated":true}]}}