{"id":4720,"date":"2022-11-14T15:01:00","date_gmt":"2022-11-14T14:01:00","guid":{"rendered":"https:\/\/antcube.shop\/produkt\/formicarium-schraubbuchse-fur-50mm-bohrung-transparent\/"},"modified":"2025-10-19T12:40:25","modified_gmt":"2025-10-19T10:40:25","slug":"formicarium-schraubbuchse-fur-50mm-bohrung-transparent","status":"publish","type":"product","link":"https:\/\/antcube.shop\/et\/toode\/formicarium-schraubbuchse-fur-50mm-bohrung-transparent\/","title":{"rendered":"Formicarium kruvipuks 50mm augu jaoks - l\u00e4bipaistev"},"content":{"rendered":"<p><strong>Sisu:<\/strong> 1 tk.<\/p>\n<p><strong>M\u00f5\u00f5tmed:<\/strong> 68 x 68 x 46 mm (49 mm pesa)<\/p>\n<p><strong>Materjal:<\/strong> Plastist<\/p>\n<p><strong>V\u00e4rv:<\/strong> L\u00e4bipaistev<\/p>\n<p><strong>Kirjeldus:<\/strong><br \/>\nSee toode on vaagnatoru \u00fchendaja.<br \/>\nUmbes sobivad toruliitmikud 50mm, saate \u00fchendada rohkem torusid 50mm v\u00f5i rohkem Formicariumi selle vaagnatoru liitmikuga.<br \/>\nValikuliselt on v\u00f5imalik \u00fchendada ka 60 mm toru (60\/56 mm) 50 mm tihendusr\u00f5nga kaudu.<br \/>\nV\u00f5i katte puhul v\u00f5ib kasutada valgustite jaoks sobivaid portselanist pistikupesasid.<\/p>\n<p><strong>Teade:<\/strong><br \/>\nKuna selle pesa l\u00e4bim\u00f5\u00f5t on 50 mm asemel ainult 49 mm, on tiheda \u00fchenduse saavutamiseks vaja tihendusr\u00f5ngaid v\u00f5i kristallselge kleepsukilest pakkimist, et saavutada 50 mm l\u00e4bim\u00f5\u00f5t.<\/p>","protected":false},"excerpt":{"rendered":"<p>Sisu: 1 tk. M\u00f5\u00f5dud: Materjal: 68 x 68 x 46 mm (49mm pesa): Materjal: Plastist V\u00e4rv: L\u00e4bipaistev Kirjeldus: See toode on vaagnatoru pistikupesa. Umbes sobivad toruliitmikud 50mm, saate \u00fchendada rohkem torusid 50mm v\u00f5i rohkem Formicariumi selle vaagnatoru liitmikuga. Valikuliselt on v\u00f5imalik \u00fchendada ka 60mm toru (60\/56mm) l\u00e4bi","protected":false},"featured_media":4924,"comment_status":"open","ping_status":"closed","template":"","meta":{"_acf_changed":false,"content-type":"","_monsterinsights_skip_tracking":false,"_monsterinsights_sitenote_active":false,"_monsterinsights_sitenote_note":"","_monsterinsights_sitenote_category":0},"product_brand":[],"product_cat":[345],"product_tag":[],"class_list":{"0":"post-4720","1":"product","2":"type-product","3":"status-publish","4":"has-post-thumbnail","6":"product_cat-pipe-connectors","8":"first","9":"outofstock","10":"taxable","11":"shipping-taxable","12":"purchasable","13":"product-type-simple"},"acf":[],"aioseo_notices":[],"jetpack_sharing_enabled":true,"_links":{"self":[{"href":"https:\/\/antcube.shop\/et\/wp-json\/wp\/v2\/product\/4720","targetHints":{"allow":["GET"]}}],"collection":[{"href":"https:\/\/antcube.shop\/et\/wp-json\/wp\/v2\/product"}],"about":[{"href":"https:\/\/antcube.shop\/et\/wp-json\/wp\/v2\/types\/product"}],"replies":[{"embeddable":true,"href":"https:\/\/antcube.shop\/et\/wp-json\/wp\/v2\/comments?post=4720"}],"wp:featuredmedia":[{"embeddable":true,"href":"https:\/\/antcube.shop\/et\/wp-json\/wp\/v2\/media\/4924"}],"wp:attachment":[{"href":"https:\/\/antcube.shop\/et\/wp-json\/wp\/v2\/media?parent=4720"}],"wp:term":[{"taxonomy":"product_brand","embeddable":true,"href":"https:\/\/antcube.shop\/et\/wp-json\/wp\/v2\/product_brand?post=4720"},{"taxonomy":"product_cat","embeddable":true,"href":"https:\/\/antcube.shop\/et\/wp-json\/wp\/v2\/product_cat?post=4720"},{"taxonomy":"product_tag","embeddable":true,"href":"https:\/\/antcube.shop\/et\/wp-json\/wp\/v2\/product_tag?post=4720"}],"curies":[{"name":"wp","href":"https:\/\/api.w.org\/{rel}","templated":true}]}}