{"id":4716,"date":"2022-11-14T14:59:57","date_gmt":"2022-11-14T13:59:57","guid":{"rendered":"https:\/\/antcube.shop\/produkt\/gittereinsatz-acryl-50-mm-klar-fein\/"},"modified":"2026-04-13T10:49:01","modified_gmt":"2026-04-13T08:49:01","slug":"gittereinsatz-acryl-50-mm-klar-fein","status":"publish","type":"product","link":"https:\/\/antcube.shop\/et\/toode\/gittereinsatz-acryl-50-mm-klar-fein\/","title":{"rendered":"Akr\u00fc\u00fclv\u00f5rk 50 mm - l\u00e4bipaistev - peenike"},"content":{"rendered":"<p><strong>Kogus:<\/strong> 1 t\u00fckk<\/p>\n<p><strong>M\u00f5\u00f5tmed:<\/strong> 60x10mm<\/p>\n<p><strong>V\u00e4rv:<\/strong> selge<\/p>\n<p><strong>Materjal:<\/strong> plastik, roostevaba teras<\/p>\n<p><strong>Kirjeldus:<\/strong> 50 mm l\u00e4bim\u00f5\u00f5duga pistikuga ventilatsiooniv\u00f5re 50 mm l\u00e4bim\u00f5\u00f5duga avade sulgemiseks. Sisaldab artiklit: \"Akr\u00fc\u00fclv\u00f5re 50 mm - l\u00e4bipaistev\" koos v\u00e4ga peene, v\u00e4ga vastupidava roostevabast terasest v\u00f5rega (0,2-0,3 mm), mis takistab isegi v\u00e4ikeste sipelgate v\u00e4ljamurdmist l\u00e4bi v\u00f5rega sissel\u00f5ike laiade ventilatsiooniaukude. Sobib ka v\u00e4ga tugevate hammustavate liikide, nagu n\u00e4iteks lehepeksja sipelgad, jaoks!<\/p>","protected":false},"excerpt":{"rendered":"<p>50 mm l\u00e4bim\u00f5\u00f5duga aukude jaoks.<\/p>","protected":false},"featured_media":4809,"comment_status":"open","ping_status":"closed","template":"","meta":{"_acf_changed":false,"content-type":"","_monsterinsights_skip_tracking":false,"_monsterinsights_sitenote_active":false,"_monsterinsights_sitenote_note":"","_monsterinsights_sitenote_category":0},"product_brand":[],"product_cat":[238],"product_tag":[],"class_list":{"0":"post-4716","1":"product","2":"type-product","3":"status-publish","4":"has-post-thumbnail","6":"product_cat-grid-caps-plugs-and-inserts","8":"first","9":"instock","10":"taxable","11":"shipping-taxable","12":"purchasable","13":"product-type-simple"},"acf":[],"aioseo_notices":[],"jetpack_sharing_enabled":true,"_links":{"self":[{"href":"https:\/\/antcube.shop\/et\/wp-json\/wp\/v2\/product\/4716","targetHints":{"allow":["GET"]}}],"collection":[{"href":"https:\/\/antcube.shop\/et\/wp-json\/wp\/v2\/product"}],"about":[{"href":"https:\/\/antcube.shop\/et\/wp-json\/wp\/v2\/types\/product"}],"replies":[{"embeddable":true,"href":"https:\/\/antcube.shop\/et\/wp-json\/wp\/v2\/comments?post=4716"}],"wp:featuredmedia":[{"embeddable":true,"href":"https:\/\/antcube.shop\/et\/wp-json\/wp\/v2\/media\/4809"}],"wp:attachment":[{"href":"https:\/\/antcube.shop\/et\/wp-json\/wp\/v2\/media?parent=4716"}],"wp:term":[{"taxonomy":"product_brand","embeddable":true,"href":"https:\/\/antcube.shop\/et\/wp-json\/wp\/v2\/product_brand?post=4716"},{"taxonomy":"product_cat","embeddable":true,"href":"https:\/\/antcube.shop\/et\/wp-json\/wp\/v2\/product_cat?post=4716"},{"taxonomy":"product_tag","embeddable":true,"href":"https:\/\/antcube.shop\/et\/wp-json\/wp\/v2\/product_tag?post=4716"}],"curies":[{"name":"wp","href":"https:\/\/api.w.org\/{rel}","templated":true}]}}