{"id":4714,"date":"2022-11-14T14:59:26","date_gmt":"2022-11-14T13:59:26","guid":{"rendered":"https:\/\/antcube.shop\/produkt\/fichtennadeln-100g\/"},"modified":"2026-04-13T09:32:39","modified_gmt":"2026-04-13T07:32:39","slug":"fichtennadeln-100g","status":"publish","type":"product","link":"https:\/\/antcube.shop\/et\/toode\/fichtennadeln-100g\/","title":{"rendered":"Kuusen\u00f5elad 100g"},"content":{"rendered":"<p><strong>Pikkus:<\/strong> 2cm<\/p>\n<p><strong>Kirjeldus:<\/strong> n\u00f5elad on puhastatud ja vabad kahjulikest ainetest, nii et neid saab kohe kaunistamiseks kasutada.<\/p>\n<p><strong>M\u00e4rkus:<\/strong> s\u00f5ltuvalt n\u00f5elte kuivamise astmest v\u00f5ib v\u00e4rvus olla roheline, bee\u017e v\u00f5i pruun kuni tumepruun. N\u00f5elad j\u00e4tkavad kuivamist ja v\u00e4rvi kaotamist aja jooksul ning saavutavad hiljemalt pruuni tooni.<\/p>","protected":false},"excerpt":{"rendered":"<p>pikkus: 2cm<\/p>","protected":false},"featured_media":4947,"comment_status":"open","ping_status":"closed","template":"","meta":{"_acf_changed":false,"content-type":"","_monsterinsights_skip_tracking":false,"_monsterinsights_sitenote_active":false,"_monsterinsights_sitenote_note":"","_monsterinsights_sitenote_category":0},"product_brand":[],"product_cat":[95,98,101],"product_tag":[],"class_list":{"0":"post-4714","1":"product","2":"type-product","3":"status-publish","4":"has-post-thumbnail","6":"product_cat-accessories-for-ants","7":"product_cat-decoration","8":"product_cat-forest","10":"first","11":"instock","12":"taxable","13":"shipping-taxable","14":"purchasable","15":"product-type-simple"},"acf":[],"aioseo_notices":[],"jetpack_sharing_enabled":true,"_links":{"self":[{"href":"https:\/\/antcube.shop\/et\/wp-json\/wp\/v2\/product\/4714","targetHints":{"allow":["GET"]}}],"collection":[{"href":"https:\/\/antcube.shop\/et\/wp-json\/wp\/v2\/product"}],"about":[{"href":"https:\/\/antcube.shop\/et\/wp-json\/wp\/v2\/types\/product"}],"replies":[{"embeddable":true,"href":"https:\/\/antcube.shop\/et\/wp-json\/wp\/v2\/comments?post=4714"}],"wp:featuredmedia":[{"embeddable":true,"href":"https:\/\/antcube.shop\/et\/wp-json\/wp\/v2\/media\/4947"}],"wp:attachment":[{"href":"https:\/\/antcube.shop\/et\/wp-json\/wp\/v2\/media?parent=4714"}],"wp:term":[{"taxonomy":"product_brand","embeddable":true,"href":"https:\/\/antcube.shop\/et\/wp-json\/wp\/v2\/product_brand?post=4714"},{"taxonomy":"product_cat","embeddable":true,"href":"https:\/\/antcube.shop\/et\/wp-json\/wp\/v2\/product_cat?post=4714"},{"taxonomy":"product_tag","embeddable":true,"href":"https:\/\/antcube.shop\/et\/wp-json\/wp\/v2\/product_tag?post=4714"}],"curies":[{"name":"wp","href":"https:\/\/api.w.org\/{rel}","templated":true}]}}