{"id":4712,"date":"2022-11-14T14:58:33","date_gmt":"2022-11-14T13:58:33","guid":{"rendered":"https:\/\/antcube.shop\/produkt\/humus-ziegel-brick-650g-ergibt-8-9l\/"},"modified":"2026-04-03T21:16:09","modified_gmt":"2026-04-03T19:16:09","slug":"humus-ziegel-brick-650g-ergibt-8-9l","status":"publish","type":"product","link":"https:\/\/antcube.shop\/et\/toode\/humus-ziegel-brick-650g-ergibt-8-9l\/","title":{"rendered":"Huumusekivi 650g - tulemuseks 8-9l"},"content":{"rendered":"<p><strong>Sisu \/ maht:<\/strong> 650g teeb 8-10 liitrit.<\/p>\n<p><strong>Kirjeldus:<\/strong> Formicarium Humus koosneb looduslikust kookoskiudude humusest, mis on pressitud telliskiviks. Veega kombineerituna paisub huumustellis umbes 8-10 korda suuremaks kui tema maht. See kaevatav formicarium-huumus sobib suurep\u00e4raselt troopiliste piirkondade sipelgatele ja seda saab kasutada nii kuivalt kui ka niiskelt. Formicarium Humus on puhas loodustoode, mis on garanteeritult vaba igasugustest kemikaalidest, pestitsiididest ja v\u00e4etistest ning 100% kompostitav.<\/p>\n<p>- 100% on valmistatud taimsetest taastuvatest toorainetest.<br \/>\n- suur imavus<br \/>\n- suur veemahutavus<\/p>\n<p><strong>Juhised:<\/strong> leotage telliskivi 4-5 liitris soojas vees umbes 20-30 minutit. Kui telliskivi ei ole veel t\u00e4ielikult lahustunud, purustage \u00fclej\u00e4\u00e4nud osa k\u00e4sitsi. Vajaduse korral pigistage liigne vesi humusest v\u00e4lja.<\/p>","protected":false},"excerpt":{"rendered":"<p>Sisu \/ maht: 650g teeb 8-10 liitrit. Kirjeldus: Formicarium Humus koosneb looduslikust kookoskiudude humusest, mis on pressitud telliskiviks. Veega kombineerituna paisub huumustellis umbes 8-10 korda suuremaks kui tema maht. See kaevatav formicarium-huumus sobib suurep\u00e4raselt troopiliste piirkondade sipelgate jaoks ja seda saab kasutada nii kuivalt kui ka","protected":false},"featured_media":4811,"comment_status":"open","ping_status":"closed","template":"","meta":{"_acf_changed":false,"content-type":"","_monsterinsights_skip_tracking":false,"_monsterinsights_sitenote_active":false,"_monsterinsights_sitenote_note":"","_monsterinsights_sitenote_category":0},"product_brand":[],"product_cat":[96],"product_tag":[],"class_list":{"0":"post-4712","1":"product","2":"type-product","3":"status-publish","4":"has-post-thumbnail","6":"product_cat-soil","8":"first","9":"instock","10":"taxable","11":"shipping-taxable","12":"purchasable","13":"product-type-simple"},"acf":[],"aioseo_notices":[],"jetpack_sharing_enabled":true,"_links":{"self":[{"href":"https:\/\/antcube.shop\/et\/wp-json\/wp\/v2\/product\/4712","targetHints":{"allow":["GET"]}}],"collection":[{"href":"https:\/\/antcube.shop\/et\/wp-json\/wp\/v2\/product"}],"about":[{"href":"https:\/\/antcube.shop\/et\/wp-json\/wp\/v2\/types\/product"}],"replies":[{"embeddable":true,"href":"https:\/\/antcube.shop\/et\/wp-json\/wp\/v2\/comments?post=4712"}],"wp:featuredmedia":[{"embeddable":true,"href":"https:\/\/antcube.shop\/et\/wp-json\/wp\/v2\/media\/4811"}],"wp:attachment":[{"href":"https:\/\/antcube.shop\/et\/wp-json\/wp\/v2\/media?parent=4712"}],"wp:term":[{"taxonomy":"product_brand","embeddable":true,"href":"https:\/\/antcube.shop\/et\/wp-json\/wp\/v2\/product_brand?post=4712"},{"taxonomy":"product_cat","embeddable":true,"href":"https:\/\/antcube.shop\/et\/wp-json\/wp\/v2\/product_cat?post=4712"},{"taxonomy":"product_tag","embeddable":true,"href":"https:\/\/antcube.shop\/et\/wp-json\/wp\/v2\/product_tag?post=4712"}],"curies":[{"name":"wp","href":"https:\/\/api.w.org\/{rel}","templated":true}]}}