{"id":4710,"date":"2022-11-14T14:58:00","date_gmt":"2022-11-14T13:58:00","guid":{"rendered":"https:\/\/antcube.shop\/produkt\/bodengrund-sand-lehm-weis-1000g\/"},"modified":"2026-04-06T18:30:28","modified_gmt":"2026-04-06T16:30:28","slug":"bodengrund-sand-lehm-weis-1000g","status":"publish","type":"product","link":"https:\/\/antcube.shop\/et\/toode\/bodengrund-sand-lehm-weis-1000g\/","title":{"rendered":"Substraat - Liivamass valge - 1000g"},"content":{"rendered":"<p><strong>Sisu:<\/strong> 1000g<\/p>\n<p><strong>Materjal:<\/strong> liiv, lubi, lubjasideaine<\/p>\n<p><strong>V\u00e4rv:<\/strong> valge<\/p>\n<p><strong>Segamissuhe:<\/strong> kaevatav<\/p>\n<p><strong>Kirjeldus:<\/strong> See valmis liiva-savisegu on puhas looduslik toode. V\u00e4rvus p\u00e4rineb valgest lubjalihast. Tugevus p\u00e4rineb siduvast lubjasegust, mis on loomadele kahjutu.<\/p>\n<p><strong>Taotlus:<\/strong> Kaevupinnas, saab kasutada pesa ja areeniala jaoks! Omab suuremat tugevust v\u00f5rreldes maapinnase bee\u017eiga, ka niiskes seisukorras.<\/p>\n<p><strong>M\u00e4rkus:<\/strong> kuna tegemist on puhtalt loodusliku tootega, v\u00f5ib esineda v\u00e4ikeseid erinevusi v\u00e4rvuses ja struktuuris, mida me ei saa m\u00f5jutada.<\/p>\n<p><strong>Oluline:<\/strong> Palun niisutage substraat enne kasutamist, et segu saaks kokku sulanduda ja sipelgapesas tugevalt kinni pidada. Lisaks v\u00f5ib liiga kuiv ja tolmune substraat p\u00f5hjustada sipelgate hingamisteede ummistumist ja halvemal juhul loomade l\u00e4mbumist.<\/p>","protected":false},"excerpt":{"rendered":"<p>Looduslik substraat - kaevatav<\/p>","protected":false},"featured_media":5725,"comment_status":"open","ping_status":"closed","template":"","meta":{"_acf_changed":false,"content-type":"","_monsterinsights_skip_tracking":false,"_monsterinsights_sitenote_active":false,"_monsterinsights_sitenote_note":"","_monsterinsights_sitenote_category":0},"product_brand":[],"product_cat":[95,96],"product_tag":[],"class_list":{"0":"post-4710","1":"product","2":"type-product","3":"status-publish","4":"has-post-thumbnail","6":"product_cat-accessories-for-ants","7":"product_cat-soil","9":"first","10":"instock","11":"taxable","12":"shipping-taxable","13":"purchasable","14":"product-type-simple"},"acf":[],"aioseo_notices":[],"jetpack_sharing_enabled":true,"_links":{"self":[{"href":"https:\/\/antcube.shop\/et\/wp-json\/wp\/v2\/product\/4710","targetHints":{"allow":["GET"]}}],"collection":[{"href":"https:\/\/antcube.shop\/et\/wp-json\/wp\/v2\/product"}],"about":[{"href":"https:\/\/antcube.shop\/et\/wp-json\/wp\/v2\/types\/product"}],"replies":[{"embeddable":true,"href":"https:\/\/antcube.shop\/et\/wp-json\/wp\/v2\/comments?post=4710"}],"wp:featuredmedia":[{"embeddable":true,"href":"https:\/\/antcube.shop\/et\/wp-json\/wp\/v2\/media\/5725"}],"wp:attachment":[{"href":"https:\/\/antcube.shop\/et\/wp-json\/wp\/v2\/media?parent=4710"}],"wp:term":[{"taxonomy":"product_brand","embeddable":true,"href":"https:\/\/antcube.shop\/et\/wp-json\/wp\/v2\/product_brand?post=4710"},{"taxonomy":"product_cat","embeddable":true,"href":"https:\/\/antcube.shop\/et\/wp-json\/wp\/v2\/product_cat?post=4710"},{"taxonomy":"product_tag","embeddable":true,"href":"https:\/\/antcube.shop\/et\/wp-json\/wp\/v2\/product_tag?post=4710"}],"curies":[{"name":"wp","href":"https:\/\/api.w.org\/{rel}","templated":true}]}}