{"id":4709,"date":"2022-11-14T14:57:45","date_gmt":"2022-11-14T13:57:45","guid":{"rendered":"https:\/\/antcube.shop\/produkt\/dekosteine-1000g-schwarz\/"},"modified":"2026-03-26T18:04:43","modified_gmt":"2026-03-26T17:04:43","slug":"dekosteine-1000g-schwarz","status":"publish","type":"product","link":"https:\/\/antcube.shop\/et\/toode\/dekosteine-1000g-schwarz\/","title":{"rendered":"Dekoratiivsed kivid 1000g - must"},"content":{"rendered":"<p><strong>Sisu\/maht:<\/strong> 1000g<\/p>\n<p><strong>Terade suurus:<\/strong> 8 - 16 mm<\/p>\n<p><strong>V\u00e4rv:<\/strong> hall-must<\/p>\n<p><strong>Kirjeldus:<\/strong> See kruus on v\u00e4ga dekoratiivne alusmaterjal.<\/p>\n<p><strong>M\u00e4rkus:<\/strong> Kuna materjal on transpordi ajal tekkinud h\u00f5\u00f5rdumise t\u00f5ttu m\u00f5nev\u00f5rra tolmune, tuleks seda enne formikariumi kasutamist uuesti veega pesta.<\/p>","protected":false},"excerpt":{"rendered":"<p>Granulatsioon: 8 - 16 mm<\/p>","protected":false},"featured_media":5520,"comment_status":"open","ping_status":"closed","template":"","meta":{"_acf_changed":false,"content-type":"","_monsterinsights_skip_tracking":false,"_monsterinsights_sitenote_active":false,"_monsterinsights_sitenote_note":"","_monsterinsights_sitenote_category":0},"product_brand":[],"product_cat":[98,101,100],"product_tag":[],"class_list":{"0":"post-4709","1":"product","2":"type-product","3":"status-publish","4":"has-post-thumbnail","6":"product_cat-decoration","7":"product_cat-forest","8":"product_cat-rainforest","10":"first","11":"instock","12":"taxable","13":"shipping-taxable","14":"purchasable","15":"product-type-simple"},"acf":[],"aioseo_notices":[],"jetpack_sharing_enabled":true,"_links":{"self":[{"href":"https:\/\/antcube.shop\/et\/wp-json\/wp\/v2\/product\/4709","targetHints":{"allow":["GET"]}}],"collection":[{"href":"https:\/\/antcube.shop\/et\/wp-json\/wp\/v2\/product"}],"about":[{"href":"https:\/\/antcube.shop\/et\/wp-json\/wp\/v2\/types\/product"}],"replies":[{"embeddable":true,"href":"https:\/\/antcube.shop\/et\/wp-json\/wp\/v2\/comments?post=4709"}],"wp:featuredmedia":[{"embeddable":true,"href":"https:\/\/antcube.shop\/et\/wp-json\/wp\/v2\/media\/5520"}],"wp:attachment":[{"href":"https:\/\/antcube.shop\/et\/wp-json\/wp\/v2\/media?parent=4709"}],"wp:term":[{"taxonomy":"product_brand","embeddable":true,"href":"https:\/\/antcube.shop\/et\/wp-json\/wp\/v2\/product_brand?post=4709"},{"taxonomy":"product_cat","embeddable":true,"href":"https:\/\/antcube.shop\/et\/wp-json\/wp\/v2\/product_cat?post=4709"},{"taxonomy":"product_tag","embeddable":true,"href":"https:\/\/antcube.shop\/et\/wp-json\/wp\/v2\/product_tag?post=4709"}],"curies":[{"name":"wp","href":"https:\/\/api.w.org\/{rel}","templated":true}]}}