{"id":4705,"date":"2022-11-14T14:56:24","date_gmt":"2022-11-14T13:56:24","guid":{"rendered":"https:\/\/antcube.shop\/produkt\/antcube-ameisenarenaeinsatz-l-30x30\/"},"modified":"2026-03-25T10:12:56","modified_gmt":"2026-03-25T09:12:56","slug":"antcube-ameisenarenaeinsatz-l-30x30","status":"publish","type":"product","link":"https:\/\/antcube.shop\/et\/toode\/antcube-ameisenarenaeinsatz-l-30x30\/","title":{"rendered":"ANTCUBE sipelgaplats - L - 30\u00d730"},"content":{"rendered":"<p><strong>M\u00f5\u00f5tmed:<\/strong><br \/>\n<strong>v\u00e4ljas:<\/strong> 290 x 28 x 276mm<br \/>\n<strong>sees:<\/strong> 284 x 20 x 269 mm<\/p>\n<p><strong>Materjal:<\/strong> valuklaas<\/p>\n<p><strong>V\u00e4rv:<\/strong> l\u00e4bipaistev<\/p>\n<p><strong>Sisu:<\/strong><br \/>\n1x sipelgate areeni sisestus<br \/>\n1x kate<br \/>\n1x kinnituspunktid 2 tk.<\/p>\n<p><strong>Kirjeldus:<\/strong><br \/>\nSelle pesa sisestuse v\u00f5ib paigutada ANTCUBE sipelgate areeni sisse ja t\u00e4ita kaevamiseks sobiva materjaliga (nt liiva-savi segu v\u00f5i Digfix). Selle erip\u00e4ra seisneb selles, et seda saab mugavalt areenist v\u00e4lja v\u00f5tta, nt sipelgate talvitumiseks. Sisse- ja v\u00e4ljap\u00e4\u00e4suks ning ventilatsiooniks on kaks 10 mm auku alumisel alal. Talvitumiseks saab need sulgeda 10mm tihenditega (need ei kuulu komplekti).<\/p>\n<p><strong>M\u00e4rkus:<\/strong> Klaas on l\u00f5igatud vastavalt DIN 1249 standardile, tolerantsiga +\/- 1 mm. \u00c4\u00e4rmiselt v\u00e4ikeste sipelgaliikide puhul on oluline t\u00e4iendav l\u00e4bil\u00f6\u00f6gikaitse.<\/p>","protected":false},"excerpt":{"rendered":"<p>Suurus: <span style=\"color: #0000ff;\"><strong>L<\/strong><\/span><\/p>","protected":false},"featured_media":4973,"comment_status":"open","ping_status":"closed","template":"","meta":{"_acf_changed":false,"content-type":"","_monsterinsights_skip_tracking":false,"_monsterinsights_sitenote_active":false,"_monsterinsights_sitenote_note":"","_monsterinsights_sitenote_category":0},"product_brand":[],"product_cat":[91,94],"product_tag":[],"class_list":{"0":"post-4705","1":"product","2":"type-product","3":"status-publish","4":"has-post-thumbnail","6":"product_cat-formicarium-modules","7":"product_cat-arena-inset","9":"first","10":"instock","11":"taxable","12":"shipping-taxable","13":"purchasable","14":"product-type-simple"},"acf":[],"aioseo_notices":[],"jetpack_sharing_enabled":true,"_links":{"self":[{"href":"https:\/\/antcube.shop\/et\/wp-json\/wp\/v2\/product\/4705","targetHints":{"allow":["GET"]}}],"collection":[{"href":"https:\/\/antcube.shop\/et\/wp-json\/wp\/v2\/product"}],"about":[{"href":"https:\/\/antcube.shop\/et\/wp-json\/wp\/v2\/types\/product"}],"replies":[{"embeddable":true,"href":"https:\/\/antcube.shop\/et\/wp-json\/wp\/v2\/comments?post=4705"}],"wp:featuredmedia":[{"embeddable":true,"href":"https:\/\/antcube.shop\/et\/wp-json\/wp\/v2\/media\/4973"}],"wp:attachment":[{"href":"https:\/\/antcube.shop\/et\/wp-json\/wp\/v2\/media?parent=4705"}],"wp:term":[{"taxonomy":"product_brand","embeddable":true,"href":"https:\/\/antcube.shop\/et\/wp-json\/wp\/v2\/product_brand?post=4705"},{"taxonomy":"product_cat","embeddable":true,"href":"https:\/\/antcube.shop\/et\/wp-json\/wp\/v2\/product_cat?post=4705"},{"taxonomy":"product_tag","embeddable":true,"href":"https:\/\/antcube.shop\/et\/wp-json\/wp\/v2\/product_tag?post=4705"}],"curies":[{"name":"wp","href":"https:\/\/api.w.org\/{rel}","templated":true}]}}