{"id":4695,"date":"2022-11-14T14:53:45","date_gmt":"2022-11-14T13:53:45","guid":{"rendered":"https:\/\/antcube.shop\/produkt\/antcube-digfix-platte-40x20-m\/"},"modified":"2026-04-05T17:10:19","modified_gmt":"2026-04-05T15:10:19","slug":"antcube-digfix-platte-40x20-m","status":"publish","type":"product","link":"https:\/\/antcube.shop\/et\/toode\/antcube-digfix-platte-40x20-m\/","title":{"rendered":"ANTCUBE - Digfix plaat 40\u00d720 - M"},"content":{"rendered":"<p><strong>M\u00f5\u00f5tmed:<\/strong> 383x160x10 mm<\/p>\n<p><strong>Materjal:<\/strong> Digfix<\/p>\n<p><strong>Kirjeldus:<\/strong> Digfix-plaat on valmistatud kaevatavast materjalist ja sobib ideaalselt meie ANTCUBE-sipelgap\u00f5llu juurde. Seda saab kasutada nii kuivalt kui ka m\u00e4rjalt. Samuti sobib see paljudele sipelgaliikidele, eriti neile, kes pesitsevad liivas ja (surnud) puidus. Seda v\u00f5ib kasutada liiva-mullasegude v\u00f5i korgist v\u00f5i kipsist valmistatud pesakinnituste asemel. Suur eelis korgipesade ees on see, et Digfix ei hallitusse isegi m\u00e4rjalt. See t\u00e4hendab, et suure niiskusn\u00f5udlusega sipelgaliike saab ilma probleemideta piisava veega varustada. Digfixi eeliseks on ka see, et kaevavad sipelgaliigid ei m\u00e4\u00e4rida kaevamise ajal oma pesa klaasplaate mullaga, mis v\u00f5imaldab t\u00e4iuslikku sissevaadet pessa.<\/p>\n<p><strong>M\u00e4rkus:<\/strong> Looduslik v\u00e4rvitoon v\u00f5ib varieeruda rohekas\/hallikaspruuni ja muldkollase pruuni vahel. Toon ei m\u00f5juta kvaliteeti.<br \/>\nTootmise t\u00f5ttu v\u00f5ivad m\u00f5\u00f5tmed erineda +\/- 1mm.<\/p>\n<p>&nbsp;<\/p>\n<p>&nbsp;<\/p>","protected":false},"excerpt":{"rendered":"<p>Suurus: <strong><span style=\"color: #339966;\">M<\/span><\/strong><\/p>","protected":false},"featured_media":4979,"comment_status":"open","ping_status":"closed","template":"","meta":{"_acf_changed":false,"content-type":"","_monsterinsights_skip_tracking":false,"_monsterinsights_sitenote_active":false,"_monsterinsights_sitenote_note":"","_monsterinsights_sitenote_category":0},"product_brand":[],"product_cat":[87,88],"product_tag":[],"class_list":{"0":"post-4695","1":"product","2":"type-product","3":"status-publish","4":"has-post-thumbnail","6":"product_cat-nest-insets","7":"product_cat-digfix","9":"first","10":"instock","11":"taxable","12":"shipping-taxable","13":"purchasable","14":"product-type-simple"},"acf":[],"aioseo_notices":[],"jetpack_sharing_enabled":true,"_links":{"self":[{"href":"https:\/\/antcube.shop\/et\/wp-json\/wp\/v2\/product\/4695","targetHints":{"allow":["GET"]}}],"collection":[{"href":"https:\/\/antcube.shop\/et\/wp-json\/wp\/v2\/product"}],"about":[{"href":"https:\/\/antcube.shop\/et\/wp-json\/wp\/v2\/types\/product"}],"replies":[{"embeddable":true,"href":"https:\/\/antcube.shop\/et\/wp-json\/wp\/v2\/comments?post=4695"}],"wp:featuredmedia":[{"embeddable":true,"href":"https:\/\/antcube.shop\/et\/wp-json\/wp\/v2\/media\/4979"}],"wp:attachment":[{"href":"https:\/\/antcube.shop\/et\/wp-json\/wp\/v2\/media?parent=4695"}],"wp:term":[{"taxonomy":"product_brand","embeddable":true,"href":"https:\/\/antcube.shop\/et\/wp-json\/wp\/v2\/product_brand?post=4695"},{"taxonomy":"product_cat","embeddable":true,"href":"https:\/\/antcube.shop\/et\/wp-json\/wp\/v2\/product_cat?post=4695"},{"taxonomy":"product_tag","embeddable":true,"href":"https:\/\/antcube.shop\/et\/wp-json\/wp\/v2\/product_tag?post=4695"}],"curies":[{"name":"wp","href":"https:\/\/api.w.org\/{rel}","templated":true}]}}