{"id":4694,"date":"2022-11-14T14:53:29","date_gmt":"2022-11-14T13:53:29","guid":{"rendered":"https:\/\/antcube.shop\/produkt\/antcube-einbauarena-30x30x20\/"},"modified":"2026-04-02T09:54:48","modified_gmt":"2026-04-02T07:54:48","slug":"antcube-einbauarena-30x30x20","status":"publish","type":"product","link":"https:\/\/antcube.shop\/et\/toode\/antcube-einbauarena-30x30x20\/","title":{"rendered":"ANTCUBE paigaldatud areen 30x30x20"},"content":{"rendered":"<p>ANTCUBE paigaldatud areen 30x30x20 cm, 2x 27mm auguga.<\/p>\n<p><strong>M\u00f5\u00f5tmed:<\/strong> 300 x 300 x 200 mm; 4 mm paksune klaas.<br \/>\n<strong>Materjal:<\/strong> valuklaas<\/p>\n<p><strong>\u00dchendus:<\/strong> 2x puur 27 mm<\/p>\n<p><strong>Kirjeldus:<\/strong> ANTCUBE paigaldatud areen, t\u00f6\u00f6tati v\u00e4lja, et panna see mugavalt ka v\u00e4iksematesse riiulitesse. N\u00e4iteks sobib see ideaalselt Kallaxi riiulisse. Augud (keskpunkt) asuvad esik\u00fcljel (vasakul ja paremal) 3 cm k\u00f5rgusel ja 3 cm kaugusel v\u00e4lisservast. T\u00e4nu 27mm aukude paiknemisele esipoolsel k\u00fcljel (mitte nagu tavaliselt k\u00fcljeakendel) saate h\u00f5lpsasti lisada rohkem areene ja sipelgaparke, kaotamata ruumi k\u00fclgedel v\u00f5i blokeerimata ligip\u00e4\u00e4su porte. Areeni kate, l\u00e4bimurde kaitseraam, \u00fchenduselemente, nagu toru v\u00f5i voolikuliitmikud, on saadaval eraldi.<\/p>\n<p><strong>M\u00e4rkus:<\/strong> Klaas on l\u00f5igatud vastavalt DIN 1249 standardile, tolerantsiga +\/- 1 mm. \u00c4\u00e4rmiselt v\u00e4ikeste sipelgaliikide puhul on oluline t\u00e4iendav l\u00e4bil\u00f6\u00f6gikaitse.<\/p>","protected":false},"excerpt":{"rendered":"<p>\u00dchendus: 2x puur 27 mm<\/p>","protected":false},"featured_media":5042,"comment_status":"open","ping_status":"closed","template":"","meta":{"_acf_changed":false,"content-type":"","_monsterinsights_skip_tracking":false,"_monsterinsights_sitenote_active":false,"_monsterinsights_sitenote_note":"","_monsterinsights_sitenote_category":0},"product_brand":[],"product_cat":[85,86],"product_tag":[],"class_list":{"0":"post-4694","1":"product","2":"type-product","3":"status-publish","4":"has-post-thumbnail","6":"product_cat-ant-arenas","7":"product_cat-formicariums","9":"first","10":"instock","11":"taxable","12":"shipping-taxable","13":"purchasable","14":"product-type-simple"},"acf":[],"aioseo_notices":[],"jetpack_sharing_enabled":true,"_links":{"self":[{"href":"https:\/\/antcube.shop\/et\/wp-json\/wp\/v2\/product\/4694","targetHints":{"allow":["GET"]}}],"collection":[{"href":"https:\/\/antcube.shop\/et\/wp-json\/wp\/v2\/product"}],"about":[{"href":"https:\/\/antcube.shop\/et\/wp-json\/wp\/v2\/types\/product"}],"replies":[{"embeddable":true,"href":"https:\/\/antcube.shop\/et\/wp-json\/wp\/v2\/comments?post=4694"}],"wp:featuredmedia":[{"embeddable":true,"href":"https:\/\/antcube.shop\/et\/wp-json\/wp\/v2\/media\/5042"}],"wp:attachment":[{"href":"https:\/\/antcube.shop\/et\/wp-json\/wp\/v2\/media?parent=4694"}],"wp:term":[{"taxonomy":"product_brand","embeddable":true,"href":"https:\/\/antcube.shop\/et\/wp-json\/wp\/v2\/product_brand?post=4694"},{"taxonomy":"product_cat","embeddable":true,"href":"https:\/\/antcube.shop\/et\/wp-json\/wp\/v2\/product_cat?post=4694"},{"taxonomy":"product_tag","embeddable":true,"href":"https:\/\/antcube.shop\/et\/wp-json\/wp\/v2\/product_tag?post=4694"}],"curies":[{"name":"wp","href":"https:\/\/api.w.org\/{rel}","templated":true}]}}