{"id":4693,"date":"2022-11-14T14:53:12","date_gmt":"2022-11-14T13:53:12","guid":{"rendered":"https:\/\/antcube.shop\/produkt\/antcube-arena-30x30x10-flach\/"},"modified":"2026-04-07T16:26:49","modified_gmt":"2026-04-07T14:26:49","slug":"antcube-arena-30x30x10-flach","status":"publish","type":"product","link":"https:\/\/antcube.shop\/et\/toode\/antcube-arena-30x30x10-flach\/","title":{"rendered":"ANTCUBE - Arena 30x30x10 - korteriga"},"content":{"rendered":"<p><strong>M\u00f5\u00f5tmed:<\/strong> 300 x 300 x 100 mm; 4 mm paksune klaas<\/p>\n<p><strong>Materjal:<\/strong> valuklaas<\/p>\n<p><strong>\u00dchendus:<\/strong> 2x auk 50 mm<\/p>\n<p><strong>Kirjeldus:<\/strong><br \/>\nKlaasist valamu 30x30x10 cm, 2x 50mm puuriga.<br \/>\nPuurauk (keskpunkt) asub 4 cm k\u00f5rgusel.<\/p>\n<p><strong>M\u00e4rkus:<\/strong> Klaas on l\u00f5igatud vastavalt DIN 1249 standardile, tolerantsiga +\/- 1 mm. \u00c4\u00e4rmiselt v\u00e4ikeste sipelgaliikide puhul on oluline t\u00e4iendav l\u00e4bil\u00f6\u00f6gikaitse.<\/p>\n<p>&nbsp;<\/p>","protected":false},"excerpt":{"rendered":"<p>\u00dchendus: 2x auk 50 mm<br \/>\nSuurus: <strong>S, M, L, XL<\/strong><\/p>","protected":false},"featured_media":5059,"comment_status":"open","ping_status":"closed","template":"","meta":{"_acf_changed":false,"content-type":"","_monsterinsights_skip_tracking":false,"_monsterinsights_sitenote_active":false,"_monsterinsights_sitenote_note":"","_monsterinsights_sitenote_category":0},"product_brand":[],"product_cat":[85,86],"product_tag":[236],"class_list":{"0":"post-4693","1":"product","2":"type-product","3":"status-publish","4":"has-post-thumbnail","6":"product_cat-ant-arenas","7":"product_cat-formicariums","8":"product_tag-formicarium","10":"first","11":"instock","12":"taxable","13":"shipping-taxable","14":"purchasable","15":"product-type-simple"},"acf":[],"aioseo_notices":[],"jetpack_sharing_enabled":true,"_links":{"self":[{"href":"https:\/\/antcube.shop\/et\/wp-json\/wp\/v2\/product\/4693","targetHints":{"allow":["GET"]}}],"collection":[{"href":"https:\/\/antcube.shop\/et\/wp-json\/wp\/v2\/product"}],"about":[{"href":"https:\/\/antcube.shop\/et\/wp-json\/wp\/v2\/types\/product"}],"replies":[{"embeddable":true,"href":"https:\/\/antcube.shop\/et\/wp-json\/wp\/v2\/comments?post=4693"}],"wp:featuredmedia":[{"embeddable":true,"href":"https:\/\/antcube.shop\/et\/wp-json\/wp\/v2\/media\/5059"}],"wp:attachment":[{"href":"https:\/\/antcube.shop\/et\/wp-json\/wp\/v2\/media?parent=4693"}],"wp:term":[{"taxonomy":"product_brand","embeddable":true,"href":"https:\/\/antcube.shop\/et\/wp-json\/wp\/v2\/product_brand?post=4693"},{"taxonomy":"product_cat","embeddable":true,"href":"https:\/\/antcube.shop\/et\/wp-json\/wp\/v2\/product_cat?post=4693"},{"taxonomy":"product_tag","embeddable":true,"href":"https:\/\/antcube.shop\/et\/wp-json\/wp\/v2\/product_tag?post=4693"}],"curies":[{"name":"wp","href":"https:\/\/api.w.org\/{rel}","templated":true}]}}