{"id":4688,"date":"2022-11-14T14:51:54","date_gmt":"2022-11-14T13:51:54","guid":{"rendered":"https:\/\/antcube.shop\/produkt\/luftdurchlassige-stopfen-11-17-mm\/"},"modified":"2026-04-07T09:38:35","modified_gmt":"2026-04-07T07:38:35","slug":"luftdurchlassige-stopfen-11-17-mm","status":"publish","type":"product","link":"https:\/\/antcube.shop\/et\/toode\/luftdurchlassige-stopfen-11-17-mm\/","title":{"rendered":"\u00d5hku l\u00e4bilaskvad tihendid 11 - 17 mm"},"content":{"rendered":"<p><strong>Kogus:<\/strong> 1 t\u00fckk<\/p>\n<p><strong>Kirjeldus<\/strong>: Tehke l\u00f5pp ebaprofessionaalsetele vatipulkadele. Need \u00f5hku l\u00e4bilaskvad stopperid sulgevad kindlalt avad ja kohanduvad ava kuju j\u00e4rgi, tagades kiire avamise ja sulgemise.<\/p>","protected":false},"excerpt":{"rendered":"<p>Kogus: Kirjeldus: 1 tk: Tehke l\u00f5pp ebaprofessionaalsetele vatipulkadele. Need \u00f5hku l\u00e4bilaskvad stopperid sulgevad kindlalt avad ja kohanduvad ava kuju j\u00e4rgi, tagades kiire avamise ja sulgemise.<\/p>","protected":false},"featured_media":5002,"comment_status":"open","ping_status":"closed","template":"","meta":{"_acf_changed":false,"content-type":"","_monsterinsights_skip_tracking":false,"_monsterinsights_sitenote_active":false,"_monsterinsights_sitenote_note":"","_monsterinsights_sitenote_category":0},"product_brand":[],"product_cat":[237],"product_tag":[],"class_list":{"0":"post-4688","1":"product","2":"type-product","3":"status-publish","4":"has-post-thumbnail","6":"product_cat-tools","8":"first","9":"instock","10":"taxable","11":"shipping-taxable","12":"purchasable","13":"product-type-simple"},"acf":[],"aioseo_notices":[],"jetpack_sharing_enabled":true,"_links":{"self":[{"href":"https:\/\/antcube.shop\/et\/wp-json\/wp\/v2\/product\/4688","targetHints":{"allow":["GET"]}}],"collection":[{"href":"https:\/\/antcube.shop\/et\/wp-json\/wp\/v2\/product"}],"about":[{"href":"https:\/\/antcube.shop\/et\/wp-json\/wp\/v2\/types\/product"}],"replies":[{"embeddable":true,"href":"https:\/\/antcube.shop\/et\/wp-json\/wp\/v2\/comments?post=4688"}],"wp:featuredmedia":[{"embeddable":true,"href":"https:\/\/antcube.shop\/et\/wp-json\/wp\/v2\/media\/5002"}],"wp:attachment":[{"href":"https:\/\/antcube.shop\/et\/wp-json\/wp\/v2\/media?parent=4688"}],"wp:term":[{"taxonomy":"product_brand","embeddable":true,"href":"https:\/\/antcube.shop\/et\/wp-json\/wp\/v2\/product_brand?post=4688"},{"taxonomy":"product_cat","embeddable":true,"href":"https:\/\/antcube.shop\/et\/wp-json\/wp\/v2\/product_cat?post=4688"},{"taxonomy":"product_tag","embeddable":true,"href":"https:\/\/antcube.shop\/et\/wp-json\/wp\/v2\/product_tag?post=4688"}],"curies":[{"name":"wp","href":"https:\/\/api.w.org\/{rel}","templated":true}]}}