{"id":4687,"date":"2022-11-14T14:51:39","date_gmt":"2022-11-14T13:51:39","guid":{"rendered":"https:\/\/antcube.shop\/produkt\/durchgangsregler-50mm\/"},"modified":"2026-01-12T12:36:29","modified_gmt":"2026-01-12T11:36:29","slug":"labigangsregler-50mm","status":"publish","type":"product","link":"https:\/\/antcube.shop\/et\/toode\/labigangsregler-50mm\/","title":{"rendered":"L\u00e4bip\u00e4\u00e4su regulaator - 50mm"},"content":{"rendered":"<p><strong>M\u00f5\u00f5tmed (LxSxK):<\/strong> 95x 76 x 20 mm<\/p>\n<p><strong>Materjal:<\/strong> Akr\u00fc\u00fcl<\/p>\n<p><strong>V\u00e4rv:<\/strong> V\u00e4rvitu \/ l\u00e4bipaistev \/ selge<\/p>\n<p><strong>Sisu:<\/strong> 1 tk (koosneb 10 \u00fcksikosast)<\/p>\n<p><strong>Kirjeldus:<\/strong><br \/>\nL\u00e4bivooluregulaator on \u00fchendatud toru k\u00fclge.<br \/>\nL\u00e4bip\u00e4\u00e4su saab k\u00e4sitsi avada v\u00f5i sulgeda.<\/p>\n<p><strong>Taotlus:<\/strong><br \/>\nAkr\u00fc\u00fcltorude \u00fchendamiseks l\u00e4bim\u00f5\u00f5duga 50mm<\/p>\n<p><strong>Vihje:<\/strong><br \/>\nL\u00e4bivooluregulaator peab olema kindlalt sobiva toru k\u00fclge \u00fchendatud. Kui see on liiga l\u00f5tv, v\u00f5ib toru suurendada l\u00e4bipaistva teibiga, et tagada tiheda sobivuse.<\/p>","protected":false},"excerpt":{"rendered":"<p>M\u00f5\u00f5tmed (LxSxK): 95x76x20 mm Materjal: Materjal: Akr\u00fc\u00fcl V\u00e4rv: V\u00e4rvitu \/ l\u00e4bipaistev \/ selge Sisu: Materjal: Akr\u00fc\u00fcl: Kirjeldus: 1 tk (koosneb 10 \u00fcksikosast) Kirjeldus: 1 tk (koosneb 10 \u00fcksikosast): L\u00e4bip\u00e4\u00e4suregulaator on \u00fchendatud toru k\u00fclge. L\u00e4bip\u00e4\u00e4su saab k\u00e4sitsi avada v\u00f5i sulgeda. Kasutamine: Akr\u00fc\u00fcltorude \u00fchendamiseks l\u00e4bim\u00f5\u00f5duga 50mm Vihje: l\u00e4bip\u00e4\u00e4su regulaator peaks olema kindlalt","protected":false},"featured_media":5074,"comment_status":"open","ping_status":"closed","template":"","meta":{"_acf_changed":false,"content-type":"","_monsterinsights_skip_tracking":false,"_monsterinsights_sitenote_active":false,"_monsterinsights_sitenote_note":"","_monsterinsights_sitenote_category":0},"product_brand":[],"product_cat":[345],"product_tag":[],"class_list":{"0":"post-4687","1":"product","2":"type-product","3":"status-publish","4":"has-post-thumbnail","6":"product_cat-pipe-connectors","8":"first","9":"instock","10":"taxable","11":"shipping-taxable","12":"purchasable","13":"product-type-simple"},"acf":[],"aioseo_notices":[],"jetpack_sharing_enabled":true,"_links":{"self":[{"href":"https:\/\/antcube.shop\/et\/wp-json\/wp\/v2\/product\/4687","targetHints":{"allow":["GET"]}}],"collection":[{"href":"https:\/\/antcube.shop\/et\/wp-json\/wp\/v2\/product"}],"about":[{"href":"https:\/\/antcube.shop\/et\/wp-json\/wp\/v2\/types\/product"}],"replies":[{"embeddable":true,"href":"https:\/\/antcube.shop\/et\/wp-json\/wp\/v2\/comments?post=4687"}],"wp:featuredmedia":[{"embeddable":true,"href":"https:\/\/antcube.shop\/et\/wp-json\/wp\/v2\/media\/5074"}],"wp:attachment":[{"href":"https:\/\/antcube.shop\/et\/wp-json\/wp\/v2\/media?parent=4687"}],"wp:term":[{"taxonomy":"product_brand","embeddable":true,"href":"https:\/\/antcube.shop\/et\/wp-json\/wp\/v2\/product_brand?post=4687"},{"taxonomy":"product_cat","embeddable":true,"href":"https:\/\/antcube.shop\/et\/wp-json\/wp\/v2\/product_cat?post=4687"},{"taxonomy":"product_tag","embeddable":true,"href":"https:\/\/antcube.shop\/et\/wp-json\/wp\/v2\/product_tag?post=4687"}],"curies":[{"name":"wp","href":"https:\/\/api.w.org\/{rel}","templated":true}]}}