{"id":4679,"date":"2022-11-14T14:41:41","date_gmt":"2022-11-14T13:41:41","guid":{"rendered":"https:\/\/antcube.shop\/produkt\/lehmfarbe-beige-100ml\/"},"modified":"2026-03-23T12:06:53","modified_gmt":"2026-03-23T11:06:53","slug":"lehmfarbe-beige-100ml","status":"publish","type":"product","link":"https:\/\/antcube.shop\/et\/toode\/lehmfarbe-beige-100ml\/","title":{"rendered":"Saviv\u00e4rv - bee\u017e - 100ml"},"content":{"rendered":"<p><strong>Kogus:<\/strong> 100ml<\/p>\n<p><strong>Kirjeldus:<\/strong> See segu on mittetoksiline ja suhteliselt veekindel kipsil ja betoonil, kuid on muidu vees lahustuv.<\/p>\n<p><strong>Kasutusjuhend:\u00a0<\/strong><br \/>\nSee segu on kasutusvalmis ja seda saab kohe pintsliga krohvile v\u00f5i gaasbetoonile kanda.<br \/>\n100ml on piisav umbes 1\/4m\u00b2 gaasbetooni v\u00f5i 1\/2m\u00b2 krohvi jaoks.<br \/>\nKui pind on m\u00e4rg, v\u00f5ib seda n\u00e4iteks liivaga puistata, et saavutada veelgi loomulikum v\u00e4limus.<\/p>\n<p>&nbsp;<\/p>\n<p>&nbsp;<\/p>","protected":false},"excerpt":{"rendered":"<p>Kogus: Kirjeldus: See segu on mittetoksiline ja suhteliselt veekindel kipsil ja betoonil, kuid on muidu vees lahustuv. Kasutusjuhend: See segu on kasutusvalmis ja seda v\u00f5ib kohe pintsliga krohvile v\u00f5i gaasbetoonile kanda. 100ml piisab umbes 1\/4m\u00b2 poorbetooni v\u00f5i 1\/2m\u00b2 krohvi jaoks. Kui","protected":false},"featured_media":5004,"comment_status":"open","ping_status":"closed","template":"","meta":{"_acf_changed":false,"content-type":"","_monsterinsights_skip_tracking":false,"_monsterinsights_sitenote_active":false,"_monsterinsights_sitenote_note":"","_monsterinsights_sitenote_category":0},"product_brand":[],"product_cat":[237],"product_tag":[],"class_list":{"0":"post-4679","1":"product","2":"type-product","3":"status-publish","4":"has-post-thumbnail","6":"product_cat-tools","8":"first","9":"instock","10":"taxable","11":"shipping-taxable","12":"purchasable","13":"product-type-simple"},"acf":[],"aioseo_notices":[],"jetpack_sharing_enabled":true,"_links":{"self":[{"href":"https:\/\/antcube.shop\/et\/wp-json\/wp\/v2\/product\/4679","targetHints":{"allow":["GET"]}}],"collection":[{"href":"https:\/\/antcube.shop\/et\/wp-json\/wp\/v2\/product"}],"about":[{"href":"https:\/\/antcube.shop\/et\/wp-json\/wp\/v2\/types\/product"}],"replies":[{"embeddable":true,"href":"https:\/\/antcube.shop\/et\/wp-json\/wp\/v2\/comments?post=4679"}],"wp:featuredmedia":[{"embeddable":true,"href":"https:\/\/antcube.shop\/et\/wp-json\/wp\/v2\/media\/5004"}],"wp:attachment":[{"href":"https:\/\/antcube.shop\/et\/wp-json\/wp\/v2\/media?parent=4679"}],"wp:term":[{"taxonomy":"product_brand","embeddable":true,"href":"https:\/\/antcube.shop\/et\/wp-json\/wp\/v2\/product_brand?post=4679"},{"taxonomy":"product_cat","embeddable":true,"href":"https:\/\/antcube.shop\/et\/wp-json\/wp\/v2\/product_cat?post=4679"},{"taxonomy":"product_tag","embeddable":true,"href":"https:\/\/antcube.shop\/et\/wp-json\/wp\/v2\/product_tag?post=4679"}],"curies":[{"name":"wp","href":"https:\/\/api.w.org\/{rel}","templated":true}]}}