{"id":4678,"date":"2022-11-14T14:41:24","date_gmt":"2022-11-14T13:41:24","guid":{"rendered":"https:\/\/antcube.shop\/produkt\/klebefilm-glasklar\/"},"modified":"2026-04-13T09:29:49","modified_gmt":"2026-04-13T07:29:49","slug":"klebefilm-glasklar","status":"publish","type":"product","link":"https:\/\/antcube.shop\/et\/toode\/klebefilm-glasklar\/","title":{"rendered":"Liimkile kristallselge"},"content":{"rendered":"<p><strong>M\u00f5\u00f5tmed (LxSxK):<\/strong> 10m x19 mm<\/p>\n<p><strong>Materjal:<\/strong> pol\u00fcprop\u00fcleenist<\/p>\n<p><strong>V\u00e4rv:<\/strong> kristallselge \/ l\u00e4bipaistev<\/p>\n<p><strong>Sisu:<\/strong><br \/>\n1x rull kleepuv kile<\/p>\n<p><strong>Kirjeldus:<\/strong><br \/>\nIdeaalne punase kattekile v\u00f5i fotode tagaseina kinnitamiseks formikaariumi k\u00fclge.<br \/>\nOn k\u00f5rge vananemiskindlusega, v\u00e4ga rebenemiskindel ja tugeva kleepuvusega.<br \/>\nSobib ka klaasplaatide liimimiseks.<\/p>\n<p><strong>Taotlus:<\/strong><br \/>\nLiimilinti saab l\u00f5igata k\u00e4\u00e4ride v\u00f5i l\u00f5iketeraga.<br \/>\nKinnitage kaanekile v\u00f5i foto tagasi vormeliplaadile ja seej\u00e4rel kinnitage see kleeplindiga.<\/p>","protected":false},"excerpt":{"rendered":"<p>M\u00f5\u00f5tmed (LxSxK): 10m x19 mm Materjal: pol\u00fcprop\u00fcleen V\u00e4rv: kristallselge \/ l\u00e4bipaistev Sisu: Materjal: pol\u00fcprop\u00fcleen: Kirjeldus: 1x rull kleepuv kile Kirjeldus: 1x rull kleepuv kile: Ideaalne punase kattekile v\u00f5i fotode tagaseina kinnitamiseks formikariumi k\u00fclge. Omab k\u00f5rget vananemiskindlust, on v\u00e4ga rebenemiskindel ja tugeva liimimisj\u00f5uga. Sobib ka klaasplaatide kokku liimimiseks. Kasutamine:","protected":false},"featured_media":5007,"comment_status":"open","ping_status":"closed","template":"","meta":{"_acf_changed":false,"content-type":"","_monsterinsights_skip_tracking":false,"_monsterinsights_sitenote_active":false,"_monsterinsights_sitenote_note":"","_monsterinsights_sitenote_category":0},"product_brand":[],"product_cat":[237],"product_tag":[],"class_list":{"0":"post-4678","1":"product","2":"type-product","3":"status-publish","4":"has-post-thumbnail","6":"product_cat-tools","8":"first","9":"instock","10":"taxable","11":"shipping-taxable","12":"purchasable","13":"product-type-simple"},"acf":[],"aioseo_notices":[],"jetpack_sharing_enabled":true,"_links":{"self":[{"href":"https:\/\/antcube.shop\/et\/wp-json\/wp\/v2\/product\/4678","targetHints":{"allow":["GET"]}}],"collection":[{"href":"https:\/\/antcube.shop\/et\/wp-json\/wp\/v2\/product"}],"about":[{"href":"https:\/\/antcube.shop\/et\/wp-json\/wp\/v2\/types\/product"}],"replies":[{"embeddable":true,"href":"https:\/\/antcube.shop\/et\/wp-json\/wp\/v2\/comments?post=4678"}],"wp:featuredmedia":[{"embeddable":true,"href":"https:\/\/antcube.shop\/et\/wp-json\/wp\/v2\/media\/5007"}],"wp:attachment":[{"href":"https:\/\/antcube.shop\/et\/wp-json\/wp\/v2\/media?parent=4678"}],"wp:term":[{"taxonomy":"product_brand","embeddable":true,"href":"https:\/\/antcube.shop\/et\/wp-json\/wp\/v2\/product_brand?post=4678"},{"taxonomy":"product_cat","embeddable":true,"href":"https:\/\/antcube.shop\/et\/wp-json\/wp\/v2\/product_cat?post=4678"},{"taxonomy":"product_tag","embeddable":true,"href":"https:\/\/antcube.shop\/et\/wp-json\/wp\/v2\/product_tag?post=4678"}],"curies":[{"name":"wp","href":"https:\/\/api.w.org\/{rel}","templated":true}]}}