{"id":4664,"date":"2022-11-14T14:37:32","date_gmt":"2022-11-14T13:37:32","guid":{"rendered":"https:\/\/antcube.shop\/produkt\/fotoruckwand-wuste-20x40-hoch\/"},"modified":"2026-01-13T10:11:04","modified_gmt":"2026-01-13T09:11:04","slug":"fotoruckwand-wuste-20x40-hoch","status":"publish","type":"product","link":"https:\/\/antcube.shop\/et\/toode\/fotoruckwand-wuste-20x40-hoch\/","title":{"rendered":"Fotode tagasein - k\u00f5rbes - 20\u00d740 - k\u00f5rge"},"content":{"rendered":"<p><strong>M\u00f5\u00f5tmed:<\/strong> 20&#215;40<\/p>\n<p><strong>Materjal:<\/strong> L\u00e4ikiv fooliumpaber<\/p>\n<p><strong>Sisu:<\/strong> 1x foto tagasein<\/p>\n<p><strong>Kirjeldus:<\/strong> See foto tagasein on liimitud formikaariumi tagak\u00fcljele v\u00e4ljastpoolt, et j\u00e4tta mulje keskkonnast, mis vastab sipelgate looduslikule elupaigale.<\/p>","protected":false},"excerpt":{"rendered":"<p>Materjal: paber: l\u00e4ikiv fooliumpaber<\/p>","protected":false},"featured_media":5165,"comment_status":"open","ping_status":"closed","template":"","meta":{"_acf_changed":false,"content-type":"","_monsterinsights_skip_tracking":false,"_monsterinsights_sitenote_active":false,"_monsterinsights_sitenote_note":"","_monsterinsights_sitenote_category":0},"product_brand":[],"product_cat":[97,104],"product_tag":[],"class_list":{"0":"post-4664","1":"product","2":"type-product","3":"status-publish","4":"has-post-thumbnail","6":"product_cat-photo-backwalls","7":"product_cat-desert-photo-backwall","9":"first","10":"instock","11":"taxable","12":"shipping-taxable","13":"purchasable","14":"product-type-simple"},"acf":[],"aioseo_notices":[],"jetpack_sharing_enabled":true,"_links":{"self":[{"href":"https:\/\/antcube.shop\/et\/wp-json\/wp\/v2\/product\/4664","targetHints":{"allow":["GET"]}}],"collection":[{"href":"https:\/\/antcube.shop\/et\/wp-json\/wp\/v2\/product"}],"about":[{"href":"https:\/\/antcube.shop\/et\/wp-json\/wp\/v2\/types\/product"}],"replies":[{"embeddable":true,"href":"https:\/\/antcube.shop\/et\/wp-json\/wp\/v2\/comments?post=4664"}],"wp:featuredmedia":[{"embeddable":true,"href":"https:\/\/antcube.shop\/et\/wp-json\/wp\/v2\/media\/5165"}],"wp:attachment":[{"href":"https:\/\/antcube.shop\/et\/wp-json\/wp\/v2\/media?parent=4664"}],"wp:term":[{"taxonomy":"product_brand","embeddable":true,"href":"https:\/\/antcube.shop\/et\/wp-json\/wp\/v2\/product_brand?post=4664"},{"taxonomy":"product_cat","embeddable":true,"href":"https:\/\/antcube.shop\/et\/wp-json\/wp\/v2\/product_cat?post=4664"},{"taxonomy":"product_tag","embeddable":true,"href":"https:\/\/antcube.shop\/et\/wp-json\/wp\/v2\/product_tag?post=4664"}],"curies":[{"name":"wp","href":"https:\/\/api.w.org\/{rel}","templated":true}]}}