{"id":4661,"date":"2022-11-14T14:36:42","date_gmt":"2022-11-14T13:36:42","guid":{"rendered":"https:\/\/antcube.shop\/produkt\/spruhflasche-sprayer-05-liter-messingduse\/"},"modified":"2026-04-15T13:38:00","modified_gmt":"2026-04-15T11:38:00","slug":"spruhflasche-sprayer-05-liitrine-messingduse","status":"publish","type":"product","link":"https:\/\/antcube.shop\/et\/toode\/spruhflasche-sprayer-05-liitrine-messingduse\/","title":{"rendered":"Pihustuspudel pihusti 0,5 liitrine - messingist otsikuga"},"content":{"rendered":"<p><strong>M\u00f5\u00f5tmed:<\/strong> k\u00f5rgus: 22 cm, maht: 0,50 liitrit<\/p>\n<p><strong>V\u00e4rv:<\/strong> Valge<\/p>\n<p><strong>Kirjeldus:<\/strong> PVC pihustuspudel messingist otsakuga - ideaalne formikariivi k\u00e4sitsi niisutamiseks.<\/p>","protected":false},"excerpt":{"rendered":"<p>M\u00f5\u00f5tmed: k\u00f5rgus: 22 cm, maht: 0,50 liitrit V\u00e4rv: valge Kirjeldus: PVC pihustuspudel messingist otsakuga - ideaalne formikariivi k\u00e4sitsi niisutamiseks.<\/p>","protected":false},"featured_media":4827,"comment_status":"open","ping_status":"closed","template":"","meta":{"_acf_changed":false,"content-type":"","_monsterinsights_skip_tracking":false,"_monsterinsights_sitenote_active":false,"_monsterinsights_sitenote_note":"","_monsterinsights_sitenote_category":0},"product_brand":[],"product_cat":[237],"product_tag":[],"class_list":{"0":"post-4661","1":"product","2":"type-product","3":"status-publish","4":"has-post-thumbnail","6":"product_cat-tools","8":"first","9":"instock","10":"taxable","11":"shipping-taxable","12":"purchasable","13":"product-type-simple"},"acf":[],"aioseo_notices":[],"jetpack_sharing_enabled":true,"_links":{"self":[{"href":"https:\/\/antcube.shop\/et\/wp-json\/wp\/v2\/product\/4661","targetHints":{"allow":["GET"]}}],"collection":[{"href":"https:\/\/antcube.shop\/et\/wp-json\/wp\/v2\/product"}],"about":[{"href":"https:\/\/antcube.shop\/et\/wp-json\/wp\/v2\/types\/product"}],"replies":[{"embeddable":true,"href":"https:\/\/antcube.shop\/et\/wp-json\/wp\/v2\/comments?post=4661"}],"wp:featuredmedia":[{"embeddable":true,"href":"https:\/\/antcube.shop\/et\/wp-json\/wp\/v2\/media\/4827"}],"wp:attachment":[{"href":"https:\/\/antcube.shop\/et\/wp-json\/wp\/v2\/media?parent=4661"}],"wp:term":[{"taxonomy":"product_brand","embeddable":true,"href":"https:\/\/antcube.shop\/et\/wp-json\/wp\/v2\/product_brand?post=4661"},{"taxonomy":"product_cat","embeddable":true,"href":"https:\/\/antcube.shop\/et\/wp-json\/wp\/v2\/product_cat?post=4661"},{"taxonomy":"product_tag","embeddable":true,"href":"https:\/\/antcube.shop\/et\/wp-json\/wp\/v2\/product_tag?post=4661"}],"curies":[{"name":"wp","href":"https:\/\/api.w.org\/{rel}","templated":true}]}}