{"id":4660,"date":"2022-11-14T14:36:25","date_gmt":"2022-11-14T13:36:25","guid":{"rendered":"https:\/\/antcube.shop\/produkt\/wassergel-500ml-gebrauchsfertig\/"},"modified":"2026-04-13T09:31:59","modified_gmt":"2026-04-13T07:31:59","slug":"wassergel-500ml-gebrauchsfertig","status":"publish","type":"product","link":"https:\/\/antcube.shop\/et\/toode\/wassergel-500ml-gebrauchsfertig\/","title":{"rendered":"Veegeel 500ml - kasutusvalmis"},"content":{"rendered":"<p><strong>Sisu:<\/strong> 500 ml<\/p>\n<p><strong>Kirjeldus:<\/strong> Vesigeel on vesi geeli kujul ja seet\u00f5ttu v\u00e4ga lihtne ja paindlik kasutada. Te ei vaja veekaussi, mida loomad v\u00f5ivad m\u00e4\u00e4rida ja millesse uppuda, kuid selle geeliga saate neile siiski piisavalt niiskust pakkuda. Vesigeeli saab kasutada ka loomade toitmiseks, mis hoiab neid kauem elus.<\/p>","protected":false},"excerpt":{"rendered":"<p>Sisu: Kirjeldus: 500 ml Kirjeldus: Vee geel on vesi geeli kujul ja seet\u00f5ttu v\u00e4ga lihtne ja paindlik kasutada. Te ei vaja veekaussi, mida loomad v\u00f5ivad m\u00e4\u00e4rida ja millesse uppuda, kuid selle geeliga saate neile siiski piisavat niiskust pakkuda. Vesigeeli saab kasutada ka loomade toitmiseks,","protected":false},"featured_media":5038,"comment_status":"open","ping_status":"closed","template":"","meta":{"_acf_changed":false,"content-type":"","_monsterinsights_skip_tracking":false,"_monsterinsights_sitenote_active":false,"_monsterinsights_sitenote_note":"","_monsterinsights_sitenote_category":0},"product_brand":[],"product_cat":[115,116],"product_tag":[],"class_list":{"0":"post-4660","1":"product","2":"type-product","3":"status-publish","4":"has-post-thumbnail","6":"product_cat-food-and-feeding","7":"product_cat-food","9":"first","10":"instock","11":"taxable","12":"shipping-taxable","13":"purchasable","14":"product-type-simple"},"acf":[],"aioseo_notices":[],"jetpack_sharing_enabled":true,"_links":{"self":[{"href":"https:\/\/antcube.shop\/et\/wp-json\/wp\/v2\/product\/4660","targetHints":{"allow":["GET"]}}],"collection":[{"href":"https:\/\/antcube.shop\/et\/wp-json\/wp\/v2\/product"}],"about":[{"href":"https:\/\/antcube.shop\/et\/wp-json\/wp\/v2\/types\/product"}],"replies":[{"embeddable":true,"href":"https:\/\/antcube.shop\/et\/wp-json\/wp\/v2\/comments?post=4660"}],"wp:featuredmedia":[{"embeddable":true,"href":"https:\/\/antcube.shop\/et\/wp-json\/wp\/v2\/media\/5038"}],"wp:attachment":[{"href":"https:\/\/antcube.shop\/et\/wp-json\/wp\/v2\/media?parent=4660"}],"wp:term":[{"taxonomy":"product_brand","embeddable":true,"href":"https:\/\/antcube.shop\/et\/wp-json\/wp\/v2\/product_brand?post=4660"},{"taxonomy":"product_cat","embeddable":true,"href":"https:\/\/antcube.shop\/et\/wp-json\/wp\/v2\/product_cat?post=4660"},{"taxonomy":"product_tag","embeddable":true,"href":"https:\/\/antcube.shop\/et\/wp-json\/wp\/v2\/product_tag?post=4660"}],"curies":[{"name":"wp","href":"https:\/\/api.w.org\/{rel}","templated":true}]}}