{"id":4659,"date":"2022-11-14T14:36:09","date_gmt":"2022-11-14T13:36:09","guid":{"rendered":"https:\/\/antcube.shop\/produkt\/wiesenhonig-wi-nachfullpack-10ml\/"},"modified":"2026-04-13T09:30:28","modified_gmt":"2026-04-13T07:30:28","slug":"wiesenhonig-wi-nachfullpack-10ml","status":"publish","type":"product","link":"https:\/\/antcube.shop\/et\/toode\/wiesenhonig-wi-nachfullpack-10ml\/","title":{"rendered":"Niidumesi (Wi) - t\u00e4iendav pakend 10ml"},"content":{"rendered":"<p><strong>Sisu:<\/strong> 10 ml<\/p>\n<p><strong>Kirjeldus:<\/strong> See on puhtalt looduslik toode. Mesi p\u00e4rineb Kesk-Euroopa niitudelt ja p\u00f5ldudelt p\u00e4rit \u00f5itest ja on seega ideaalne seal elavatele sipelgaliikidele.<\/p>\n<p><strong>Taotlus:<\/strong> S\u00f6\u00f6tmise toru v\u00f5ib asetada tervelt formikaariumisse, alternatiivina v\u00f5ib lisada v\u00e4iksemaid koguseid s\u00f6\u00f6dakaussi vastavalt vajadusele\/ vastavalt koloonia suurusele. Toidukogus tuleks \u00e4ra kasutada umbes 3 p\u00e4eva jooksul, vastasel juhul on oht hallituse tekkeks, ja samal p\u00f5hjusel puhastage s\u00f6\u00f6dakaussi enne uuesti t\u00e4itmist.<\/p>\n<p><strong>Kasutamine:<\/strong><br \/>\nK\u00f5rvemesi = mees\u00f6\u00f6jate sipelgaliikide (Meliphagidae) puhul.<br \/>\nSee on lisas\u00f6\u00f6t (\u00fchekordne s\u00f6\u00f6t).<br \/>\nSeda v\u00f5ib pakkuda loomadele tarnitud kujul. Kuna niiskus v\u00e4hendab suhkrusisaldust ja algab k\u00e4\u00e4rimisprotsess, tuleb toit iga 3 p\u00e4eva j\u00e4rel asendada. Enne taaskasutamist puhastage s\u00f6\u00f6dakaussi\/toru p\u00f5hjalikult.<br \/>\nAvatud pakendit tuleb kasutada tihedalt suletuna kuni m\u00e4rgitud s\u00e4ilivuskuup\u00e4evani (parim enne).<\/p>\n<p><strong>Sisaldab:<\/strong> Mee koostisained \u00fcldiselt, proportsioonid varieeruvad s\u00f5ltuvalt mee t\u00fc\u00fcbist.<br \/>\n- umbes 38 % puuviljasuhkur (fruktoos)<br \/>\n- umbes 32 % dekstroos (gl\u00fckoos)<br \/>\n- umbes 20 % vett<br \/>\n- umbes 5 % mitmekordne suhkur<br \/>\n- umbes 5 %-vitamiini (B1, B2, B6, C, H).<br \/>\nMineraalained (kaalium, kaltsium, vask, raud, naatrium, magneesium, fosfor, tsink ja muud mikroelemendid). Aminohapped (proliin, leutsiin, fen\u00fc\u00fclalaniin, alaniin, histidiin, isoleutsiin, glutamiinhape, arginiin, asparagiinhape jne) Orgaanilised happed Ens\u00fc\u00fcmid (fermente)Aroomid Inhibiinid (antibakteriaalsed ained) \u00d5ietolmuleht.<\/p>\n<p><strong>Ladustamine:<\/strong> s\u00f6\u00f6da kvaliteedi tagamiseks tuleb seda hoida pimedas ja kuivas kohas.<\/p>\n<p><strong>Teade:<\/strong><br \/>\nTeavet s\u00f6\u00f6datorude kasutamise kohta leiate siit: Link<br \/>\nT\u00e4iendav s\u00f6\u00f6t mett s\u00f6\u00f6vate sipelgate jaoks.<br \/>\nKoostise, anal\u00fc\u00fctiliste koostisosade, k\u00f5lblikkusaja ja partii numbri leiate pakendi infolehelt.<\/p>\n<p>Infotelefon +49 30 439703870<\/p>\n<p>Vastutav veterinaar- ja toiduj\u00e4relevalveasutus:<br \/>\nSteglitzi veterinaarkabinet<br \/>\nK\u00f6nigin-Luise-Str. 92<br \/>\n14195 Berliin<\/p>","protected":false},"excerpt":{"rendered":"<p>T\u00e4iendav toit<\/p>","protected":false},"featured_media":5041,"comment_status":"open","ping_status":"closed","template":"","meta":{"_acf_changed":false,"content-type":"","_monsterinsights_skip_tracking":false,"_monsterinsights_sitenote_active":false,"_monsterinsights_sitenote_note":"","_monsterinsights_sitenote_category":0},"product_brand":[],"product_cat":[115,116],"product_tag":[],"class_list":{"0":"post-4659","1":"product","2":"type-product","3":"status-publish","4":"has-post-thumbnail","6":"product_cat-food-and-feeding","7":"product_cat-food","9":"first","10":"instock","11":"taxable","12":"shipping-taxable","13":"purchasable","14":"product-type-simple"},"acf":[],"aioseo_notices":[],"jetpack_sharing_enabled":true,"_links":{"self":[{"href":"https:\/\/antcube.shop\/et\/wp-json\/wp\/v2\/product\/4659","targetHints":{"allow":["GET"]}}],"collection":[{"href":"https:\/\/antcube.shop\/et\/wp-json\/wp\/v2\/product"}],"about":[{"href":"https:\/\/antcube.shop\/et\/wp-json\/wp\/v2\/types\/product"}],"replies":[{"embeddable":true,"href":"https:\/\/antcube.shop\/et\/wp-json\/wp\/v2\/comments?post=4659"}],"wp:featuredmedia":[{"embeddable":true,"href":"https:\/\/antcube.shop\/et\/wp-json\/wp\/v2\/media\/5041"}],"wp:attachment":[{"href":"https:\/\/antcube.shop\/et\/wp-json\/wp\/v2\/media?parent=4659"}],"wp:term":[{"taxonomy":"product_brand","embeddable":true,"href":"https:\/\/antcube.shop\/et\/wp-json\/wp\/v2\/product_brand?post=4659"},{"taxonomy":"product_cat","embeddable":true,"href":"https:\/\/antcube.shop\/et\/wp-json\/wp\/v2\/product_cat?post=4659"},{"taxonomy":"product_tag","embeddable":true,"href":"https:\/\/antcube.shop\/et\/wp-json\/wp\/v2\/product_tag?post=4659"}],"curies":[{"name":"wp","href":"https:\/\/api.w.org\/{rel}","templated":true}]}}