{"id":4656,"date":"2022-11-14T14:35:20","date_gmt":"2022-11-14T13:35:20","guid":{"rendered":"https:\/\/antcube.shop\/produkt\/regenwaldhonig-re-nachfullpack-10ml\/"},"modified":"2026-04-14T09:35:29","modified_gmt":"2026-04-14T07:35:29","slug":"regenwaldhonig-re-nachfullpack-10ml","status":"publish","type":"product","link":"https:\/\/antcube.shop\/et\/toode\/regenwaldhonig-re-nachfullpack-10ml\/","title":{"rendered":"Rainforest Honey (Re) - j\u00e4relpakend 10ml"},"content":{"rendered":"<p><strong>Sisu:<\/strong> 10 ml<\/p>\n<p><strong>Kirjeldus:<\/strong> See on puhas looduslik toode. Mesi on p\u00e4rit vihmametsadest ja sobib seet\u00f5ttu ideaalselt vihmametsades elavatele sipelgaliikidele.<\/p>\n<p><strong>Taotlus:<\/strong> Toidutoru v\u00f5ib asetada tervelt formikaariumisse, alternatiivina v\u00f5ib lisada v\u00e4iksemaid koguseid toidukaussi vastavalt vajadusele\/ vastavalt koloonia suurusele. Toidukogus tuleks \u00e4ra kasutada umbes 3 p\u00e4eva jooksul, vastasel juhul on oht hallituse tekkeks, ja samal p\u00f5hjusel puhastage toidun\u00f5u enne uuesti t\u00e4itmist.<\/p>\n<p><strong>Kasutamine:<\/strong><br \/>\nK\u00f5rvemesi = mees\u00f6\u00f6jate sipelgaliikide (Meliphagidae) puhul.<br \/>\nSee on lisas\u00f6\u00f6t (\u00fchekordne s\u00f6\u00f6t).<br \/>\nSeda v\u00f5ib pakkuda loomadele tarnitud kujul. Kuna niiskus v\u00e4hendab suhkrusisaldust ja algab k\u00e4\u00e4rimisprotsess, tuleb toit iga 3 p\u00e4eva j\u00e4rel asendada. Enne taaskasutamist puhastage toidukaussi\/toru p\u00f5hjalikult.<br \/>\nAvatud pakendit tuleb kasutada tihedalt suletuna kuni m\u00e4rgitud s\u00e4ilivuskuup\u00e4evani (parim enne).<\/p>\n<p><strong>Sisaldab:<\/strong> Mee koostisained \u00fcldiselt, proportsioonid varieeruvad s\u00f5ltuvalt mee t\u00fc\u00fcbist.<br \/>\n- umbes 38 % puuviljasuhkur (fruktoos)<br \/>\n- umbes 32 % dekstroos (gl\u00fckoos)<br \/>\n- umbes 20 % vett<br \/>\n- umbes 5 % mitmekordne suhkur<br \/>\n- umbes 5 %-vitamiini (B1, B2, B6, C, H).<br \/>\nMineraalained (kaalium, kaltsium, vask, raud, naatrium, magneesium, fosfor, tsink ja muud mikroelemendid). Aminohapped (proliin, leutsiin, fen\u00fc\u00fclalaniin, alaniin, histidiin, isoleutsiin, glutamiinhape, arginiin, asparagiinhape jne) Orgaanilised happed Ens\u00fc\u00fcmid (fermente)Aroomid Inhibiinid (antibakteriaalsed ained) \u00d5ietolmuleht.<\/p>\n<p><strong>Ladustamine:<\/strong> s\u00f6\u00f6da kvaliteedi tagamiseks tuleb seda hoida pimedas ja kuivas kohas.<\/p>\n<p><strong>Teade:<\/strong><br \/>\nTeavet s\u00f6\u00f6datorude kasutamise kohta leiate siit: Link<br \/>\nT\u00e4iendav s\u00f6\u00f6t mett s\u00f6\u00f6vate sipelgate jaoks.<br \/>\nKoostise, anal\u00fc\u00fctiliste komponentide, k\u00f5lblikkusaja ja partii numbri leiate pakendi infolehelt.<\/p>\n<p>Infotelefon +49 30 439703870<\/p>\n<p>Vastutav veterinaar- ja toiduj\u00e4relevalveasutus:<br \/>\nSteglitzi veterinaarkabinet<br \/>\nK\u00f6nigin-Luise-Str. 92<br \/>\n14195 Berliin<\/p>","protected":false},"excerpt":{"rendered":"<p>T\u00e4iendav toit<\/p>","protected":false},"featured_media":5055,"comment_status":"open","ping_status":"closed","template":"","meta":{"_acf_changed":false,"content-type":"","_monsterinsights_skip_tracking":false,"_monsterinsights_sitenote_active":false,"_monsterinsights_sitenote_note":"","_monsterinsights_sitenote_category":0},"product_brand":[],"product_cat":[115,116],"product_tag":[],"class_list":{"0":"post-4656","1":"product","2":"type-product","3":"status-publish","4":"has-post-thumbnail","6":"product_cat-food-and-feeding","7":"product_cat-food","9":"first","10":"instock","11":"taxable","12":"shipping-taxable","13":"purchasable","14":"product-type-simple"},"acf":[],"aioseo_notices":[],"jetpack_sharing_enabled":true,"_links":{"self":[{"href":"https:\/\/antcube.shop\/et\/wp-json\/wp\/v2\/product\/4656","targetHints":{"allow":["GET"]}}],"collection":[{"href":"https:\/\/antcube.shop\/et\/wp-json\/wp\/v2\/product"}],"about":[{"href":"https:\/\/antcube.shop\/et\/wp-json\/wp\/v2\/types\/product"}],"replies":[{"embeddable":true,"href":"https:\/\/antcube.shop\/et\/wp-json\/wp\/v2\/comments?post=4656"}],"wp:featuredmedia":[{"embeddable":true,"href":"https:\/\/antcube.shop\/et\/wp-json\/wp\/v2\/media\/5055"}],"wp:attachment":[{"href":"https:\/\/antcube.shop\/et\/wp-json\/wp\/v2\/media?parent=4656"}],"wp:term":[{"taxonomy":"product_brand","embeddable":true,"href":"https:\/\/antcube.shop\/et\/wp-json\/wp\/v2\/product_brand?post=4656"},{"taxonomy":"product_cat","embeddable":true,"href":"https:\/\/antcube.shop\/et\/wp-json\/wp\/v2\/product_cat?post=4656"},{"taxonomy":"product_tag","embeddable":true,"href":"https:\/\/antcube.shop\/et\/wp-json\/wp\/v2\/product_tag?post=4656"}],"curies":[{"name":"wp","href":"https:\/\/api.w.org\/{rel}","templated":true}]}}