{"id":4655,"date":"2022-11-14T14:35:04","date_gmt":"2022-11-14T13:35:04","guid":{"rendered":"https:\/\/antcube.shop\/produkt\/zucker-honiglosung-zh-nachfullpack-10ml\/"},"modified":"2026-04-03T11:58:54","modified_gmt":"2026-04-03T09:58:54","slug":"zucker-honiglosung-zh-nachfullpack-10ml","status":"publish","type":"product","link":"https:\/\/antcube.shop\/et\/toode\/zucker-honiglosung-zh-nachfullpack-10ml\/","title":{"rendered":"Suhkru-mee lahus (ZH) - t\u00e4iendav pakend 10ml"},"content":{"rendered":"<p><strong>Sisu:<\/strong> 10 ml<\/p>\n<p><strong>Kirjeldus:<\/strong> See on toode, mis koosneb erinevatest s\u00fcsivesikutest (nagu mesi ja suhkur).<\/p>\n<p><strong>Taotlus:<\/strong> Toidutoru v\u00f5ib asetada tervelt formikaariumisse, alternatiivina v\u00f5ib lisada v\u00e4iksemaid koguseid toidukaussi vastavalt vajadusele\/ vastavalt koloonia suurusele. Toidukogus tuleks \u00e4ra tarbida umbes 3 p\u00e4eva jooksul, vastasel juhul on oht hallituse tekkeks, ja samal p\u00f5hjusel puhastage toidun\u00f5u enne uuesti t\u00e4itmist.<\/p>\n<p><strong>Kasutamine:<\/strong><br \/>\nS\u00fcsivesikute toit = suhkru-\/munas\u00f6\u00f6jate sipelgaliikide jaoks.<br \/>\nSee on lisas\u00f6\u00f6t (segas\u00f6\u00f6t).<br \/>\nSeda saab segada tilga veega ja see s\u00e4ilib m\u00e4rjana 3 p\u00e4eva. Enne taaskasutamist puhastage s\u00f6\u00f6dakaussi\/toru p\u00f5hjalikult.<br \/>\nAvatud pakendit tuleb kasutada tihedalt suletuna (kui seda hoitakse kuivana) kuni m\u00e4rgitud s\u00e4ilivuskuup\u00e4evani (parim enne).<\/p>\n<p><strong>Sisaldab:<\/strong><br \/>\nFruktoos 27 kuni 44%,<br \/>\nGl\u00fckoos 22 kuni 41%,<br \/>\nSahharoos kuni 5%,<br \/>\nmaltoos 4 kuni 14%,<br \/>\nmuud mitmekordsed suhkrud 1 kuni 14%.<br \/>\n<strong>Rasv:<\/strong> 0g<br \/>\n<strong>S\u00fcsivesikud:<\/strong> 92g<br \/>\n<strong>Valgud:<\/strong> 0g<br \/>\n<strong>Sool:<\/strong> 0g<\/p>\n<p>S\u00e4ilitamine: s\u00f6\u00f6da kvaliteedi tagamiseks tuleb seda hoida pimedas ja kuivas kohas.<\/p>\n<p><strong>Teade:<\/strong><br \/>\nTeavet s\u00f6\u00f6datorude kasutamise kohta leiate siit: Link<br \/>\nKoostise, anal\u00fc\u00fctiliste koostisosade, k\u00f5lblikkusaja ja partii numbri leiate pakendi infolehelt.<\/p>\n<p>Infotelefon +49 30 439703870<\/p>\n<p>Vastutav veterinaar- ja toiduj\u00e4relevalveasutus:<br \/>\nSteglitzi veterinaarkabinet<br \/>\nK\u00f6nigin-Luise-Str. 92<br \/>\n14195 Berliin<\/p>","protected":false},"excerpt":{"rendered":"<p>T\u00e4iendav toit<\/p>","protected":false},"featured_media":5058,"comment_status":"open","ping_status":"closed","template":"","meta":{"_acf_changed":false,"content-type":"","_monsterinsights_skip_tracking":false,"_monsterinsights_sitenote_active":false,"_monsterinsights_sitenote_note":"","_monsterinsights_sitenote_category":0},"product_brand":[],"product_cat":[115,116],"product_tag":[],"class_list":{"0":"post-4655","1":"product","2":"type-product","3":"status-publish","4":"has-post-thumbnail","6":"product_cat-food-and-feeding","7":"product_cat-food","9":"first","10":"instock","11":"taxable","12":"shipping-taxable","13":"purchasable","14":"product-type-simple"},"acf":[],"aioseo_notices":[],"jetpack_sharing_enabled":true,"_links":{"self":[{"href":"https:\/\/antcube.shop\/et\/wp-json\/wp\/v2\/product\/4655","targetHints":{"allow":["GET"]}}],"collection":[{"href":"https:\/\/antcube.shop\/et\/wp-json\/wp\/v2\/product"}],"about":[{"href":"https:\/\/antcube.shop\/et\/wp-json\/wp\/v2\/types\/product"}],"replies":[{"embeddable":true,"href":"https:\/\/antcube.shop\/et\/wp-json\/wp\/v2\/comments?post=4655"}],"wp:featuredmedia":[{"embeddable":true,"href":"https:\/\/antcube.shop\/et\/wp-json\/wp\/v2\/media\/5058"}],"wp:attachment":[{"href":"https:\/\/antcube.shop\/et\/wp-json\/wp\/v2\/media?parent=4655"}],"wp:term":[{"taxonomy":"product_brand","embeddable":true,"href":"https:\/\/antcube.shop\/et\/wp-json\/wp\/v2\/product_brand?post=4655"},{"taxonomy":"product_cat","embeddable":true,"href":"https:\/\/antcube.shop\/et\/wp-json\/wp\/v2\/product_cat?post=4655"},{"taxonomy":"product_tag","embeddable":true,"href":"https:\/\/antcube.shop\/et\/wp-json\/wp\/v2\/product_tag?post=4655"}],"curies":[{"name":"wp","href":"https:\/\/api.w.org\/{rel}","templated":true}]}}