{"id":4654,"date":"2022-11-14T14:34:48","date_gmt":"2022-11-14T13:34:48","guid":{"rendered":"https:\/\/antcube.shop\/produkt\/zuckerlosung-z-nachfullpack-10ml\/"},"modified":"2026-04-16T15:56:26","modified_gmt":"2026-04-16T13:56:26","slug":"zuckerlosung-z-nachfullpack-10ml","status":"publish","type":"product","link":"https:\/\/antcube.shop\/et\/toode\/zuckerlosung-z-nachfullpack-10ml\/","title":{"rendered":"Suhkrulahus (Z) - t\u00e4iendav pakend 10ml"},"content":{"rendered":"<p><strong>Sisu:<\/strong> 10ml<\/p>\n<p><strong>Kirjeldus:<\/strong> Suhkrulahus on t\u00e4iendav s\u00f6\u00f6t teistele s\u00f6\u00f6tadele.<\/p>\n<p><strong>Kasutamine:<\/strong><br \/>\nSuhkrulahus = suhkrus\u00f6\u00f6jate sipelgaliikide puhul.<br \/>\nSee on lisas\u00f6\u00f6t (\u00fchekordne s\u00f6\u00f6t).<br \/>\nSeda v\u00f5ib pakkuda loomadele tarnitud kujul. Seda v\u00f5ib kasutada, kuni suhkur on kuivanud. Enne taaskasutamist puhastage s\u00f6\u00f6dakaussi\/toru p\u00f5hjalikult.<br \/>\nAvatud pakendit tuleb kasutada tihedalt suletuna kuni m\u00e4rgitud s\u00e4ilivuskuup\u00e4evani (parim enne).<\/p>\n<p><strong>Sisaldab:<\/strong><br \/>\nInvertsuhkur 55%<br \/>\nSahharoos 45%<\/p>\n<p><strong>Ladustamine:<\/strong> s\u00f6\u00f6da kvaliteedi tagamiseks tuleb seda hoida pimedas ja kuivas kohas.<\/p>\n<p><strong>Teade:<\/strong><br \/>\nTeavet s\u00f6\u00f6datorude kasutamise kohta leiate siit: Link<br \/>\nKoostise, anal\u00fc\u00fctiliste koostisosade, k\u00f5lblikkusaja ja partii numbri leiate pakendi infolehelt.<\/p>\n<p>Infotelefon +49 30 439703870<\/p>\n<p>Vastutav veterinaar- ja toiduj\u00e4relevalveasutus:<br \/>\nSteglitzi veterinaarkabinet<br \/>\nK\u00f6nigin-Luise-Str. 92<br \/>\n14195 Berliin<\/p>","protected":false},"excerpt":{"rendered":"<p>T\u00e4iendav toit<\/p>","protected":false},"featured_media":5063,"comment_status":"open","ping_status":"closed","template":"","meta":{"_acf_changed":false,"content-type":"","_monsterinsights_skip_tracking":false,"_monsterinsights_sitenote_active":false,"_monsterinsights_sitenote_note":"","_monsterinsights_sitenote_category":0},"product_brand":[],"product_cat":[115,116],"product_tag":[],"class_list":{"0":"post-4654","1":"product","2":"type-product","3":"status-publish","4":"has-post-thumbnail","6":"product_cat-food-and-feeding","7":"product_cat-food","9":"first","10":"instock","11":"taxable","12":"shipping-taxable","13":"purchasable","14":"product-type-simple"},"acf":[],"aioseo_notices":[],"jetpack_sharing_enabled":true,"_links":{"self":[{"href":"https:\/\/antcube.shop\/et\/wp-json\/wp\/v2\/product\/4654","targetHints":{"allow":["GET"]}}],"collection":[{"href":"https:\/\/antcube.shop\/et\/wp-json\/wp\/v2\/product"}],"about":[{"href":"https:\/\/antcube.shop\/et\/wp-json\/wp\/v2\/types\/product"}],"replies":[{"embeddable":true,"href":"https:\/\/antcube.shop\/et\/wp-json\/wp\/v2\/comments?post=4654"}],"wp:featuredmedia":[{"embeddable":true,"href":"https:\/\/antcube.shop\/et\/wp-json\/wp\/v2\/media\/5063"}],"wp:attachment":[{"href":"https:\/\/antcube.shop\/et\/wp-json\/wp\/v2\/media?parent=4654"}],"wp:term":[{"taxonomy":"product_brand","embeddable":true,"href":"https:\/\/antcube.shop\/et\/wp-json\/wp\/v2\/product_brand?post=4654"},{"taxonomy":"product_cat","embeddable":true,"href":"https:\/\/antcube.shop\/et\/wp-json\/wp\/v2\/product_cat?post=4654"},{"taxonomy":"product_tag","embeddable":true,"href":"https:\/\/antcube.shop\/et\/wp-json\/wp\/v2\/product_tag?post=4654"}],"curies":[{"name":"wp","href":"https:\/\/api.w.org\/{rel}","templated":true}]}}