{"id":4651,"date":"2022-11-14T14:34:01","date_gmt":"2022-11-14T13:34:01","guid":{"rendered":"https:\/\/antcube.shop\/produkt\/kornerfutter-media-me-nachfullpack-20ml\/"},"modified":"2026-04-13T09:32:09","modified_gmt":"2026-04-13T07:32:09","slug":"kornerfutter-media-me-nachfullpack-20ml","status":"publish","type":"product","link":"https:\/\/antcube.shop\/et\/toode\/kornerfutter-media-me-nachfullpack-20ml\/","title":{"rendered":"Grain food Media (Me) - t\u00e4iendav pakend 20ml"},"content":{"rendered":"<p><strong>Sisu:<\/strong> 20ml (vastab umbes 16g).<\/p>\n<p><strong>Kirjeldus:<\/strong> Keskmise suurusega graanulid\/semned suuremate graanuleid koguvate sipelgaliikide, n\u00e4iteks perekond Messor, kolooniate jaoks, mis sisaldavad juba meediat\u00f6\u00f6tajaid.<\/p>\n<p><strong>Teade:<\/strong><br \/>\nTeavet selle kohta, kuidas s\u00f6\u00f6turtorusid kasutada, leiate siit: Link<br \/>\nLisatoit granivoorse sipelga jaoks.<br \/>\nKoostise, anal\u00fc\u00fctiliste komponentide, k\u00f5lblikkusaja ja partii numbri leiate pakendi infolehelt.<\/p>\n<p>Infotelefon +49 30 439703870<\/p>\n<p>Vastutav veterinaar- ja toiduj\u00e4relevalveasutus:<br \/>\nSteglitzi veterinaarkabinet<br \/>\nK\u00f6nigin-Luise-Str. 92<br \/>\n14195 Berliin<\/p>","protected":false},"excerpt":{"rendered":"<p>T\u00e4iendav toit<\/p>","protected":false},"featured_media":5738,"comment_status":"open","ping_status":"closed","template":"","meta":{"_acf_changed":false,"content-type":"","_monsterinsights_skip_tracking":false,"_monsterinsights_sitenote_active":false,"_monsterinsights_sitenote_note":"","_monsterinsights_sitenote_category":0},"product_brand":[],"product_cat":[115,116],"product_tag":[],"class_list":{"0":"post-4651","1":"product","2":"type-product","3":"status-publish","4":"has-post-thumbnail","6":"product_cat-food-and-feeding","7":"product_cat-food","9":"first","10":"instock","11":"taxable","12":"shipping-taxable","13":"purchasable","14":"product-type-simple"},"acf":[],"aioseo_notices":[],"jetpack_sharing_enabled":true,"_links":{"self":[{"href":"https:\/\/antcube.shop\/et\/wp-json\/wp\/v2\/product\/4651","targetHints":{"allow":["GET"]}}],"collection":[{"href":"https:\/\/antcube.shop\/et\/wp-json\/wp\/v2\/product"}],"about":[{"href":"https:\/\/antcube.shop\/et\/wp-json\/wp\/v2\/types\/product"}],"replies":[{"embeddable":true,"href":"https:\/\/antcube.shop\/et\/wp-json\/wp\/v2\/comments?post=4651"}],"wp:featuredmedia":[{"embeddable":true,"href":"https:\/\/antcube.shop\/et\/wp-json\/wp\/v2\/media\/5738"}],"wp:attachment":[{"href":"https:\/\/antcube.shop\/et\/wp-json\/wp\/v2\/media?parent=4651"}],"wp:term":[{"taxonomy":"product_brand","embeddable":true,"href":"https:\/\/antcube.shop\/et\/wp-json\/wp\/v2\/product_brand?post=4651"},{"taxonomy":"product_cat","embeddable":true,"href":"https:\/\/antcube.shop\/et\/wp-json\/wp\/v2\/product_cat?post=4651"},{"taxonomy":"product_tag","embeddable":true,"href":"https:\/\/antcube.shop\/et\/wp-json\/wp\/v2\/product_tag?post=4651"}],"curies":[{"name":"wp","href":"https:\/\/api.w.org\/{rel}","templated":true}]}}