{"id":4648,"date":"2022-11-14T14:33:14","date_gmt":"2022-11-14T13:33:14","guid":{"rendered":"https:\/\/antcube.shop\/produkt\/himbeerblatter-100g-getrocknet\/"},"modified":"2026-04-08T08:47:44","modified_gmt":"2026-04-08T06:47:44","slug":"himbeerblatter-100g-getrocknet","status":"publish","type":"product","link":"https:\/\/antcube.shop\/et\/toode\/himbeerblatter-100g-getrocknet\/","title":{"rendered":"Vaarika lehed 100g - kuivatatud"},"content":{"rendered":"<p><strong>Sisu:<\/strong><br \/>\n100 g kuivatatud vaarika lehti<\/p>\n<p><strong>Kirjeldus:<\/strong><br \/>\nVaarika lehed kui kasvupinnas seente kasvatavatele sipelgaliikidele. Tegemist on puhtalt loodusliku tootega.<\/p>\n<p><strong>Kasutamine:<\/strong><br \/>\nVaarika lehed = seente kasvatamise sipelgaliikide jaoks.<br \/>\nKuivad lehed on ainult lehep\u00f5letajate sipelgate kasvupinnaks (soovitav on pakkuda samal ajal suhkrustatud vedelikke, et asendada puuduvaid taimemahlu). Lihtsalt asetage s\u00f6\u00f6davad lehed kuivtoidukambrisse. Loomad eelistavad siiski v\u00e4rskeid lehti. Kuivatatud lehed sobivad seega k\u00f5ige paremini \u00fcleminekuperioodideks, kui neid ei saa pakkuda.<\/p>\n<p><strong>Ladustamine:<\/strong><br \/>\nKuivas keskkonnas<\/p>\n<p><strong>Sisaldab:<\/strong><br \/>\n100% kuivatatud vaarika lehed<\/p>","protected":false},"excerpt":{"rendered":"<p>T\u00e4iendav toit<\/p>","protected":false},"featured_media":5115,"comment_status":"open","ping_status":"closed","template":"","meta":{"_acf_changed":false,"content-type":"","_monsterinsights_skip_tracking":false,"_monsterinsights_sitenote_active":false,"_monsterinsights_sitenote_note":"","_monsterinsights_sitenote_category":0},"product_brand":[],"product_cat":[115,116],"product_tag":[],"class_list":{"0":"post-4648","1":"product","2":"type-product","3":"status-publish","4":"has-post-thumbnail","6":"product_cat-food-and-feeding","7":"product_cat-food","9":"first","10":"instock","11":"taxable","12":"shipping-taxable","13":"purchasable","14":"product-type-simple"},"acf":[],"aioseo_notices":[],"jetpack_sharing_enabled":true,"_links":{"self":[{"href":"https:\/\/antcube.shop\/et\/wp-json\/wp\/v2\/product\/4648","targetHints":{"allow":["GET"]}}],"collection":[{"href":"https:\/\/antcube.shop\/et\/wp-json\/wp\/v2\/product"}],"about":[{"href":"https:\/\/antcube.shop\/et\/wp-json\/wp\/v2\/types\/product"}],"replies":[{"embeddable":true,"href":"https:\/\/antcube.shop\/et\/wp-json\/wp\/v2\/comments?post=4648"}],"wp:featuredmedia":[{"embeddable":true,"href":"https:\/\/antcube.shop\/et\/wp-json\/wp\/v2\/media\/5115"}],"wp:attachment":[{"href":"https:\/\/antcube.shop\/et\/wp-json\/wp\/v2\/media?parent=4648"}],"wp:term":[{"taxonomy":"product_brand","embeddable":true,"href":"https:\/\/antcube.shop\/et\/wp-json\/wp\/v2\/product_brand?post=4648"},{"taxonomy":"product_cat","embeddable":true,"href":"https:\/\/antcube.shop\/et\/wp-json\/wp\/v2\/product_cat?post=4648"},{"taxonomy":"product_tag","embeddable":true,"href":"https:\/\/antcube.shop\/et\/wp-json\/wp\/v2\/product_tag?post=4648"}],"curies":[{"name":"wp","href":"https:\/\/api.w.org\/{rel}","templated":true}]}}