{"id":4642,"date":"2022-11-14T14:31:41","date_gmt":"2022-11-14T13:31:41","guid":{"rendered":"https:\/\/antcube.shop\/produkt\/jelly-food-brauner-zucker-16g\/"},"modified":"2026-04-16T22:29:12","modified_gmt":"2026-04-16T20:29:12","slug":"tarretis-toit-pruun-zucker-16g","status":"publish","type":"product","link":"https:\/\/antcube.shop\/et\/toode\/tarretis-toit-pruun-zucker-16g\/","title":{"rendered":"Jelly Food pruun suhkur 16g"},"content":{"rendered":"<p><strong>Kogus:<\/strong> 16g<\/p>\n<p><strong>Kirjeldus:<\/strong><br \/>\nVitamiinid ja valgud on iga keha p\u00f5hilised ehitusplokid. M\u00f5nda neist saab keha ise toota, teisi tuleb v\u00f5tta toiduga.<br \/>\nPutukahuvilised kogu maailmas hindavad seda preparaati, mis soodustab nende \"lemmikute\" tasakaalustatud toitmise kaudu nende paljunemist ja elu pikendamist.<\/p>\n<p><strong>Koostisained:<\/strong><br \/>\nKoostis: vesi, fruktoosisiirup, suhkur.<br \/>\nAnal\u00fc\u00fctilised koostisosad: Niiskus 65%<\/p>\n<p><strong>Kasutamine:<\/strong><br \/>\nViljas\u00f6\u00f6jate sipelgaliikide puhul.<br \/>\nSegas\u00f6\u00f6t lisas\u00f6\u00f6dana<br \/>\nTuleks pakkuda 2-3 korda n\u00e4dalas puuviljas\u00f6\u00f6jatele sipelgaliikidele.<br \/>\nSeda v\u00f5ib pakkuda loomadele tarnitud kujul. Toatemperatuuril v\u00f5ib tarretis kiiresti hallitama hakata. Seet\u00f5ttu tuleks toit asendada v\u00e4hemalt iga 3 p\u00e4eva tagant. Enne taaskasutamist puhastage toidun\u00f5u p\u00f5hjalikult.<\/p>\n<p><strong>S\u00e4ilivusaeg:<\/strong><br \/>\nSuletuna s\u00e4ilivusaeg on v\u00e4hemalt 1 aasta (vt pakendil olevat s\u00e4ilivusaeg); avamisel tuleks seda hoida k\u00fclmkapis ja kasutada 5-7 p\u00e4eva jooksul. V\u00f5ite seda ka s\u00fcgavk\u00fclmas k\u00fclmutada ja vajaduse korral v\u00e4ikesed kogused \u00fcles sulatada.<\/p>\n<p><strong>Teade:<\/strong><br \/>\nKoostise, anal\u00fc\u00fctiliste koostisosade, partii identifitseerimisnumbri ja k\u00f5lblikkusaja (BBD) kohta vaadake pakendi infolehte.<\/p>\n<p>Infotelefon (faks): +49 2065-67290<\/p>\n<p>Vastutav veterinaar- ja toiduinspektsioon:<br \/>\nAmetlik veterinaararst \/ veterinaarekspert.<br \/>\nKell Schnabelhuck 6<br \/>\n47049 Duisburg<\/p>","protected":false},"excerpt":{"rendered":"<p>T\u00e4iendav toit<\/p>","protected":false},"featured_media":5094,"comment_status":"open","ping_status":"closed","template":"","meta":{"_acf_changed":false,"content-type":"","_monsterinsights_skip_tracking":false,"_monsterinsights_sitenote_active":false,"_monsterinsights_sitenote_note":"","_monsterinsights_sitenote_category":0},"product_brand":[],"product_cat":[115,116],"product_tag":[],"class_list":{"0":"post-4642","1":"product","2":"type-product","3":"status-publish","4":"has-post-thumbnail","6":"product_cat-food-and-feeding","7":"product_cat-food","9":"first","10":"instock","11":"taxable","12":"shipping-taxable","13":"purchasable","14":"product-type-simple"},"acf":[],"aioseo_notices":[],"jetpack_sharing_enabled":true,"_links":{"self":[{"href":"https:\/\/antcube.shop\/et\/wp-json\/wp\/v2\/product\/4642","targetHints":{"allow":["GET"]}}],"collection":[{"href":"https:\/\/antcube.shop\/et\/wp-json\/wp\/v2\/product"}],"about":[{"href":"https:\/\/antcube.shop\/et\/wp-json\/wp\/v2\/types\/product"}],"replies":[{"embeddable":true,"href":"https:\/\/antcube.shop\/et\/wp-json\/wp\/v2\/comments?post=4642"}],"wp:featuredmedia":[{"embeddable":true,"href":"https:\/\/antcube.shop\/et\/wp-json\/wp\/v2\/media\/5094"}],"wp:attachment":[{"href":"https:\/\/antcube.shop\/et\/wp-json\/wp\/v2\/media?parent=4642"}],"wp:term":[{"taxonomy":"product_brand","embeddable":true,"href":"https:\/\/antcube.shop\/et\/wp-json\/wp\/v2\/product_brand?post=4642"},{"taxonomy":"product_cat","embeddable":true,"href":"https:\/\/antcube.shop\/et\/wp-json\/wp\/v2\/product_cat?post=4642"},{"taxonomy":"product_tag","embeddable":true,"href":"https:\/\/antcube.shop\/et\/wp-json\/wp\/v2\/product_tag?post=4642"}],"curies":[{"name":"wp","href":"https:\/\/api.w.org\/{rel}","templated":true}]}}