{"id":4639,"date":"2022-11-14T14:30:55","date_gmt":"2022-11-14T13:30:55","guid":{"rendered":"https:\/\/antcube.shop\/produkt\/durchgangsschieber-s\/"},"modified":"2026-03-02T12:58:53","modified_gmt":"2026-03-02T11:58:53","slug":"durchgangsschieber-s","status":"publish","type":"product","link":"https:\/\/antcube.shop\/et\/toode\/durchgangsschieber-s\/","title":{"rendered":"L\u00e4bivooluklapp - S"},"content":{"rendered":"<p><strong>M\u00f5\u00f5tmed:<\/strong> 78 x 12 x 52 mm 10\/6 mm torude v\u00f5i sipelgapesade jaoks S<\/p>\n<p><strong>Materjal:<\/strong> PMMA<\/p>\n<p><strong>V\u00e4rvid:<\/strong> l\u00e4bipaistev, hall<\/p>\n<p><strong>Sisu:<\/strong> 1x l\u00e4bip\u00e4\u00e4su liugur<\/p>\n<p><strong>Kirjeldus:<\/strong> L\u00e4bip\u00e4\u00e4su liugur sulgeb v\u00f5i avab sipelgate l\u00e4bip\u00e4\u00e4su torus v\u00f5i kahe formikariumi vahel.<br \/>\nSee on l\u00e4bipaistev, nii et saate kontrollida, kas \"sulgemisel\" on sipelgaid vahel. Klappi kasutatakse ka sipelgaj\u00e4lgede kontrollimiseks ja reguleerimiseks voolikutes.<\/p>\n<p><strong>M\u00e4rkus taotluse kohta<\/strong><br \/>\nFiligraanse konstruktsiooni t\u00f5ttu tuleb voolikute kinnitamisel ja lahtiv\u00f5tmisel j\u00e4rgida j\u00e4rgmist:<br \/>\nKui toru on v\u00e4ga raskesti pistikupesale paigaldatav, tuleks pesa kergelt h\u00f5\u00f5ruda tilga meie l\u00e4bimurdekaitset sisaldava \u00f5li v\u00f5i pulbriga. Seej\u00e4rel tuleb voolik keerates v\u00f5i kruvides l\u00fckata puksidele, ilma et pukside \u00fcles- ja allapoole liigutustega koormataks. Sama kehtib ka voolikute eemaldamisel l\u00e4bilaskeklotsilt. Palun \u00e4rge lihtsalt t\u00f5mmake maha!<\/p>","protected":false},"excerpt":{"rendered":"<p>M\u00f5\u00f5tmed: Materjal: 78 x 12 x 52 mm 10\/6 mm torude v\u00f5i sipelgap\u00f5llu suuruse S jaoks: Materjal: PMMA V\u00e4rvid: l\u00e4bipaistev, hall Sisu: Kirjeldus: 1x l\u00e4bip\u00e4\u00e4su liugur: L\u00e4bip\u00e4\u00e4su liugur sulgeb v\u00f5i avab sipelgate l\u00e4bip\u00e4\u00e4su torus v\u00f5i kahe formikariumi vahel. See on l\u00e4bipaistev, nii et saate kontrollida, kas sipelgate vahel on sipelgaid","protected":false},"featured_media":5170,"comment_status":"open","ping_status":"closed","template":"","meta":{"_acf_changed":false,"content-type":"","_monsterinsights_skip_tracking":false,"_monsterinsights_sitenote_active":false,"_monsterinsights_sitenote_note":"","_monsterinsights_sitenote_category":0},"product_brand":[],"product_cat":[121],"product_tag":[],"class_list":{"0":"post-4639","1":"product","2":"type-product","3":"status-publish","4":"has-post-thumbnail","6":"product_cat-connectors","8":"first","9":"instock","10":"taxable","11":"shipping-taxable","12":"purchasable","13":"product-type-simple"},"acf":[],"aioseo_notices":[],"jetpack_sharing_enabled":true,"_links":{"self":[{"href":"https:\/\/antcube.shop\/et\/wp-json\/wp\/v2\/product\/4639","targetHints":{"allow":["GET"]}}],"collection":[{"href":"https:\/\/antcube.shop\/et\/wp-json\/wp\/v2\/product"}],"about":[{"href":"https:\/\/antcube.shop\/et\/wp-json\/wp\/v2\/types\/product"}],"replies":[{"embeddable":true,"href":"https:\/\/antcube.shop\/et\/wp-json\/wp\/v2\/comments?post=4639"}],"wp:featuredmedia":[{"embeddable":true,"href":"https:\/\/antcube.shop\/et\/wp-json\/wp\/v2\/media\/5170"}],"wp:attachment":[{"href":"https:\/\/antcube.shop\/et\/wp-json\/wp\/v2\/media?parent=4639"}],"wp:term":[{"taxonomy":"product_brand","embeddable":true,"href":"https:\/\/antcube.shop\/et\/wp-json\/wp\/v2\/product_brand?post=4639"},{"taxonomy":"product_cat","embeddable":true,"href":"https:\/\/antcube.shop\/et\/wp-json\/wp\/v2\/product_cat?post=4639"},{"taxonomy":"product_tag","embeddable":true,"href":"https:\/\/antcube.shop\/et\/wp-json\/wp\/v2\/product_tag?post=4639"}],"curies":[{"name":"wp","href":"https:\/\/api.w.org\/{rel}","templated":true}]}}