{"id":4637,"date":"2022-11-14T14:30:23","date_gmt":"2022-11-14T13:30:23","guid":{"rendered":"https:\/\/antcube.shop\/produkt\/durchgangsschieber-l\/"},"modified":"2026-03-30T12:22:09","modified_gmt":"2026-03-30T10:22:09","slug":"durchgangsschieber-l","status":"publish","type":"product","link":"https:\/\/antcube.shop\/et\/toode\/durchgangsschieber-l\/","title":{"rendered":"L\u00e4bivooluklapp - L"},"content":{"rendered":"<p><strong>M\u00f5\u00f5tmed:<\/strong> 78 x 27 x 53 mm 14\/16\/18\/20 mm torude v\u00f5i sipelgap\u00f5llu jaoks, suurus L<\/p>\n<p>14\/10 torud on tihedalt \u00fchendatud 14 mm pistikupessa.<br \/>\n20\/16-toru on kinnitatud esimesele 16 mm astmele.<br \/>\n22\/18-toru on kinnitatud teisele 20mm astmele.<br \/>\n24\/20 torud on l\u00f5dvalt paigaldatud teisele 20 mm astmele.<\/p>\n<p><strong>Materjal:<\/strong> PMMA<\/p>\n<p><strong>V\u00e4rvid:<\/strong> kristallselge, hall<\/p>\n<p><strong>Sisu:<\/strong> 1x l\u00e4biva augu liugur<\/p>\n<p><strong>Kirjeldus:<\/strong> L\u00e4bip\u00e4\u00e4su liugur blokeerib v\u00f5i avab sipelgate l\u00e4bip\u00e4\u00e4su torus v\u00f5i kahe formikaariumi vahel.<br \/>\nSee on l\u00e4bipaistev, nii et saate kontrollida, kas \"sulgemisel\" on sipelgaid vahel. Klappi kasutatakse ka sipelgate voolikute voolu kontrollimiseks ja reguleerimiseks.<\/p>\n<p>M\u00e4rkus taotluse kohta<br \/>\nFiligraanse konstruktsiooni t\u00f5ttu tuleb voolikute kinnitamisel v\u00f5i lahtiv\u00f5tmisel j\u00e4rgida j\u00e4rgmist:<br \/>\nKui toru on v\u00e4ga raskesti pistikupesale paigaldatav, tuleks pesa kergelt h\u00f5\u00f5ruda tilga meie l\u00e4bimurdekaitset sisaldava \u00f5li v\u00f5i pulbriga. Seej\u00e4rel tuleb voolik keerates v\u00f5i kruvides l\u00fckata puksidele, ilma pukside \u00fcles- ja allapoole liikumistega pingestamata. Sama kehtib ka voolikute eemaldamisel l\u00e4bilaskeklotsilt. \u00c4rge t\u00f5mmake neid lihtsalt maha!<\/p>\n<p><strong>V\u00e4rskendamine:<\/strong><br \/>\n15.12.2020 Toote t\u00e4iustamine: 3 mm v\u00f5rra tugevdatud.<\/p>","protected":false},"excerpt":{"rendered":"<p>M\u00f5\u00f5tmed: 14\/10-toru on tihedalt \u00fchendatud 14mm muhvi 20\/16-toru on kinnitatud esimesele 16mm astmele 22\/18-toru on kinnitatud teisele 20mm astmele 24\/20-toru on l\u00f5dvalt paigaldatud teisele 20mm astmele Materjal: 78 x 27 x 53 mm 14\/16\/18\/20 mm torude v\u00f5i sipelgap\u00f5llu suurus L 14\/10-toru on tihedalt \u00fchendatud 14mm muhvi 20\/16-toru on kinnitatud esimesele 16mm astmele 22\/18-toru on kinnitatud teisele 20mm astmele 24\/20-toru on vabalt paigaldatud teisele 20mm astmele PMMA V\u00e4rvid: kristall","protected":false},"featured_media":5606,"comment_status":"open","ping_status":"closed","template":"","meta":{"_acf_changed":false,"content-type":"","_monsterinsights_skip_tracking":false,"_monsterinsights_sitenote_active":false,"_monsterinsights_sitenote_note":"","_monsterinsights_sitenote_category":0},"product_brand":[],"product_cat":[121],"product_tag":[],"class_list":{"0":"post-4637","1":"product","2":"type-product","3":"status-publish","4":"has-post-thumbnail","6":"product_cat-connectors","8":"first","9":"instock","10":"taxable","11":"shipping-taxable","12":"purchasable","13":"product-type-simple"},"acf":[],"aioseo_notices":[],"jetpack_sharing_enabled":true,"_links":{"self":[{"href":"https:\/\/antcube.shop\/et\/wp-json\/wp\/v2\/product\/4637","targetHints":{"allow":["GET"]}}],"collection":[{"href":"https:\/\/antcube.shop\/et\/wp-json\/wp\/v2\/product"}],"about":[{"href":"https:\/\/antcube.shop\/et\/wp-json\/wp\/v2\/types\/product"}],"replies":[{"embeddable":true,"href":"https:\/\/antcube.shop\/et\/wp-json\/wp\/v2\/comments?post=4637"}],"wp:featuredmedia":[{"embeddable":true,"href":"https:\/\/antcube.shop\/et\/wp-json\/wp\/v2\/media\/5606"}],"wp:attachment":[{"href":"https:\/\/antcube.shop\/et\/wp-json\/wp\/v2\/media?parent=4637"}],"wp:term":[{"taxonomy":"product_brand","embeddable":true,"href":"https:\/\/antcube.shop\/et\/wp-json\/wp\/v2\/product_brand?post=4637"},{"taxonomy":"product_cat","embeddable":true,"href":"https:\/\/antcube.shop\/et\/wp-json\/wp\/v2\/product_cat?post=4637"},{"taxonomy":"product_tag","embeddable":true,"href":"https:\/\/antcube.shop\/et\/wp-json\/wp\/v2\/product_tag?post=4637"}],"curies":[{"name":"wp","href":"https:\/\/api.w.org\/{rel}","templated":true}]}}