{"id":4636,"date":"2022-11-14T14:30:07","date_gmt":"2022-11-14T13:30:07","guid":{"rendered":"https:\/\/antcube.shop\/produkt\/adapterkappe-16mm-zu-10mm\/"},"modified":"2026-04-07T09:38:17","modified_gmt":"2026-04-07T07:38:17","slug":"adapterkappe-16mm-zu-10mm","status":"publish","type":"product","link":"https:\/\/antcube.shop\/et\/toode\/adapterkappe-16mm-zu-10mm\/","title":{"rendered":"Adapterkork 16mm kuni 10mm"},"content":{"rendered":"<div class=\"tab-body active\">\n<p><strong>Kogus:<\/strong> 1 t\u00fckk<\/p>\n<p><strong>M\u00f5\u00f5tmed:<\/strong> 20 x 15mm<\/p>\n<p><strong>Materjal:<\/strong> PE plastik<\/p>\n<p><strong>V\u00e4rv:<\/strong> l\u00e4bipaistev, piimjas<\/p>\n<p><strong>Kirjeldus:<\/strong> Adapterina basseinivooliku \u00fchendusele 27mm - 14,16,20mm - tramsparent (Art. 1001694), et saaks \u00fchendada ka S-Farmide voolikut 10\/06mm (Art. 1001273).<\/p>\n<\/div>","protected":false},"excerpt":{"rendered":"<p>Kogus: Suurus: 1 tk: Materjal: 20 x 15mm: Materjal: PE plastik V\u00e4rv: l\u00e4bipaistev, piimjas Kirjeldus: Materjal: PE plastik V\u00e4rv: l\u00e4bipaistev, piimjas..: (Art. 1001694), et saaks \u00fchendada ka S-farmide voolikut 10\/06mm (Art. 1001273).<\/p>","protected":false},"featured_media":5112,"comment_status":"open","ping_status":"closed","template":"","meta":{"_acf_changed":false,"content-type":"","_monsterinsights_skip_tracking":false,"_monsterinsights_sitenote_active":false,"_monsterinsights_sitenote_note":"","_monsterinsights_sitenote_category":0},"product_brand":[],"product_cat":[121],"product_tag":[],"class_list":{"0":"post-4636","1":"product","2":"type-product","3":"status-publish","4":"has-post-thumbnail","6":"product_cat-connectors","8":"first","9":"instock","10":"taxable","11":"shipping-taxable","12":"purchasable","13":"product-type-simple"},"acf":[],"aioseo_notices":[],"jetpack_sharing_enabled":true,"_links":{"self":[{"href":"https:\/\/antcube.shop\/et\/wp-json\/wp\/v2\/product\/4636","targetHints":{"allow":["GET"]}}],"collection":[{"href":"https:\/\/antcube.shop\/et\/wp-json\/wp\/v2\/product"}],"about":[{"href":"https:\/\/antcube.shop\/et\/wp-json\/wp\/v2\/types\/product"}],"replies":[{"embeddable":true,"href":"https:\/\/antcube.shop\/et\/wp-json\/wp\/v2\/comments?post=4636"}],"wp:featuredmedia":[{"embeddable":true,"href":"https:\/\/antcube.shop\/et\/wp-json\/wp\/v2\/media\/5112"}],"wp:attachment":[{"href":"https:\/\/antcube.shop\/et\/wp-json\/wp\/v2\/media?parent=4636"}],"wp:term":[{"taxonomy":"product_brand","embeddable":true,"href":"https:\/\/antcube.shop\/et\/wp-json\/wp\/v2\/product_brand?post=4636"},{"taxonomy":"product_cat","embeddable":true,"href":"https:\/\/antcube.shop\/et\/wp-json\/wp\/v2\/product_cat?post=4636"},{"taxonomy":"product_tag","embeddable":true,"href":"https:\/\/antcube.shop\/et\/wp-json\/wp\/v2\/product_tag?post=4636"}],"curies":[{"name":"wp","href":"https:\/\/api.w.org\/{rel}","templated":true}]}}