{"id":4631,"date":"2022-11-14T14:28:50","date_gmt":"2022-11-14T13:28:50","guid":{"rendered":"https:\/\/antcube.shop\/produkt\/antcube-ameisenfarm-l-40x20-stehend\/"},"modified":"2026-04-01T12:30:00","modified_gmt":"2026-04-01T10:30:00","slug":"antcube-ameisenfarm-l-40x20-stehend","status":"publish","type":"product","link":"https:\/\/antcube.shop\/et\/toode\/antcube-ameisenfarm-l-40x20-stehend\/","title":{"rendered":"ANTCUBE - sipelgafarm - L - 40\u00d720 - seisev"},"content":{"rendered":"<p><strong>M\u00f5\u00f5tmed (LxSxK):\u00a0<\/strong><br \/>\nV\u00e4ljaspool: 434x58x199 mm<br \/>\nsisemus: 384x20x190 mm<\/p>\n<p><strong>Materjal:<\/strong><br \/>\nFloat-klaas, plastik<\/p>\n<p><strong>V\u00e4rv:<\/strong><br \/>\nkristallselge<\/p>\n<p><strong>Sisu:<\/strong><br \/>\n1x ANTCUBE sipelgafarm - 20mm plaatide vahekaugus.<br \/>\n1x sipelgapesa kate L 40\u00d73<br \/>\n2x pistik 4mm<\/p>\n<p><strong>\u00fchendus:<\/strong><br \/>\n2x 14\/16\/18\/20 x 20mm muhvid<\/p>\n<p>14\/10 voolik sisestatakse tihedalt 14mm muhvi sisse.<br \/>\n20\/16-voolik on kinnitatud esimesele 16 mm astmele.<br \/>\n22\/18 voolik on tihedalt paigaldatud teisele 20 mm astmele.<br \/>\n24\/20-voolik on l\u00f5dvalt paigaldatud teisele 20 mm astmele.<\/p>\n<p><strong>Kirjeldus:<\/strong><br \/>\nSee t\u00e4ielikult l\u00e4bipaistev sipelgafarm sobib L-suurustele sipelgaliikidele.<\/p>\n<p><strong>M\u00e4rkused tootmise kohta<\/strong><br \/>\nKlaas on l\u00f5igatud vastavalt DIN 1249 standardile, tolerantsiga +\/- 1 mm. \u00c4\u00e4rmiselt v\u00e4ikeste sipelgaliikide puhul on t\u00e4iendav l\u00e4bil\u00f6\u00f6gikaitse h\u00e4davajalik.<\/p>\n<p><strong>M\u00e4rkus talu kohta<\/strong><br \/>\nVoolikute kinnitamisel v\u00f5i eemaldamisel v\u00f5tke arvesse j\u00e4rgmist:<br \/>\nKui toru on v\u00e4ga raskesti pistikupesale paigaldatav, tuleks pesa kergelt h\u00f5\u00f5ruda tilga meie l\u00e4bimurdekaitset sisaldava \u00f5li v\u00f5i pulbriga. Seej\u00e4rel tuleb voolik keerates v\u00f5i kruvides l\u00fckata puksidele, ilma pukside \u00fcles- ja allapoole liikumistega pingestamata. Sama kehtib ka voolikute eemaldamisel farmi \u00fchenduspesast. \u00c4rge t\u00f5mmake lihtsalt maha!<\/p>\n<p>&nbsp;<\/p>\n<p>&nbsp;<\/p>","protected":false},"excerpt":{"rendered":"<p><strong>\u00dchendus:<\/strong> Pistikupesa 2x 14\/16\/18\/20 mm + kate <strong>Plaatide vahekaugus:<\/strong> Seespool 20 mm \/ V\u00e4ljaspool 28 mm<br \/>\n<strong>Suurus:<\/strong> <strong><span style=\"color: #0000ff;\">L<\/span><\/strong><\/p>","protected":false},"featured_media":5184,"comment_status":"open","ping_status":"closed","template":"","meta":{"_acf_changed":false,"content-type":"","_monsterinsights_skip_tracking":false,"_monsterinsights_sitenote_active":false,"_monsterinsights_sitenote_note":"","_monsterinsights_sitenote_category":0},"product_brand":[],"product_cat":[80,83],"product_tag":[],"class_list":{"0":"post-4631","1":"product","2":"type-product","3":"status-publish","4":"has-post-thumbnail","6":"product_cat-antfarms","7":"product_cat-antfarms-l","9":"first","10":"instock","11":"taxable","12":"shipping-taxable","13":"purchasable","14":"product-type-simple"},"acf":[],"aioseo_notices":[],"jetpack_sharing_enabled":true,"_links":{"self":[{"href":"https:\/\/antcube.shop\/et\/wp-json\/wp\/v2\/product\/4631","targetHints":{"allow":["GET"]}}],"collection":[{"href":"https:\/\/antcube.shop\/et\/wp-json\/wp\/v2\/product"}],"about":[{"href":"https:\/\/antcube.shop\/et\/wp-json\/wp\/v2\/types\/product"}],"replies":[{"embeddable":true,"href":"https:\/\/antcube.shop\/et\/wp-json\/wp\/v2\/comments?post=4631"}],"wp:featuredmedia":[{"embeddable":true,"href":"https:\/\/antcube.shop\/et\/wp-json\/wp\/v2\/media\/5184"}],"wp:attachment":[{"href":"https:\/\/antcube.shop\/et\/wp-json\/wp\/v2\/media?parent=4631"}],"wp:term":[{"taxonomy":"product_brand","embeddable":true,"href":"https:\/\/antcube.shop\/et\/wp-json\/wp\/v2\/product_brand?post=4631"},{"taxonomy":"product_cat","embeddable":true,"href":"https:\/\/antcube.shop\/et\/wp-json\/wp\/v2\/product_cat?post=4631"},{"taxonomy":"product_tag","embeddable":true,"href":"https:\/\/antcube.shop\/et\/wp-json\/wp\/v2\/product_tag?post=4631"}],"curies":[{"name":"wp","href":"https:\/\/api.w.org\/{rel}","templated":true}]}}