{"id":4630,"date":"2022-11-14T14:28:33","date_gmt":"2022-11-14T13:28:33","guid":{"rendered":"https:\/\/antcube.shop\/produkt\/ameisenarena-rahmen-40x20\/"},"modified":"2026-04-05T19:45:30","modified_gmt":"2026-04-05T17:45:30","slug":"ameisenarena-rahmen-40x20","status":"publish","type":"product","link":"https:\/\/antcube.shop\/et\/toode\/ameisenarena-rahmen-40x20\/","title":{"rendered":"Ant arena raam 40\u00d720"},"content":{"rendered":"<p><strong>M\u00f5\u00f5tmed (LxSxK):<\/strong> 40x20x0,4 cm<\/p>\n<p><strong>Materjal:<\/strong> valuklaas<\/p>\n<p><strong>V\u00e4rv:<\/strong> kristallselge \/ l\u00e4bipaistev<\/p>\n<p><strong>Sisu:<\/strong><br \/>\n1x sipelgate areeni raam<\/p>\n<p><strong>Kirjeldus:<\/strong><br \/>\nRaam on valmistatud klaasist sipelgaareenile l\u00e4bimurde kaitseks.<\/p>\n<p><strong>Taotlus:<\/strong><br \/>\nSipelgate areeni raam on klaasist raam, mis asetatakse sipelgate areenile ja mis on altpoolt varustatud v\u00e4lja murdumisvastase kaitsega (\u00f5li, pulber v\u00f5i lakk), mis takistab sipelgate v\u00e4lja murdumist.<\/p>\n<p><strong>Teade:<\/strong><br \/>\nKuna toode on valmistatud klaasist ja on seet\u00f5ttu tundlik, tuleb seda k\u00e4sitseda v\u00e4ga ettevaatlikult. Klaas on l\u00f5igatud vastavalt DIN 1249 standardile, mille lubatud h\u00e4lve on +\/- 1 mm. \u00c4\u00e4rmiselt v\u00e4ikeste sipelgate puhul on t\u00e4iendav l\u00e4bil\u00f6\u00f6gikaitse h\u00e4davajalik.<\/p>\n<p>&nbsp;<\/p>\n<p>&nbsp;<\/p>","protected":false},"excerpt":{"rendered":"<p>M\u00f5\u00f5tmed (LxSxK): 40x20x0,4 cm Materjal: float-klaas V\u00e4rv: kristallselge \/ l\u00e4bipaistev Sisu: Kirjeldus: 1x sipelgate raami kirjeldus: Klaasist valmistatud raam sipelgate areenile l\u00e4bimurde kaitseks. Kasutamine: Sipelgasareeni raam on klaasist valmistatud raam, mis paigutatakse sipelgasareenile ja on varustatud v\u00e4lja murdumiskaitsega","protected":false},"featured_media":5119,"comment_status":"open","ping_status":"closed","template":"","meta":{"_acf_changed":false,"content-type":"","_monsterinsights_skip_tracking":false,"_monsterinsights_sitenote_active":false,"_monsterinsights_sitenote_note":"","_monsterinsights_sitenote_category":0},"product_brand":[],"product_cat":[119,239,91,93],"product_tag":[],"class_list":{"0":"post-4630","1":"product","2":"type-product","3":"status-publish","4":"has-post-thumbnail","6":"product_cat-formicarium-components","7":"product_cat-useful-additions","8":"product_cat-formicarium-modules","9":"product_cat-arena-frame","11":"first","12":"instock","13":"taxable","14":"shipping-taxable","15":"purchasable","16":"product-type-simple"},"acf":[],"aioseo_notices":[],"jetpack_sharing_enabled":true,"_links":{"self":[{"href":"https:\/\/antcube.shop\/et\/wp-json\/wp\/v2\/product\/4630","targetHints":{"allow":["GET"]}}],"collection":[{"href":"https:\/\/antcube.shop\/et\/wp-json\/wp\/v2\/product"}],"about":[{"href":"https:\/\/antcube.shop\/et\/wp-json\/wp\/v2\/types\/product"}],"replies":[{"embeddable":true,"href":"https:\/\/antcube.shop\/et\/wp-json\/wp\/v2\/comments?post=4630"}],"wp:featuredmedia":[{"embeddable":true,"href":"https:\/\/antcube.shop\/et\/wp-json\/wp\/v2\/media\/5119"}],"wp:attachment":[{"href":"https:\/\/antcube.shop\/et\/wp-json\/wp\/v2\/media?parent=4630"}],"wp:term":[{"taxonomy":"product_brand","embeddable":true,"href":"https:\/\/antcube.shop\/et\/wp-json\/wp\/v2\/product_brand?post=4630"},{"taxonomy":"product_cat","embeddable":true,"href":"https:\/\/antcube.shop\/et\/wp-json\/wp\/v2\/product_cat?post=4630"},{"taxonomy":"product_tag","embeddable":true,"href":"https:\/\/antcube.shop\/et\/wp-json\/wp\/v2\/product_tag?post=4630"}],"curies":[{"name":"wp","href":"https:\/\/api.w.org\/{rel}","templated":true}]}}