{"id":4629,"date":"2022-11-14T14:28:18","date_gmt":"2022-11-14T13:28:18","guid":{"rendered":"https:\/\/antcube.shop\/produkt\/antcube-ameisenfarm-l-30x30-wand\/"},"modified":"2026-03-23T17:45:00","modified_gmt":"2026-03-23T16:45:00","slug":"antcube-ameisenfarm-l-30x30-varras","status":"publish","type":"product","link":"https:\/\/antcube.shop\/et\/toode\/antcube-ameisenfarm-l-30x30-varras\/","title":{"rendered":"ANTCUBE - Sipelgafarm - L - 30\u00d730 - seina\u00e4\u00e4rne"},"content":{"rendered":"<p><strong>V\u00e4ljaspool:<\/strong> 32,5 x 32,5 cm \/ Sisemine: 29,2 x 29,2 cm<\/p>\n<p><strong>Materjal:<\/strong><br \/>\nFloat-klaas, puit, PMMA<\/p>\n<p><strong>V\u00e4rv:<\/strong><br \/>\nkristallselge, valge<\/p>\n<p><strong>Sisu:<\/strong><br \/>\n1x Ant farm 20mm plaadi vahekaugus koos seinakinnitusega.<br \/>\n1x kate<br \/>\n1x puidust raam valge v\u00e4rvitud magnetlukuga<br \/>\n2x distantsvarras pesade sisestuste jaoks<br \/>\n6x kruvid ja t\u00fc\u00fcblid (puidu\/kiviseina jaoks)<\/p>\n<p><strong>\u00fchendus:<\/strong><br \/>\n2x 14\/16\/18\/20 x 20mm muhvid<\/p>\n<p>14\/10 voolik sisestatakse tihedalt 14mm muhvi sisse.<br \/>\n20\/16 voolik on tihedalt \u00fchendatud esimesele 16 mm astmele.<\/p>\n<p><strong>Kirjeldus:<\/strong><br \/>\nNeed sipelgapesad on m\u00f5eldud seinale paigaldamiseks ja neid saab h\u00f5lpsasti paigaldada puu- ja kiviseintele.<br \/>\nRaam on valmistatud ehtsast naturaalsest puidust, valge v\u00e4rviga viimistletud kaasaegse ja ajatu disainiga.<br \/>\nSelle raami saab eemaldada, et avada talu, ja selle saab magnetilise hoidiku abil talu k\u00fclge tagasi kinnitada.<\/p>\n<p><strong>Paigaldusjuhised:<\/strong><br \/>\n6 t\u00fc\u00fcbli \"S6\" kinnitamiseks seinale on vaja 6 mm puurpuuri (s\u00f5ltuvalt materjalist puit v\u00f5i kivi).<br \/>\nSeina tuleb puurida 40 mm s\u00fcgavused augud, et s\u00fcvistada t\u00fc\u00fcblid 4x30 mm kruvidega.<\/p>\n<p><strong>M\u00e4rkused tootmise kohta<\/strong><br \/>\nKlaas on l\u00f5igatud vastavalt DIN 1249 standardile, tolerantsiga +\/- 1 mm. \u00c4\u00e4rmiselt v\u00e4ikeste sipelgaliikide puhul on t\u00e4iendav l\u00e4bil\u00f6\u00f6gikaitse h\u00e4davajalik.<\/p>\n<p><strong>M\u00e4rkus talu kohta<\/strong><br \/>\nVoolikute kinnitamisel v\u00f5i eemaldamisel v\u00f5tke arvesse j\u00e4rgmist:<br \/>\nKui toru on v\u00e4ga raskesti pistikupesale paigaldatav, tuleks pesa kergelt h\u00f5\u00f5ruda tilga meie l\u00e4bimurdekaitset sisaldava \u00f5li v\u00f5i pulbriga. Seej\u00e4rel tuleb voolik keerates v\u00f5i kruvides l\u00fckata puksidele, ilma pukside \u00fcles- ja allapoole liikumistega pingestamata. Sama kehtib ka voolikute eemaldamisel farmi \u00fchenduspesast. \u00c4rge t\u00f5mmake lihtsalt maha!<\/p>","protected":false},"excerpt":{"rendered":"<p><strong>\u00dchendus:<\/strong> muhv 2x 14\/16 x 20mm; <strong>plaatide vahekaugus:<\/strong> sees 20mm<br \/>\n<strong>Suurus:<\/strong> <span style=\"color: #0000ff;\"><strong>L<\/strong> <\/span><\/p>","protected":false},"featured_media":5188,"comment_status":"open","ping_status":"closed","template":"","meta":{"_acf_changed":false,"content-type":"","_monsterinsights_skip_tracking":false,"_monsterinsights_sitenote_active":false,"_monsterinsights_sitenote_note":"","_monsterinsights_sitenote_category":0},"product_brand":[],"product_cat":[80,83],"product_tag":[],"class_list":{"0":"post-4629","1":"product","2":"type-product","3":"status-publish","4":"has-post-thumbnail","6":"product_cat-antfarms","7":"product_cat-antfarms-l","9":"first","10":"instock","11":"taxable","12":"shipping-taxable","13":"purchasable","14":"product-type-simple"},"acf":[],"aioseo_notices":[],"jetpack_sharing_enabled":true,"_links":{"self":[{"href":"https:\/\/antcube.shop\/et\/wp-json\/wp\/v2\/product\/4629","targetHints":{"allow":["GET"]}}],"collection":[{"href":"https:\/\/antcube.shop\/et\/wp-json\/wp\/v2\/product"}],"about":[{"href":"https:\/\/antcube.shop\/et\/wp-json\/wp\/v2\/types\/product"}],"replies":[{"embeddable":true,"href":"https:\/\/antcube.shop\/et\/wp-json\/wp\/v2\/comments?post=4629"}],"wp:featuredmedia":[{"embeddable":true,"href":"https:\/\/antcube.shop\/et\/wp-json\/wp\/v2\/media\/5188"}],"wp:attachment":[{"href":"https:\/\/antcube.shop\/et\/wp-json\/wp\/v2\/media?parent=4629"}],"wp:term":[{"taxonomy":"product_brand","embeddable":true,"href":"https:\/\/antcube.shop\/et\/wp-json\/wp\/v2\/product_brand?post=4629"},{"taxonomy":"product_cat","embeddable":true,"href":"https:\/\/antcube.shop\/et\/wp-json\/wp\/v2\/product_cat?post=4629"},{"taxonomy":"product_tag","embeddable":true,"href":"https:\/\/antcube.shop\/et\/wp-json\/wp\/v2\/product_tag?post=4629"}],"curies":[{"name":"wp","href":"https:\/\/api.w.org\/{rel}","templated":true}]}}