{"id":4626,"date":"2022-11-14T14:27:28","date_gmt":"2022-11-14T13:27:28","guid":{"rendered":"https:\/\/antcube.shop\/produkt\/bundle-offer-starter-set-kork-camponotus-nicobarensis-cricket-jam\/"},"modified":"2026-04-30T17:19:12","modified_gmt":"2026-04-30T15:19:12","slug":"bundle-offer-starter-set-kork-camponotus-nicobarensis-cricket-jam","status":"publish","type":"product","link":"https:\/\/antcube.shop\/et\/toode\/bundle-offer-starter-set-kork-camponotus-nicobarensis-cricket-jam\/","title":{"rendered":"Pakettpakkumine - Camponotus nicobarensis"},"content":{"rendered":"<p><span data-text-color=\"secondary\"><strong>Komplektpakkumine koos Camponotus nicobarensis sipelgapesakolooniaga (kuninganna + 5-10 t\u00f6\u00f6lise + haude), korgistarteri komplektiga, 2x formicariumipadjaga, 10ml mesimaguseguga ja purgiga meie spetsiaalset kriketimoosi 25g (niiske valk).<\/strong><\/span><\/p>\n<p><span data-text-color=\"alert\"><strong>Ainult niikaua, kuni varusid j\u00e4tkub.<\/strong><\/span><\/p>\n<p><strong>K\u00f5ik, mida vajate Camponotus nicobarensis sipelgakoloonia jaoks<\/strong><br \/>\nSee komplekt sisaldab k\u00f5ike, mida vajate Camponotus nicobarensis'e koloonia edukaks \u00fclalpidamiseks esimestel kuudel. See on paindlikult laiendatav ja sobib selges\u00f5naliselt algajale sipelgate pidajale.<\/p>\n<p><strong>Sipelgaliik Camponotus nicobarensis<\/strong><br \/>\nCamponotus nicobarensis on perekonna Camponotus suhteliselt suur liik ja erinevalt teistest Camponotuse liikidest areneb ta \u00fcsna kiiresti. Seet\u00f5ttu sobib see v\u00e4ga h\u00e4sti sipelgate pidamise algajatele. Lisaks ei vaja talveunne ja seet\u00f5ttu saab seda talvel kodus h\u00f5lpsasti j\u00e4lgida. Looduses elab ta muu hulgas Kagu-Aasia poolk\u00f5rbetes ja steppides, aga ka niiskemates piirkondades. T\u00e4nu oma v\u00e4ga suurele levikualale on ta temperatuuri ja niiskuse suhtes tolerantne.<\/p>\n<p><strong>Camponotus nicobarensis'i toit<\/strong><br \/>\nCamponotus nicobarensis toitub meevee ja v\u00e4ikeste elusate v\u00f5i surnud putukatega, kuid ka viljad v\u00f5etakse meeleldi vastu. Meie valgup\u00f5hist asendustoitu v\u00f5ib anda ka alternatiivina putukatele. Siiski on koloonia arenguks paremad \"v\u00e4rsked\" valgud, nagu meie Cricket Jam. Samuti tuleks pakkuda v\u00e4rsket vett.<\/p>\n<p><strong>Camponotus nicobarensis'e formikarium<\/strong><br \/>\nCamponotus nicobarensis't on k\u00f5ige parem hoida meie Starter Sets L'is koos korgist pesakinnitusega. Loomad elavad looduses, tavaliselt m\u00e4danenud puidus, kuid kasutavad oma pesa ehitamiseks hea meelega mis tahes looduslikke \u00f5\u00f5nsusi. Meie korgist pesa sisestused sobivad k\u00f5ige paremini formikaariumis hoidmiseks, kuna need on sarnased m\u00e4danenud puidu omadega.<\/p>\n<p><strong>Sisu:<\/strong><br \/>\n1x Camponotus nicobarensis (kuninganna + 5-10 t\u00f6\u00f6list + haude)<\/p>\n<div>1x kriketimoos 25g<\/div>\n<div>1x Honeydew Mix (HT) - j\u00e4relpakend 10ml<\/div>\n<div>1x formikaariumi alus - 20x20cm<\/div>\n<div>1x formikaariumi alus - 20x6cm<\/div>\n<div><\/div>\n<div>1x ANTCUBE - Arena 20x20x10 - lame<\/div>\n<div>1x sipelgate areeni raam 20\u00d720<\/div>\n<div>1x sipelgaplatsi kate 20\u00d720<\/div>\n<div>4x kinnituspunkt areeni katte jaoks<\/div>\n<div>1x ANTCUBE - Sipelgafarm - L - 20\u00d720 - p\u00fcstine<\/div>\n<div><\/div>\n<div>1x ANTCUBE - korgipesa 20\u00d720 - p\u00fcstiseisev<\/div>\n<div>1x 0,5m voolik l\u00e4bipaistev 20\/16 mm<\/div>\n<div>1x ANTCUBE - punane foolium 20\u00d720 - filter<\/div>\n<div>1x kleepsud - l\u00e4bipaistvad 2 tk.<\/div>\n<div>1x substraat - liiv-savi bee\u017e - 1000g<\/div>\n<div><\/div>\n<div>2x Grid insert acrylic &#8211; 50 mm with sealing ring<\/div>\n<div>1x Grid insert acrylic &#8211; 27 mm with sealing ring<\/div>\n<div>1x v\u00f5rega kaetud kork - 16mm - roostevaba teras<\/div>\n<div><\/div>\n<div>1x mahuti voolikuliitmik 27-14,16,20 mm - l\u00e4bipaistev<\/div>\n<div>1x Foil thermometer &#8211; farm<\/div>\n<div>1x Foil thermometer Display<\/div>\n<div>1x drinking clear 5ml &#8211; sponge<\/div>\n<div>1x Feeding dish white rectangle &#8211; 3 compartments<\/div>\n<div>1x Drinking trough 2ml &#8211; 360 Degrees<\/div>\n<div>1x sipelgapesu\u00f5li 10ml<\/div>\n<div>1x Pintsetid vedrusterasest - lai - pehme<\/div>\n<div>1x Pintsetid plastikust l\u00e4bipaistvad<\/div>\n<div>1x plastpipett 3ml<\/div>\n<div>1x k\u00e4sil\u00e4\u00e4tse - 2x - 30mm<\/div>\n<div>1x vahtplasti klaasipuhasti 150x18x2,5mm<\/div>\n<p><strong>Kirjeldus Stardikomplekt:<\/strong><br \/>\nSee korgist stardikomplekt, millel on kokkupandavad koridorid ja kambrid, sobib erinevatele sipelgaliikidele, eriti (surnud) puidus pesitsevatele liikidele.<\/p>\n<p>\"ANTCUBE - korgipesa\" saab sisestada t\u00e4iesti l\u00e4bipaistvasse farmi. Alternatiivina v\u00f5ite kasutada ka \"Sand-clay bee\u017e\" substraati, et t\u00e4ita farmi v\u00f5i sulgeda m\u00f5ned korgipesa kambritest. Vajaduse korral saab kaanes olevate 50 mm aukude kaudu \u00fchendada lisamooduleid, nt eraldi saadaval olevad udukogujad, ventilaatorid v\u00f5i valgustid. Alternatiivselt kuuluvad tarnimisse sobivad v\u00f5rede sisestused ja formicarium-tulbad avade sulgemiseks. Soovi korral saab formikaariumi kasutada ka avatud kujul, asetades lihtsalt eemaldatava raami \u00fclesse ja kandes selle servale sipelgapesukaitse\u00f5li.<\/p>\n<p><strong>Oluline:<\/strong> Palun niisutage substraati enne kasutamist, et segu saaks sipelgap\u00f5llul siduda ja tugevalt kinni pidada. Lisaks sellele, kui substraat on liiga kuiv ja tolmune, v\u00f5ivad sipelgate hingamisteed ummistuda ja halvimal juhul v\u00f5ivad loomad l\u00e4mbuda.<\/p>\n<p><strong>Soovitus:<\/strong> Soovitame 2 mm k\u00f5rguse substraatkihi, et loomad ei saaks areenile kaevuda, vaid kasutaksid selleks ette n\u00e4htud talu.<\/p>\n<p><strong>M\u00e4rkused klaasi tootmise kohta<\/strong><br \/>\nKlaas l\u00f5igatakse m\u00f5\u00f5tu vastavalt standardile DIN 1249, lubatud h\u00e4lve on +\/- 1 mm. V\u00e4ga v\u00e4ikeste sipelgaliikide puhul on oluline t\u00e4iendav v\u00e4lja murdumiskaitse.<\/p>\n<p><strong>M\u00e4rkused talu kohta<\/strong><br \/>\nPesa tuleks kasutada ainult kuivas formikaariumis. Kui pesa hoitakse pidevalt niiskena, v\u00f5ib materjal hallitama hakata.<\/p>\n<p><strong>Voolikute kinnitamisel v\u00f5i eemaldamisel v\u00f5tke arvesse j\u00e4rgmist:<\/strong><br \/>\nKui toru on v\u00e4ga raske \u00fchendusmuhvile sobitada, tuleb muhvi kergelt h\u00f5\u00f5ruda tilga meie l\u00f5hkumisvastase \u00f5li v\u00f5i pulbriga. Seej\u00e4rel tuleks voolik l\u00fckata muhvile keerates v\u00f5i kruvides, ilma muhvi \u00fcles- ja allapoole liigutustega pinguldamata. Sama kehtib ka voolikute eemaldamisel p\u00f5llumajandusettev\u00f5tte \u00fchendusmuhvist. \u00c4rge t\u00f5mmake seda lihtsalt maha!<\/p>\n<p><strong>Juhised: <\/strong>(Versioon 2023, uuendatud versioon 2024. aastaks on saadaval hiljemalt 04\/2024)<br \/>\n<span data-sheets-root=\"1\" data-sheets-value=\"{&quot;1&quot;:2,&quot;2&quot;:&quot;DE Gebrauchsanweisung Starter Set Kork (PDF 3,80 MB)&quot;}\" data-sheets-userformat=\"{&quot;2&quot;:513,&quot;3&quot;:{&quot;1&quot;:0},&quot;12&quot;:0}\" data-sheets-hyperlink=\"https:\/\/www.antstore.net\/shop\/images\/info\/de\/Gebrauchsanweisung Starter Set Kork.pdf\" data-sheets-hyperlinkruns=\"{&quot;1&quot;:3,&quot;2&quot;:&quot;https:\/\/www.antstore.net\/shop\/images\/info\/de\/Gebrauchsanweisung Starter Set Kork.pdf&quot;}\uee10{&quot;1&quot;:38}\"><a class=\"in-cell-link\" href=\"https:\/\/www.antstore.net\/shop\/images\/info\/de\/Gebrauchsanweisung Starter Set Kork.pdf\" target=\"_blank\" rel=\"noopener\">- DE <\/a><a class=\"in-cell-link\" href=\"https:\/\/www.antstore.net\/shop\/images\/info\/de\/Gebrauchsanweisung Starter Set Kork.pdf\" target=\"_blank\" rel=\"noopener\">Gebrauchsanweisung Starter Set Kork<\/a><a class=\"in-cell-link\" href=\"https:\/\/www.antstore.net\/shop\/images\/info\/de\/Gebrauchsanweisung Starter Set Kork.pdf\" target=\"_blank\" rel=\"noopener\"> (PDF 3,80 MB)<\/a><\/span><br \/>\n<a href=\"https:\/\/www.antstore.net\/shop\/images\/info\/en\/Instructions%20for%20use%20-%20Starter%20Set%20Cork.pdf\">- ET Kasutusjuhend - Starter Set Cork (PDF 3,79 MB)<\/a><br \/>\n<a href=\"https:\/\/www.antstore.net\/shop\/images\/info\/es\/Manual%20de%20instrucciones%20-%20Set%20de%20inicio%20de%20corcho.pdf\">- ES Manual de instrucciones - Set de inicio de corcho (PDF 3,79 MB)<\/a><br \/>\n<a href=\"https:\/\/www.antstore.net\/shop\/images\/info\/fr\/Manuel%20d'instruction%20-%20Kit%20de%20d%C3%A9marrage%20en%20li%C3%A8ge.pdf\">- FR Manuel d'instruction - Kit de d\u00e9marrage en li\u00e8ge (PDF 3,79 MB)<\/a><\/p>\n<p><strong>M\u00e4rkused kriketimoosi kohta:<\/strong><br \/>\nMeie blan\u0161eeritud s\u00e4rge on lihtne viis pakkuda sipelgatele v\u00e4rskelt konserveeritud valgurikast toitu, ilma et oleks vaja toita elavaid putukaid. Sisalduvaid s\u00e4rge (Acheta domesticus) on \u00f5rnalt blan\u0161eeritud, et tagada toitev\u00e4\u00e4rtuste, maitse ja aroomi s\u00e4ilimine. Lisaks on putukate kitiinne kest sel viisil pehmendatud, et see oleks kergemini seeditav. Kollageenvalkude sidemed on l\u00f5hutud, et sipelgad saaksid neid paremini kasutada. Konserveeritud Acheta domesticus on sama toitev\u00e4\u00e4rtusega kui elusad sirkad, kuid on kergemini seeditav.<\/p>\n<p>Cricket Jam ei sobi elusat toitu n\u00f5udvate sipelgaliikide (nt poneriinid (suured sipelgad) nagu Harpegnathos v\u00f5i Odontomachus) k\u00fcttimiseks.<\/p>\n<p><strong>T\u00e4iendavad eelised:<\/strong><br \/>\nGaranteeritult lestavaba<br \/>\nV\u00f5ib doseerida ja veega lahjendada<br \/>\nSteriliseeritud ja vaakumpakendatud<br \/>\nIlma lisaaineteta<br \/>\nPuhtalt mahep\u00f5llumajanduslikust kasvatusest p\u00e4rit ja orgaaniliste j\u00e4\u00e4tmetega toidetud kriketid.<\/p>\n<p><strong>M\u00e4rkus:<\/strong><br \/>\nS\u00e4ilib k\u00fclmikus umbes neli p\u00e4eva p\u00e4rast avamist. K\u00fclmutatuna s\u00e4ilivusaeg on pikem.<br \/>\n<strong>T\u00e4helepanu:<\/strong> K\u00f5igepealt portsjon, seej\u00e4rel k\u00fclmutage.<\/p>\n<p><strong>M\u00e4rkus mesirohu kohta:<\/strong><br \/>\nSisu: 10 ml<br \/>\nSee on looduslik toode, mida oleme p\u00e4rast p\u00f5hjalikke katseid oma laboris t\u00e4iustanud ja arendanud sipelgate poolt v\u00e4ga h\u00e4sti vastuv\u00f5etavaks toiduks. P\u00f5hjus on selles, et t\u00f6\u00f6tlemata mesimett oma kontsentreeritud algsel kujul ei v\u00f5ta sipelgad ja nende ainevahetus h\u00e4sti vastu.<br \/>\nMeie mesi on kogutud Bulgaaria saastamata metsikutest m\u00e4gimetsadest. Mesimarja toodetakse ainult v\u00e4ga piiratud aja jooksul, umbes kaks kuud suvel. Seet\u00f5ttu on see v\u00e4ga haruldane. Metsade eriliste mullaomaduste ja kliima t\u00f5ttu talletatakse puude lehtedes olulisi toitaineid, mida mesilased imavad endasse. See teebki selle mesimagusegu sipelgate jaoks nii ihaldusv\u00e4\u00e4rseks.<\/p>\n<p><strong>Taotlus:<\/strong><br \/>\nToidukogus tuleks tarbida umbes 3 p\u00e4eva jooksul.<\/p>\n<p><strong>Kirjeldus:<\/strong><br \/>\nMesimett saadakse erinevalt lillemeest taimi imevate putukate, n\u00e4iteks kirvade, eritistest. Mesimesi on populaarne toiduallikas paljudele putukatele, nagu sipelgad, mesilased ja kimalased. Mesilased ja kimalased lakuvad seda erinevate puude lehtedelt v\u00f5i n\u00f5eltelt. Sipelgad, n\u00e4iteks Lasius niger, hoiavad s\u00f5na otseses m\u00f5ttes \u00e4ra mesirohtu. Nad kaitsevad neid isegi r\u00f6\u00f6vloomade eest ja kannavad neid v\u00e4rsketele v\u00f5rsetele.<\/p>\n<p>Mesimagus on sipelgate seas eriti populaarne oma m\u00f5nev\u00f5rra teistsuguste komponentide t\u00f5ttu. Peamised suhkrud mesimagus on sahharoos ja fruktoos, kuid v\u00e4iksemas koguses leidub ka maltoosi, trehaloosi, melesitoosi, rafinoosi ja muid oligosahhariide. Lisaks suhkrule ja veele sisaldab mesimesi ka olulisi aminohappeid, mineraalaineid, mikroelemente, adenosiine, fosfaate ja muid koostisosi, n\u00e4iteks vitamiine.<\/p>\n<p><strong>Kasutage:<\/strong><br \/>\nMees\u00f6\u00f6jate sipelgaliikide (Meliphagidae) puhul.<br \/>\nSee on t\u00e4iendav s\u00f6\u00f6t<br \/>\nSeda v\u00f5ib pakkuda loomadele tarnitud kujul. Kuna niiskuse t\u00f5ttu v\u00e4heneb suhkrusisaldus ja algab k\u00e4\u00e4rimisprotsess, tuleb toit iga 3 p\u00e4eva j\u00e4rel asendada. Enne taaskasutamist puhastage s\u00f6\u00f6dakaussi\/toru p\u00f5hjalikult.<br \/>\nP\u00e4rast avamist tuleb pakendit hoida tihedalt suletuna kuni k\u00f5lblikkusaja l\u00f5puni.<\/p>\n<p><strong>Toitumisalane teave 100 g kohta:<\/strong><br \/>\numbes 2,7 % rasvad<br \/>\nmillest k\u00fcllastunud umbes 0,45 %<br \/>\numbes 95 % s\u00fcsivesikuid<br \/>\nmillest suhkur umbes 71<br \/>\numbes 2,85% valku<br \/>\nMineraalained (kaalium, kaltsium, vask, raud, naatrium, magneesium, fosfor, tsink ja muud mikroelemendid). Aminohapped (proliin, leutsiin, fen\u00fc\u00fclalaniin, alaniin, histidiin, isoleutsiin, glutamiinhape, arginiin, asparagiinhape jne) Orgaanilised happed Ens\u00fc\u00fcmid (fermente)Aroomid Inhibiinid (antibakteriaalsed ained) \u00d5ietolm \u00d5ietolm.<\/p>\n<p><strong>Ladustamine:<\/strong><br \/>\nS\u00f6\u00f6da kvaliteedi tagamiseks tuleb s\u00f6\u00f6ta hoida pimedas ja kuivas kohas.<\/p>\n<p><strong>M\u00e4rkus:<\/strong><br \/>\nT\u00e4iendav s\u00f6\u00f6t mett s\u00f6\u00f6vate sipelgate jaoks.<br \/>\nKoostise, anal\u00fc\u00fctiliste koostisosade, s\u00e4ilimisaja ja partii numbri leiate pakendi infolehelt.<\/p>\n<p>Infotelefon +49 30 439703870<\/p>\n<p>Vastutav veterinaar- ja toiduinspektsioon:<br \/>\nSteglitzi veterinaarkabinet<br \/>\nK\u00f6nigin-Luise-Str. 92<br \/>\n14195 Berliin<\/p>","protected":false},"excerpt":{"rendered":"<p>Komplekt koosneb 33 osast<br \/>\nSuurus: <span style=\"color: #0000ff;\"><strong>L<\/strong><\/span><\/p>","protected":false},"featured_media":7121,"comment_status":"open","ping_status":"closed","template":"","meta":{"_acf_changed":false,"content-type":"","_monsterinsights_skip_tracking":false,"_monsterinsights_sitenote_active":false,"_monsterinsights_sitenote_note":"","_monsterinsights_sitenote_category":0},"product_brand":[],"product_cat":[355,73,76,89],"product_tag":[],"class_list":{"0":"post-4626","1":"product","2":"type-product","3":"status-publish","4":"has-post-thumbnail","6":"product_cat-bundle-offers","7":"product_cat-starter-sets","8":"product_cat-starter-sets-cork","9":"product_cat-cork","11":"first","12":"instock","13":"taxable","14":"shipping-taxable","15":"purchasable","16":"product-type-simple"},"acf":[],"aioseo_notices":[],"jetpack_sharing_enabled":true,"_links":{"self":[{"href":"https:\/\/antcube.shop\/et\/wp-json\/wp\/v2\/product\/4626","targetHints":{"allow":["GET"]}}],"collection":[{"href":"https:\/\/antcube.shop\/et\/wp-json\/wp\/v2\/product"}],"about":[{"href":"https:\/\/antcube.shop\/et\/wp-json\/wp\/v2\/types\/product"}],"replies":[{"embeddable":true,"href":"https:\/\/antcube.shop\/et\/wp-json\/wp\/v2\/comments?post=4626"}],"wp:featuredmedia":[{"embeddable":true,"href":"https:\/\/antcube.shop\/et\/wp-json\/wp\/v2\/media\/7121"}],"wp:attachment":[{"href":"https:\/\/antcube.shop\/et\/wp-json\/wp\/v2\/media?parent=4626"}],"wp:term":[{"taxonomy":"product_brand","embeddable":true,"href":"https:\/\/antcube.shop\/et\/wp-json\/wp\/v2\/product_brand?post=4626"},{"taxonomy":"product_cat","embeddable":true,"href":"https:\/\/antcube.shop\/et\/wp-json\/wp\/v2\/product_cat?post=4626"},{"taxonomy":"product_tag","embeddable":true,"href":"https:\/\/antcube.shop\/et\/wp-json\/wp\/v2\/product_tag?post=4626"}],"curies":[{"name":"wp","href":"https:\/\/api.w.org\/{rel}","templated":true}]}}