{"id":4625,"date":"2022-11-14T14:21:09","date_gmt":"2022-11-14T13:21:09","guid":{"rendered":"https:\/\/antcube.shop\/produkt\/acrylglas-xt-rohr-50-46mm-1m\/"},"modified":"2026-03-26T18:04:53","modified_gmt":"2026-03-26T17:04:53","slug":"acrylglas-xt-rohr-50-46mm-1m","status":"publish","type":"product","link":"https:\/\/antcube.shop\/et\/toode\/acrylglas-xt-rohr-50-46mm-1m\/","title":{"rendered":"Ant pipe - kristallselge - 50mm - 1m"},"content":{"rendered":"<p><strong>M\u00f5\u00f5tmed:<\/strong> v\u00e4lisl\u00e4bim\u00f5\u00f5t 50 mm, pikkus: 1m<\/p>\n<p><strong>Materjal:<\/strong> akr\u00fc\u00fclklaas<\/p>\n<p><strong>V\u00e4rv:<\/strong> l\u00e4bipaistev, selge<\/p>\n<p><strong>Kirjeldus:<\/strong> Saab \u00fchendada formikaariumiga adapterite abil v\u00f5i \u00fchendada mitu formikaariumi omavahel.<\/p>\n<p><strong>M\u00e4rkus:<\/strong> Pakendamise eesm\u00e4rgil v\u00f5ib 1 meetri pikkused torud l\u00f5igata pooleks ja tellida soovi korral koos sobiva torut\u00fckiga. Kui soovite, et torud oleksid igal juhul tarnitud 1 meetri pikkuste torudena, tuleb see valida lisana.<\/p>","protected":false},"excerpt":{"rendered":"<p>M\u00f5\u00f5tmed: v\u00e4lisl\u00e4bim\u00f5\u00f5t 50 mm, pikkus: 1m Materjal: akr\u00fc\u00fclklaas V\u00e4rv: l\u00e4bipaistev, l\u00e4bipaistev Kirjeldus: Saab \u00fchendada formikaariumiga adapterite abil v\u00f5i \u00fchendada mitu formikaariumi omavahel. M\u00e4rkus: Pakendamise eesm\u00e4rgil saab 1 meetri pikkused torud poolitada ja soovi korral tellida koos sobiva torut\u00fckiga. Kui soovite, et","protected":false},"featured_media":5122,"comment_status":"open","ping_status":"closed","template":"","meta":{"_acf_changed":false,"content-type":"","_monsterinsights_skip_tracking":false,"_monsterinsights_sitenote_active":false,"_monsterinsights_sitenote_note":"","_monsterinsights_sitenote_category":0},"product_brand":[],"product_cat":[119,120],"product_tag":[],"class_list":{"0":"post-4625","1":"product","2":"type-product","3":"status-publish","4":"has-post-thumbnail","6":"product_cat-formicarium-components","7":"product_cat-hoses","9":"first","10":"instock","11":"taxable","12":"shipping-taxable","13":"purchasable","14":"product-type-simple"},"acf":[],"aioseo_notices":[],"jetpack_sharing_enabled":true,"_links":{"self":[{"href":"https:\/\/antcube.shop\/et\/wp-json\/wp\/v2\/product\/4625","targetHints":{"allow":["GET"]}}],"collection":[{"href":"https:\/\/antcube.shop\/et\/wp-json\/wp\/v2\/product"}],"about":[{"href":"https:\/\/antcube.shop\/et\/wp-json\/wp\/v2\/types\/product"}],"replies":[{"embeddable":true,"href":"https:\/\/antcube.shop\/et\/wp-json\/wp\/v2\/comments?post=4625"}],"wp:featuredmedia":[{"embeddable":true,"href":"https:\/\/antcube.shop\/et\/wp-json\/wp\/v2\/media\/5122"}],"wp:attachment":[{"href":"https:\/\/antcube.shop\/et\/wp-json\/wp\/v2\/media?parent=4625"}],"wp:term":[{"taxonomy":"product_brand","embeddable":true,"href":"https:\/\/antcube.shop\/et\/wp-json\/wp\/v2\/product_brand?post=4625"},{"taxonomy":"product_cat","embeddable":true,"href":"https:\/\/antcube.shop\/et\/wp-json\/wp\/v2\/product_cat?post=4625"},{"taxonomy":"product_tag","embeddable":true,"href":"https:\/\/antcube.shop\/et\/wp-json\/wp\/v2\/product_tag?post=4625"}],"curies":[{"name":"wp","href":"https:\/\/api.w.org\/{rel}","templated":true}]}}