{"id":4614,"date":"2022-11-01T18:09:43","date_gmt":"2022-11-01T17:09:43","guid":{"rendered":"https:\/\/antcube.shop\/produkt\/formicarienunterlage-40x20cm\/"},"modified":"2026-04-05T19:45:30","modified_gmt":"2026-04-05T17:45:30","slug":"formicarienunterlage-40x20cm","status":"publish","type":"product","link":"https:\/\/antcube.shop\/et\/toode\/formicarienunterlage-40x20cm\/","title":{"rendered":"Formicarium pad - 40x20cm"},"content":{"rendered":"<p><strong>M\u00f5\u00f5tmed:<\/strong> 400 x 200 x 4mm<\/p>\n<p><strong>Materjal:<\/strong> PE-vaht<\/p>\n<p><strong>V\u00e4rv:<\/strong> hall<\/p>\n<p><strong>Sisu: <\/strong>1 tk.<\/p>\n<p><strong>Kirjeldus:<\/strong><br \/>\nVormikarp on valmistatud pehmest vahtmaterjalist.<br \/>\nSee kaitseb nii formikaariumi kui ka m\u00f6\u00f6blit, millel formikaarium seisab, kriimustuste eest.<br \/>\nLisaks sellele toimib polster soojusisolatsioonina, mis kompenseerib v\u00e4ikseimatki ebatasasust ja kaitseb ka vibratsioonide eest.<\/p>","protected":false},"excerpt":{"rendered":"<p>M\u00f5\u00f5tmed: Materjal: 390 x 60 x 4mm: Materjal: PE vaht V\u00e4rv: hall Sisu: Materjal: PE vaht: 1 tk. Kirjeldus: Vormikarp on valmistatud pehmest vahtmaterjalist. See kaitseb nii formikaariumi kui ka m\u00f6\u00f6blit, millel formikaarium seisab, kriimustuste eest. Lisaks toimib padjand soojusisolatsioonina, et kompenseerida","protected":false},"featured_media":5125,"comment_status":"open","ping_status":"closed","template":"","meta":{"_acf_changed":false,"content-type":"","_monsterinsights_skip_tracking":false,"_monsterinsights_sitenote_active":false,"_monsterinsights_sitenote_note":"","_monsterinsights_sitenote_category":0},"product_brand":[],"product_cat":[239],"product_tag":[],"class_list":{"0":"post-4614","1":"product","2":"type-product","3":"status-publish","4":"has-post-thumbnail","6":"product_cat-useful-additions","8":"first","9":"instock","10":"taxable","11":"shipping-taxable","12":"purchasable","13":"product-type-simple"},"acf":[],"aioseo_notices":[],"jetpack_sharing_enabled":true,"_links":{"self":[{"href":"https:\/\/antcube.shop\/et\/wp-json\/wp\/v2\/product\/4614","targetHints":{"allow":["GET"]}}],"collection":[{"href":"https:\/\/antcube.shop\/et\/wp-json\/wp\/v2\/product"}],"about":[{"href":"https:\/\/antcube.shop\/et\/wp-json\/wp\/v2\/types\/product"}],"replies":[{"embeddable":true,"href":"https:\/\/antcube.shop\/et\/wp-json\/wp\/v2\/comments?post=4614"}],"wp:featuredmedia":[{"embeddable":true,"href":"https:\/\/antcube.shop\/et\/wp-json\/wp\/v2\/media\/5125"}],"wp:attachment":[{"href":"https:\/\/antcube.shop\/et\/wp-json\/wp\/v2\/media?parent=4614"}],"wp:term":[{"taxonomy":"product_brand","embeddable":true,"href":"https:\/\/antcube.shop\/et\/wp-json\/wp\/v2\/product_brand?post=4614"},{"taxonomy":"product_cat","embeddable":true,"href":"https:\/\/antcube.shop\/et\/wp-json\/wp\/v2\/product_cat?post=4614"},{"taxonomy":"product_tag","embeddable":true,"href":"https:\/\/antcube.shop\/et\/wp-json\/wp\/v2\/product_tag?post=4614"}],"curies":[{"name":"wp","href":"https:\/\/api.w.org\/{rel}","templated":true}]}}