{"id":4613,"date":"2022-11-01T18:09:28","date_gmt":"2022-11-01T17:09:28","guid":{"rendered":"https:\/\/antcube.shop\/produkt\/antcube-starter-set-vivarium-30x30x30-cube\/"},"modified":"2026-04-01T11:20:15","modified_gmt":"2026-04-01T09:20:15","slug":"plantcube-vivaarium-20x20x20-biom","status":"publish","type":"product","link":"https:\/\/antcube.shop\/et\/toode\/plantcube-vivaarium-20x20x20-biom\/","title":{"rendered":"PLANTCUBE - Vivarium 20x20x20 Biom"},"content":{"rendered":"<p><b>Sisu:<\/b><b><br \/>\n<\/b><span style=\"font-weight: 400;\">1x PLANTCUBE Vivarium 20x20x20 Biom<\/span><span style=\"font-weight: 400;\"><br \/>\n<\/span><span style=\"font-weight: 400;\">2x torgid 10mm augu jaoks<\/span><\/p>\n<p><span style=\"font-weight: 400;\">Klaasist kuubik 20x20x20cm, 2x k\u00fcljel 27mm auguga ja 2x k\u00fcljel 10mm auguga.<\/span><span style=\"font-weight: 400;\"><br \/>\n<\/span><span style=\"font-weight: 400;\">27mm auk (keskpunkt) on 8,5cm k\u00f5rgusel.\u00a0<\/span><\/p>\n<p><b>M\u00f5\u00f5tmed:<\/b><span style=\"font-weight: 400;\"> 200 x 200 x 200mm; 4mm klaasi paksus<\/span><\/p>\n<p><b>Materjal:<\/b><span style=\"font-weight: 400;\"> valuklaas<\/span><\/p>\n<p><b>K\u00fclgmised avad:<\/b><b><br \/>\n<\/b><span style=\"font-weight: 400;\">2x auk 27mm<\/span><span style=\"font-weight: 400;\"><br \/>\n<\/span><span style=\"font-weight: 400;\">2x auk 10mm<\/span><\/p>\n<p><span style=\"font-weight: 400;\">Meie PLANTCUBE Vivariumi abil saate kujundada oma elutuppa oma elava kunstiteose. PLANTCUBE'is saab pidada ka v\u00e4ikseid loomi, nii et teie loovusele ei ole piire seatud.<\/span><\/p>\n<p><span style=\"font-weight: 400;\">Kui soovite rohkem teavet PLANTCUBE'i kohta v\u00f5i lugeda meie samm-sammult juhendit oma vivaariumi seadistamiseks, k\u00fclastage j\u00e4rgmist linki: <a href=\"http:\/\/antcube.shop\/PLANTCUBE\">antcube.shop\/PLANTCUBE<\/a><\/span><\/p>\n<p><b>Kohandage oma PLANTCUBE oma v\u00f5i oma taimede ja loomade vajaduste j\u00e4rgi:<\/b><\/p>\n<p><span style=\"font-weight: 400;\">Kaks 10 mm auku k\u00fcljel, mis asuvad 2 cm k\u00f5rgusel (keskel) p\u00f5hjast, on m\u00f5eldud liigse vee \u00e4rajuhtimiseks. Vee \u00e4rajuhtimiseks v\u00f5ite kasutada n\u00e4iteks meie l\u00e4bipaistvat voolikut 10\/06mm. Kaks 27mm auku saab kas sulgeda pistikutega v\u00f5i kasutada neid t\u00e4iendava ventilatsioonina, kui need on varustatud v\u00f5rega. Siin v\u00f5ib isegi \u00fchendada kaks komplekti akr\u00fc\u00fcltoru kaudu. Nii saavad loomad, kui te hoiate oma vivaariumis loomi, vabalt \u00fchest seadeldisest teise liikuda.<\/span><\/p>\n<p><b>Kuidas muuta oma PLANTCUBE bioaktiivseks \u00f6kos\u00fcsteemiks?:<\/b><\/p>\n<p><b>Looge drenaa\u017eikiht:<\/b><\/p>\n<p><span style=\"font-weight: 400;\">Taimede toetamiseks peaksite oma vivaariumisse k\u00f5igepealt rajama drenaa\u017eikihi. Soovitame kasutada 2-3 cm savikrohvi (4-8 mm), kuna need on kerged. Peske neid kindlasti jooksva vee all, enne kui panete neid sisse, et eemaldada tolm.\u00a0<\/span><\/p>\n<p><span style=\"font-weight: 400;\">Drenaa\u017eivaiba v\u00f5ib asetada savikrohvi peale, et eraldada drenaa\u017e substraadist.<\/span><\/p>\n<p><b>Milliseid taimi ja mulda kasutada:<\/b><\/p>\n<p><span style=\"font-weight: 400;\">See k\u00f5ik s\u00f5ltub sellest, millist \"\u00f6kos\u00fcsteemi\" soovite luua. Kui soovite ehitada k\u00f5rbe v\u00f5i pigem kuiva vivaariumi, siis vajate taimi, mis selles kliimas \u00f5itsevad, ja kasutage sobivat mulda, milles neile meeldib kasvada. Troopiliste vivaariumide puhul on see muidugi sama. P\u00fc\u00fcdke kasutada sarnastest piirkondadest ja\/v\u00f5i kliimast p\u00e4rit taimi, et nad k\u00f5ik saaksid samasuguses pinnases ja kliimas h\u00e4sti hakkama. Heal taimepoel peaks alati olema teave nende poolt m\u00fc\u00fcdavate taimede sobiva kliima ja pinnase kohta.<\/span><\/p>\n<p><b>Oluline:<\/b><span style=\"font-weight: 400;\"> Kui soovite taimi ja loomi koos hoida, ei tohiks kunagi kasutada taimi, mille puhul te ei tea, kas need on kokku puutunud v\u00e4etiste v\u00f5i pestitsiididega. Kasutage ainult selliseid taimi terraariumipoodidest vms, mis on garanteeritult t\u00e4iesti pestitsiidide ja v\u00e4etiste vabad. Need v\u00f5ivad muidu p\u00f5hjustada teie loomade surma.<\/span><\/p>\n<p><b>V\u00f5tke kasutusele \"Clean up crew\", et muuta oma Vivarium bioaktiivseks.<\/b><\/p>\n<p><b>Mis on bioaktiivne? <\/b><span style=\"font-weight: 400;\">Mis on bioaktiivne? See on k\u00f5ige l\u00e4hemal isemajandavale seadeldisele. K\u00f5ik seisneb selles, et lisada sobiv mullasegu ja orgaaniline materjal mikrofloora moodustumiseks ning vajalik mikrofauna, et luua oma vivaariumis toitainete ts\u00fckkel.<\/span><\/p>\n<p><span style=\"font-weight: 400;\">Meie n\u00f5uanne: lisage alati v\u00e4ikesi olendeid, nagu kevadsabad ja isopoodid. Need ei ole mitte ainult hea \"l\u00f5putu\" toiduallikas ise, kui soovite oma vivaariumis hoida ka teisi loomi. Nad toituvad eelk\u00f5ige hallitustest, mis v\u00f5ivad suure niiskuse t\u00f5ttu tekkida, ja rikastavad mulda toitainetega, mis omakorda v\u00f5imaldavad taimedel tervislikult kasvada.<\/span><\/p>\n<p><span style=\"font-weight: 400;\">Lisage mullale veidi kivis\u00fctt, mis aitab mikroobidel seda koloniseerida. Sammal ja korkkoor v\u00f5i valge m\u00e4danenud puit lisaks leheprahile ei n\u00e4e teie seadeldises mitte ainult loomulikuna v\u00e4lja, vaid toidavad ka teie \"koristustruppi\", pakuvad neile peidupaiku ja kasvukohti ning neid on lihtne lagundada toitaineteks teie taimede jaoks.<\/span><\/p>\n<p><b>Looduses on k\u00f5ik seotud tasakaaluga<\/b><\/p>\n<p><span style=\"font-weight: 400;\">Siiski ei ole soovitatav kasutada teatud isopoodide liike, lisamata neile midagi, mis neid k\u00fcttivad, sest isopoodide populatsioon ilma r\u00f6\u00f6vloomadeta, n\u00e4iteks sipelgadeta, armastab kontrolli alt v\u00e4ljuda ja teie vivaariumis olevad taimed muutuvad siis kiiresti soovimatuks toiduallikaks. Looduses on k\u00f5ik seotud tasakaaluga.<\/span><\/p>\n<p><b>T\u00e4iendav teave:<\/b><\/p>\n<p><span style=\"font-weight: 400;\">Klaas on l\u00f5igatud vastavalt DIN 1249 standardile, tolerantsiga +\/- 1 mm. \u00c4\u00e4rmiselt v\u00e4ikeste sipelgaliikide puhul on oluline t\u00e4iendav l\u00e4bil\u00f6\u00f6gikaitse.<\/span><\/p>","protected":false},"excerpt":{"rendered":"<p>\u00dchendus: 2x puur 27 mm<br \/>\n2x puur 10 mm<\/p>","protected":false},"featured_media":12297,"comment_status":"open","ping_status":"closed","template":"","meta":{"_acf_changed":false,"content-type":"","_monsterinsights_skip_tracking":false,"_monsterinsights_sitenote_active":false,"_monsterinsights_sitenote_note":"","_monsterinsights_sitenote_category":0},"product_brand":[483],"product_cat":[341],"product_tag":[],"class_list":{"0":"post-4613","1":"product","2":"type-product","3":"status-publish","4":"has-post-thumbnail","6":"product_brand-plantcube","7":"product_cat-vivariums","9":"first","10":"instock","11":"taxable","12":"shipping-taxable","13":"purchasable","14":"product-type-simple"},"acf":[],"aioseo_notices":[],"jetpack_sharing_enabled":true,"_links":{"self":[{"href":"https:\/\/antcube.shop\/et\/wp-json\/wp\/v2\/product\/4613","targetHints":{"allow":["GET"]}}],"collection":[{"href":"https:\/\/antcube.shop\/et\/wp-json\/wp\/v2\/product"}],"about":[{"href":"https:\/\/antcube.shop\/et\/wp-json\/wp\/v2\/types\/product"}],"replies":[{"embeddable":true,"href":"https:\/\/antcube.shop\/et\/wp-json\/wp\/v2\/comments?post=4613"}],"wp:featuredmedia":[{"embeddable":true,"href":"https:\/\/antcube.shop\/et\/wp-json\/wp\/v2\/media\/12297"}],"wp:attachment":[{"href":"https:\/\/antcube.shop\/et\/wp-json\/wp\/v2\/media?parent=4613"}],"wp:term":[{"taxonomy":"product_brand","embeddable":true,"href":"https:\/\/antcube.shop\/et\/wp-json\/wp\/v2\/product_brand?post=4613"},{"taxonomy":"product_cat","embeddable":true,"href":"https:\/\/antcube.shop\/et\/wp-json\/wp\/v2\/product_cat?post=4613"},{"taxonomy":"product_tag","embeddable":true,"href":"https:\/\/antcube.shop\/et\/wp-json\/wp\/v2\/product_tag?post=4613"}],"curies":[{"name":"wp","href":"https:\/\/api.w.org\/{rel}","templated":true}]}}